{"id":711839,"date":"2025-08-27T16:49:57","date_gmt":"2025-08-27T13:49:57","guid":{"rendered":"https:\/\/roveyayinevi.com.tr\/index.php\/urun\/radarin-anahtari\/"},"modified":"2026-04-16T02:20:33","modified_gmt":"2026-04-15T23:20:33","slug":"radarin-anahtari","status":"publish","type":"product","link":"https:\/\/roveyayinevi.com.tr\/index.php\/urun\/radarin-anahtari\/","title":{"rendered":"Radar\u0131n Anahtar\u0131"},"content":{"rendered":"<p>\u201cMizah\u00e7\u0131 R\u0131fat Ilgaz, hayat\u0131na dokunan her \u015feye dokunmu\u015ftur yazd\u0131klar\u0131yla. Onun ya\u015fad\u0131klar\u0131, bir bak\u0131ma hepimizin ya\u015fad\u0131klar\u0131d\u0131r. Elli y\u0131la yakla\u015fan yaz\u0131 ser\u00fcveninde yerdi\u011fi \u00e7eli\u015fki ve \u00e7arp\u0131kl\u0131klar\u0131n bir b\u00f6l\u00fcm\u00fc ortadan kalkm\u0131\u015ft\u0131r ku\u015fkusuz; \u00e7\u00fcnk\u00fc insan toplumlar\u0131 s\u00fcrekli de\u011fi\u015fir ve geli\u015fir. Geli\u015fme baz\u0131 sorunlar\u0131 ortadan kald\u0131r\u0131r, baz\u0131 yeni sorunlar getirir. Yery\u00fcz\u00fcndeki amac\u0131m\u0131z hep daha iyiyi aramaksa, mizah\u0131n da bu aray\u0131\u015fta yeri ve pay\u0131 vard\u0131r.  Kimli\u011fimizi belki de en iyi g\u00fclerken ke\u015ffederiz. Kusursuz olmad\u0131\u011f\u0131m\u0131z\u0131 g\u00f6rmenin buruklu\u011funa kar\u015f\u0131l\u0131k, insanl\u0131\u011f\u0131m\u0131z\u0131n bilincine varmam\u0131z hi\u00e7 de k\u00f6t\u00fc bir al\u0131\u015fveri\u015f de\u011fildir. R\u0131fat Ilgaz gibi ender yazarlar, en karanl\u0131k anlar\u0131m\u0131zda bile bir g\u00fcl\u00fcmsemeyle ayd\u0131nlatabilirler i\u00e7imizi.\u02ee Sulhi D\u00f6lek <\/p>\n","protected":false},"excerpt":{"rendered":"<p>\u201cMizah\u00e7\u0131 R\u0131fat Ilgaz, hayat\u0131na dokunan her \u015feye dokunmu\u015ftur yazd\u0131klar\u0131yla. Onun ya\u015fad\u0131klar\u0131, bir bak\u0131ma hepimizin ya\u015fad\u0131klar\u0131d\u0131r. Elli y\u0131la yakla\u015fan yaz\u0131 ser\u00fcveninde yerdi\u011fi \u00e7eli\u015fki ve \u00e7arp\u0131kl\u0131klar\u0131n bir b\u00f6l\u00fcm\u00fc<span class=\"excerpt-hellip\"> [\u2026]<\/span><\/p>\n","protected":false},"featured_media":0,"template":"","meta":{"_monsterinsights_skip_tracking":false,"_monsterinsights_sitenote_active":false,"_monsterinsights_sitenote_note":"","_monsterinsights_sitenote_category":0},"product_brand":[],"product_cat":[12291,14825],"product_tag":[],"class_list":{"0":"post-711839","1":"product","2":"type-product","3":"status-publish","5":"product_cat-edebiyat","6":"product_cat-mizah","7":"pa_cilt-ciltsiz","8":"pa_tur-kitap","9":"pa_yayinevi-cinar-yayinlari","10":"pa_yazar-rifat-ilgaz","12":"first","13":"instock","14":"sale","15":"shipping-taxable","16":"purchasable","17":"product-type-simple"},"_links":{"self":[{"href":"https:\/\/roveyayinevi.com.tr\/index.php\/wp-json\/wp\/v2\/product\/711839","targetHints":{"allow":["GET"]}}],"collection":[{"href":"https:\/\/roveyayinevi.com.tr\/index.php\/wp-json\/wp\/v2\/product"}],"about":[{"href":"https:\/\/roveyayinevi.com.tr\/index.php\/wp-json\/wp\/v2\/types\/product"}],"wp:attachment":[{"href":"https:\/\/roveyayinevi.com.tr\/index.php\/wp-json\/wp\/v2\/media?parent=711839"}],"wp:term":[{"taxonomy":"product_brand","embeddable":true,"href":"https:\/\/roveyayinevi.com.tr\/index.php\/wp-json\/wp\/v2\/product_brand?post=711839"},{"taxonomy":"product_cat","embeddable":true,"href":"https:\/\/roveyayinevi.com.tr\/index.php\/wp-json\/wp\/v2\/product_cat?post=711839"},{"taxonomy":"product_tag","embeddable":true,"href":"https:\/\/roveyayinevi.com.tr\/index.php\/wp-json\/wp\/v2\/product_tag?post=711839"}],"curies":[{"name":"wp","href":"https:\/\/api.w.org\/{rel}","templated":true}]}}