{"id":711837,"date":"2025-08-27T16:49:55","date_gmt":"2025-08-27T13:49:55","guid":{"rendered":"https:\/\/roveyayinevi.com.tr\/index.php\/urun\/dunyanin-sonundayiz\/"},"modified":"2026-04-13T02:25:44","modified_gmt":"2026-04-12T23:25:44","slug":"dunyanin-sonundayiz","status":"publish","type":"product","link":"https:\/\/roveyayinevi.com.tr\/index.php\/urun\/dunyanin-sonundayiz\/","title":{"rendered":"D\u00fcnyan\u0131n Sonunday\u0131z"},"content":{"rendered":"<p>Bitmeyen \u015fiddetten ve radyoaktif kirlili\u011fin pen\u00e7esindeki d\u00fcnyadan ka\u00e7an se\u00e7kin bir az\u0131nl\u0131k uzayda ba\u015f\u0131bo\u015f dola\u015fan CIEL\u2019de bulu\u015fur. Ba\u015flar\u0131ndaki ac\u0131mas\u0131z diktat\u00f6r, CIEL\u2019dekilere bir kurtulu\u015f sunar gibi g\u00f6r\u00fcnse de oradakilerin varolu\u015fu ancak d\u00fcnyan\u0131n \u00e7ok az kalan kaynaklar\u0131n\u0131 yok etmekten ge\u00e7er. Diktat\u00f6r\u00fcn \u00e7\u00f6z\u00fcm\u00fc ise deh\u015fetten ba\u015fka bir \u015fey de\u011fil\u2026 Lidia Yuknavitch, D\u00fcnyan\u0131n Sonunday\u0131z\u2019da Jeanne d\u2019Arc\u2019\u0131n \u00f6yk\u00fcs\u00fcn\u00fc, yok olan d\u00fcnyaya hayat kazanr\u0131dmak isteyen isyanc\u0131lar \u00fczerinden anlat\u0131yor. H\u0131rpalan\u0131p t\u00fcketilen insanlar, bedenlerinin, hayatlar\u0131n\u0131n hakk\u0131n\u0131 savunmak i\u00e7in gen\u00e7 bir kad\u0131n sava\u015f\u00e7\u0131n\u0131n etraf\u0131nda toplan\u0131yor. Bu sava\u015f\u00e7\u0131n\u0131n kafas\u0131n\u0131n i\u00e7inde \u00e7\u0131nlayan \u201csessiz ten \u015fark\u0131lar\u0131\u201dysa unutmaman\u0131n, affetmemenin ve vazge\u00e7memenin hik\u00e2yesi.   \u201cDavid Foster Wallace\u2019\u0131n taht\u0131nda art\u0131k Yuknavitch var.\u201d, Chuck Palahniuk   \u201cAkla Atwood, Le Guin ve Lessing geliyor ama Yuknavitch\u2019in akl\u0131n\u0131z\u0131 ba\u015f\u0131n\u0131zdan alacak \u00f6nsezi yetene\u011fi tamamen kendine \u00f6zg\u00fc.\u201d, Karen Karbo <\/p>\n","protected":false},"excerpt":{"rendered":"<p>Bitmeyen \u015fiddetten ve radyoaktif kirlili\u011fin pen\u00e7esindeki d\u00fcnyadan ka\u00e7an se\u00e7kin bir az\u0131nl\u0131k uzayda ba\u015f\u0131bo\u015f dola\u015fan CIEL\u2019de bulu\u015fur. Ba\u015flar\u0131ndaki ac\u0131mas\u0131z diktat\u00f6r, CIEL\u2019dekilere bir kurtulu\u015f sunar gibi g\u00f6r\u00fcnse de<span class=\"excerpt-hellip\"> [\u2026]<\/span><\/p>\n","protected":false},"featured_media":0,"template":"","meta":{"_monsterinsights_skip_tracking":false,"_monsterinsights_sitenote_active":false,"_monsterinsights_sitenote_note":"","_monsterinsights_sitenote_category":0},"product_brand":[],"product_cat":[12291,12711],"product_tag":[],"class_list":{"0":"post-711837","1":"product","2":"type-product","3":"status-publish","5":"product_cat-edebiyat","6":"product_cat-roman-oyku","7":"pa_cilt-ciltsiz","8":"pa_tur-kitap","9":"pa_yayinevi-cinar-yayinlari","10":"pa_yazar-lidia-yuknavitch","12":"first","13":"instock","14":"sale","15":"shipping-taxable","16":"purchasable","17":"product-type-simple"},"_links":{"self":[{"href":"https:\/\/roveyayinevi.com.tr\/index.php\/wp-json\/wp\/v2\/product\/711837","targetHints":{"allow":["GET"]}}],"collection":[{"href":"https:\/\/roveyayinevi.com.tr\/index.php\/wp-json\/wp\/v2\/product"}],"about":[{"href":"https:\/\/roveyayinevi.com.tr\/index.php\/wp-json\/wp\/v2\/types\/product"}],"wp:attachment":[{"href":"https:\/\/roveyayinevi.com.tr\/index.php\/wp-json\/wp\/v2\/media?parent=711837"}],"wp:term":[{"taxonomy":"product_brand","embeddable":true,"href":"https:\/\/roveyayinevi.com.tr\/index.php\/wp-json\/wp\/v2\/product_brand?post=711837"},{"taxonomy":"product_cat","embeddable":true,"href":"https:\/\/roveyayinevi.com.tr\/index.php\/wp-json\/wp\/v2\/product_cat?post=711837"},{"taxonomy":"product_tag","embeddable":true,"href":"https:\/\/roveyayinevi.com.tr\/index.php\/wp-json\/wp\/v2\/product_tag?post=711837"}],"curies":[{"name":"wp","href":"https:\/\/api.w.org\/{rel}","templated":true}]}}