{"id":711836,"date":"2025-08-27T16:49:50","date_gmt":"2025-08-27T13:49:50","guid":{"rendered":"https:\/\/roveyayinevi.com.tr\/index.php\/urun\/nerede-kalmistik-2\/"},"modified":"2026-04-16T02:20:32","modified_gmt":"2026-04-15T23:20:32","slug":"nerede-kalmistik-2","status":"publish","type":"product","link":"https:\/\/roveyayinevi.com.tr\/index.php\/urun\/nerede-kalmistik-2\/","title":{"rendered":"Nerede Kalm\u0131\u015ft\u0131k"},"content":{"rendered":"<p>\u201cKastamonu\u2019da \u00e7\u0131kan \u00c7al\u00e7ene, \u0130stanbul\u2019da \u00e7\u0131kan Marko Pa\u015fa\u2019lardan, Akbaba\u2019lardan, Dolmu\u015f\u2019lardan beri yazd\u0131\u011f\u0131m y\u00fczlerce, binlerce yaz\u0131dan se\u00e7ti\u011fim gazete, dergi yaz\u0131lar\u0131 bunlar. \u00dc\u00e7 b\u00fcy\u00fck kentimizde yay\u0131mlanan g\u00fcncel yaz\u0131lardan se\u00e7meler\u2026 Yaz\u0131 ger\u00e7ekten g\u00fcncelse o g\u00fcn oldu\u011fu gibi, bug\u00fcn de g\u00fcnceldir.  Bizden sonrakilere ak\u0131p giden g\u00fcnlerimizden selintiler b\u0131rakamayacaksak ni\u00e7in kara kara yaz\u0131p s\u0131ra s\u0131ra dizme zahmetine katlanal\u0131m. \u201d  R\u0131fat Ilgaz <\/p>\n","protected":false},"excerpt":{"rendered":"<p>\u201cKastamonu\u2019da \u00e7\u0131kan \u00c7al\u00e7ene, \u0130stanbul\u2019da \u00e7\u0131kan Marko Pa\u015fa\u2019lardan, Akbaba\u2019lardan, Dolmu\u015f\u2019lardan beri yazd\u0131\u011f\u0131m y\u00fczlerce, binlerce yaz\u0131dan se\u00e7ti\u011fim gazete, dergi yaz\u0131lar\u0131 bunlar. \u00dc\u00e7 b\u00fcy\u00fck kentimizde yay\u0131mlanan g\u00fcncel yaz\u0131lardan se\u00e7meler\u2026<span class=\"excerpt-hellip\"> [\u2026]<\/span><\/p>\n","protected":false},"featured_media":0,"template":"","meta":{"_monsterinsights_skip_tracking":false,"_monsterinsights_sitenote_active":false,"_monsterinsights_sitenote_note":"","_monsterinsights_sitenote_category":0},"product_brand":[],"product_cat":[12777,12291],"product_tag":[],"class_list":{"0":"post-711836","1":"product","2":"type-product","3":"status-publish","5":"product_cat-deneme","6":"product_cat-edebiyat","7":"pa_cilt-ciltsiz","8":"pa_tur-kitap","9":"pa_yayinevi-cinar-yayinlari","10":"pa_yazar-rifat-ilgaz","12":"first","13":"instock","14":"sale","15":"shipping-taxable","16":"purchasable","17":"product-type-simple"},"_links":{"self":[{"href":"https:\/\/roveyayinevi.com.tr\/index.php\/wp-json\/wp\/v2\/product\/711836","targetHints":{"allow":["GET"]}}],"collection":[{"href":"https:\/\/roveyayinevi.com.tr\/index.php\/wp-json\/wp\/v2\/product"}],"about":[{"href":"https:\/\/roveyayinevi.com.tr\/index.php\/wp-json\/wp\/v2\/types\/product"}],"wp:attachment":[{"href":"https:\/\/roveyayinevi.com.tr\/index.php\/wp-json\/wp\/v2\/media?parent=711836"}],"wp:term":[{"taxonomy":"product_brand","embeddable":true,"href":"https:\/\/roveyayinevi.com.tr\/index.php\/wp-json\/wp\/v2\/product_brand?post=711836"},{"taxonomy":"product_cat","embeddable":true,"href":"https:\/\/roveyayinevi.com.tr\/index.php\/wp-json\/wp\/v2\/product_cat?post=711836"},{"taxonomy":"product_tag","embeddable":true,"href":"https:\/\/roveyayinevi.com.tr\/index.php\/wp-json\/wp\/v2\/product_tag?post=711836"}],"curies":[{"name":"wp","href":"https:\/\/api.w.org\/{rel}","templated":true}]}}