{"id":711835,"date":"2025-08-27T16:49:49","date_gmt":"2025-08-27T13:49:49","guid":{"rendered":"https:\/\/roveyayinevi.com.tr\/index.php\/urun\/saskin-ellie-belly-ekibi-topla-kertenkele\/"},"modified":"2026-04-16T02:20:32","modified_gmt":"2026-04-15T23:20:32","slug":"saskin-ellie-belly-ekibi-topla-kertenkele","status":"publish","type":"product","link":"https:\/\/roveyayinevi.com.tr\/index.php\/urun\/saskin-ellie-belly-ekibi-topla-kertenkele\/","title":{"rendered":"\u015ea\u015fk\u0131n Ellie Belly- Ekibi Topla Kertenkele"},"content":{"rendered":"<p>Merhaba ben Ellie Belly. Bug\u00fcn d\u00fcnyan\u0131n en k\u00f6t\u00fc g\u00fcn\u00fc. Sevgili \u00f6\u011fretmenimiz Bayan Goh  bir kursa kat\u0131lmak zorunda oldu\u011fu i\u00e7in derslere kat\u0131lam\u0131yor. Bu y\u00fczden s\u0131n\u0131f\u0131m\u0131za ge\u00e7ici bir \u00f6\u011fretmen geldi. Ad\u0131 Bayan Batt. Bence bu Bayan Batt&#8217;in bizimle pek anla\u015fmaya niyeti yok! Geldi\u011fi g\u00fcnden beri beter durumday\u0131z. B\u00fct\u00fcn g\u00fcn &#8220;Bize kim yard\u0131m edecek?&#8221;  diye d\u00fc\u015f\u00fcn\u00fcp duruyordum. Umudumu kaybetmek \u00fczereydim&#8230;Ve sonra&#8230; Bir ses duydum.Kim sesleniyor bana? Biri bize yard\u0131m etmeye mi geldi yoksa? L\u00fctfen, l\u00fctfen biri bize yard\u0131m etmeye gelmi\u015f olsun! <\/p>\n","protected":false},"excerpt":{"rendered":"<p>Merhaba ben Ellie Belly. Bug\u00fcn d\u00fcnyan\u0131n en k\u00f6t\u00fc g\u00fcn\u00fc. Sevgili \u00f6\u011fretmenimiz Bayan Goh bir kursa kat\u0131lmak zorunda oldu\u011fu i\u00e7in derslere kat\u0131lam\u0131yor. Bu y\u00fczden s\u0131n\u0131f\u0131m\u0131za ge\u00e7ici bir<span class=\"excerpt-hellip\"> [\u2026]<\/span><\/p>\n","protected":false},"featured_media":0,"template":"","meta":{"_monsterinsights_skip_tracking":false,"_monsterinsights_sitenote_active":false,"_monsterinsights_sitenote_note":"","_monsterinsights_sitenote_category":0},"product_brand":[],"product_cat":[12275,12274],"product_tag":[],"class_list":{"0":"post-711835","1":"product","2":"type-product","3":"status-publish","5":"product_cat-6-12-yas-kitaplari","6":"product_cat-cocuk-ve-genclik-kitaplari","7":"pa_cilt-ciltsiz","8":"pa_tur-kitap","9":"pa_yayinevi-mavi-kirpi-yayinlari","10":"pa_yazar-eliza-teoh","12":"first","13":"instock","14":"sale","15":"shipping-taxable","16":"purchasable","17":"product-type-simple"},"_links":{"self":[{"href":"https:\/\/roveyayinevi.com.tr\/index.php\/wp-json\/wp\/v2\/product\/711835","targetHints":{"allow":["GET"]}}],"collection":[{"href":"https:\/\/roveyayinevi.com.tr\/index.php\/wp-json\/wp\/v2\/product"}],"about":[{"href":"https:\/\/roveyayinevi.com.tr\/index.php\/wp-json\/wp\/v2\/types\/product"}],"wp:attachment":[{"href":"https:\/\/roveyayinevi.com.tr\/index.php\/wp-json\/wp\/v2\/media?parent=711835"}],"wp:term":[{"taxonomy":"product_brand","embeddable":true,"href":"https:\/\/roveyayinevi.com.tr\/index.php\/wp-json\/wp\/v2\/product_brand?post=711835"},{"taxonomy":"product_cat","embeddable":true,"href":"https:\/\/roveyayinevi.com.tr\/index.php\/wp-json\/wp\/v2\/product_cat?post=711835"},{"taxonomy":"product_tag","embeddable":true,"href":"https:\/\/roveyayinevi.com.tr\/index.php\/wp-json\/wp\/v2\/product_tag?post=711835"}],"curies":[{"name":"wp","href":"https:\/\/api.w.org\/{rel}","templated":true}]}}