{"id":711833,"date":"2025-08-27T16:49:48","date_gmt":"2025-08-27T13:49:48","guid":{"rendered":"https:\/\/roveyayinevi.com.tr\/index.php\/urun\/bir-ortacag-hayaleti-ensarli-egitim\/"},"modified":"2026-04-16T02:20:32","modified_gmt":"2026-04-15T23:20:32","slug":"bir-ortacag-hayaleti-ensarli-egitim","status":"publish","type":"product","link":"https:\/\/roveyayinevi.com.tr\/index.php\/urun\/bir-ortacag-hayaleti-ensarli-egitim\/","title":{"rendered":"Bir Orta\u00e7a\u011f Hayaleti &#8211; Ensarl\u0131 E\u011fitim"},"content":{"rendered":"<p>Cumhuriyet devriminin bilimsel bilgi ile donanm\u0131\u015f, ba\u011f\u0131ms\u0131z ve ayd\u0131nl\u0131k d\u00fc\u015f\u00fcnebilme yetisine ula\u015fm\u0131\u015f \u00e7ocuklar yeti\u015ftirmek \u00fczerine kurulu e\u011fitim \u00fclk\u00fcs\u00fcn\u00fc, dinci-gerici ama\u00e7lar\u0131 do\u011frultusunda tersine \u00e7evirmek \u00fczere milli e\u011fitim sistemi i\u00e7ine \u00e7\u00f6reklenmi\u015f; iktidar\u0131n koruma ve kollamas\u0131 alt\u0131nda g\u00fcn g\u00fcn hedefine yakla\u015fm\u0131\u015f bir yap\u0131, I\u015f\u0131k Kansu&#8217;nun titiz ara\u015ft\u0131rmac\u0131l\u0131\u011f\u0131 ile a\u00e7\u0131\u011fa \u00e7\u0131k\u0131yor.Bu \u00fclkenin p\u0131r\u0131l p\u0131r\u0131l \u00e7ocuklar\u0131n\u0131 kendi inan\u00e7 ve hedefleri do\u011frultusunda birer sallaba\u015f m\u00fcride \u00e7evirmek i\u00e7in kurulmu\u015f k\u00f6t\u00fcc\u00fcl d\u00fczen, b\u00fct\u00fcn ili\u015fkiler a\u011f\u0131yla, isim isim ortaya \u00e7\u0131k\u0131yor.&#8221;Ensarl\u0131 E\u011fitim&#8221;, T\u00fcrkiye&#8217;de e\u011fitimin ba\u015f\u0131na bela olmu\u015f bir Orta\u00e7a\u011f hayaletiyle y\u00fczle\u015fmemizi sa\u011fl\u0131yor.\u00dclkemizin ayd\u0131nl\u0131k yar\u0131nlar\u0131n\u0131 savunabilmek i\u00e7in bug\u00fcnden bilin diye. <\/p>\n","protected":false},"excerpt":{"rendered":"<p>Cumhuriyet devriminin bilimsel bilgi ile donanm\u0131\u015f, ba\u011f\u0131ms\u0131z ve ayd\u0131nl\u0131k d\u00fc\u015f\u00fcnebilme yetisine ula\u015fm\u0131\u015f \u00e7ocuklar yeti\u015ftirmek \u00fczerine kurulu e\u011fitim \u00fclk\u00fcs\u00fcn\u00fc, dinci-gerici ama\u00e7lar\u0131 do\u011frultusunda tersine \u00e7evirmek \u00fczere milli e\u011fitim<span class=\"excerpt-hellip\"> [\u2026]<\/span><\/p>\n","protected":false},"featured_media":0,"template":"","meta":{"_monsterinsights_skip_tracking":false,"_monsterinsights_sitenote_active":false,"_monsterinsights_sitenote_note":"","_monsterinsights_sitenote_category":0},"product_brand":[],"product_cat":[12370,12304],"product_tag":[],"class_list":{"0":"post-711833","1":"product","2":"type-product","3":"status-publish","5":"product_cat-arastirma-inceleme","6":"product_cat-tarih","7":"pa_cilt-ciltsiz","8":"pa_tur-kitap","9":"pa_yayinevi-telgrafhane-yayinlari","10":"pa_yazar-isik-kansu","12":"first","13":"instock","14":"sale","15":"shipping-taxable","16":"purchasable","17":"product-type-simple"},"_links":{"self":[{"href":"https:\/\/roveyayinevi.com.tr\/index.php\/wp-json\/wp\/v2\/product\/711833","targetHints":{"allow":["GET"]}}],"collection":[{"href":"https:\/\/roveyayinevi.com.tr\/index.php\/wp-json\/wp\/v2\/product"}],"about":[{"href":"https:\/\/roveyayinevi.com.tr\/index.php\/wp-json\/wp\/v2\/types\/product"}],"wp:attachment":[{"href":"https:\/\/roveyayinevi.com.tr\/index.php\/wp-json\/wp\/v2\/media?parent=711833"}],"wp:term":[{"taxonomy":"product_brand","embeddable":true,"href":"https:\/\/roveyayinevi.com.tr\/index.php\/wp-json\/wp\/v2\/product_brand?post=711833"},{"taxonomy":"product_cat","embeddable":true,"href":"https:\/\/roveyayinevi.com.tr\/index.php\/wp-json\/wp\/v2\/product_cat?post=711833"},{"taxonomy":"product_tag","embeddable":true,"href":"https:\/\/roveyayinevi.com.tr\/index.php\/wp-json\/wp\/v2\/product_tag?post=711833"}],"curies":[{"name":"wp","href":"https:\/\/api.w.org\/{rel}","templated":true}]}}