{"id":711831,"date":"2025-08-27T16:49:47","date_gmt":"2025-08-27T13:49:47","guid":{"rendered":"https:\/\/roveyayinevi.com.tr\/index.php\/urun\/zamansiz-olumler-ulkesi\/"},"modified":"2026-04-16T02:20:32","modified_gmt":"2026-04-15T23:20:32","slug":"zamansiz-olumler-ulkesi","status":"publish","type":"product","link":"https:\/\/roveyayinevi.com.tr\/index.php\/urun\/zamansiz-olumler-ulkesi\/","title":{"rendered":"Zamans\u0131z \u00d6l\u00fcmler \u00dclkesi"},"content":{"rendered":"<p>Bir \u00fclke ki; analar\u0131n \u00e7ocuklar\u0131na doyamadan onlar\u0131 topra\u011fa verdi\u011fi, babalar\u0131n geleceklerinin kanla yo\u011fruldu\u011fu, gen\u00e7lerin fidan fidan t\u0131rpanland\u0131\u011f\u0131 ve \u00e7ocuklar\u0131n bedenlerine kur\u015funlar\u0131n ya\u011fd\u0131r\u0131ld\u0131\u011f\u0131 ya da taciz yap\u0131ld\u0131\u011f\u0131 co\u011frafya olarak an\u0131l\u0131r olsun.Do\u011fan\u0131n her \u015feyiyle ya\u015fan\u0131l\u0131r k\u0131ld\u0131\u011f\u0131, insanl\u0131k tarihinin birikimlerinin harmanland\u0131\u011f\u0131 g\u00fczelim bir \u00fclkenin, \u201czamans\u0131z \u00f6l\u00fcmler diyar\u0131\u201dna d\u00f6n\u00fc\u015ft\u00fcr\u00fclmesine, y\u00fcre\u011fi ya\u015famdan ve emekten yana atan kim sessiz kalabilir? Ya\u015fam\u0131 her g\u00fcn kafa ve kol eme\u011fiyle yeniden \u00fcreten gen\u00e7 bir emek\u00e7i olarak Halil Yeni, bu \u201ckarartma zulm\u00fc\u201dne sessiz kalmad\u0131\u011f\u0131 gibi sanat eme\u011fiyle hem tarihe not d\u00fc\u015f\u00fcyor hem de \u00fclkenin toplumsal ayd\u0131nl\u0131\u011f\u0131na \u015fiirsel \u00f6yk\u00fcleriyle \u0131\u015f\u0131k yak\u0131yor.Haziran direni\u015finde yitirdi\u011fimiz Ali \u0130smail Korkmaz ve Berkin Elvan gibi fidanlar\u0131m\u0131zdan o\u011flunun kemiklerini bile g\u00f6remeden toprak olan Berfo Ana\u2019ya, G\u00fcvenpark katliam\u0131nda kaybetti\u011fimiz canlardan Taybet \u0130nan\u2019a kadar say\u0131s\u0131z insan\u0131n \u00f6yk\u00fcs\u00fc, ilmek ilmek i\u015flenmi\u015f bu kitapta.\u201cArt\u0131k ya\u015fanan her katliamdan sonra ya\u015f\u0131yor olmaktan utan\u0131yor, bir \u00f6zr\u00fc ve bir \u00f6mr\u00fc gidenlere bor\u00e7lu hissediyoruz. L\u00fctfen bizi affedin. E\u011fer hesab\u0131n\u0131 sormazsak, siz hesab\u0131n\u0131 bizden sormaya r\u00fcyalar\u0131m\u0131za gelin.\u201d diyen i\u015f\u00e7i s\u0131n\u0131f\u0131m\u0131z\u0131n \u015fair-yazar neferi Halil Yeni\u2019nin davetine kat\u0131lmamak m\u00fcmk\u00fcn m\u00fc? Elinizdeki kitap, her sat\u0131r\u0131nda vicdan\u0131n\u0131z\u0131 ve bilincinizi, \u00fclkemizin ve insanl\u0131\u011f\u0131n sava\u015fs\u0131z-katliams\u0131z ve s\u00f6m\u00fcr\u00fcs\u00fcz bir gelece\u011fe kavu\u015fturulmas\u0131 i\u00e7in daha \u00e7ok harekete ge\u00e7irecek.\u0130\u015fte o gelece\u011fi kurma sorumlulu\u011fu, bu kitaptaki ger\u00e7ek \u00f6yk\u00fclerle y\u00fcre\u011fimizde korla\u015f\u0131yor\u2026- M\u00fcsl\u00fcm Kabaday\u0131 <\/p>\n","protected":false},"excerpt":{"rendered":"<p>Bir \u00fclke ki; analar\u0131n \u00e7ocuklar\u0131na doyamadan onlar\u0131 topra\u011fa verdi\u011fi, babalar\u0131n geleceklerinin kanla yo\u011fruldu\u011fu, gen\u00e7lerin fidan fidan t\u0131rpanland\u0131\u011f\u0131 ve \u00e7ocuklar\u0131n bedenlerine kur\u015funlar\u0131n ya\u011fd\u0131r\u0131ld\u0131\u011f\u0131 ya da taciz yap\u0131ld\u0131\u011f\u0131<span class=\"excerpt-hellip\"> [\u2026]<\/span><\/p>\n","protected":false},"featured_media":0,"template":"","meta":{"_monsterinsights_skip_tracking":false,"_monsterinsights_sitenote_active":false,"_monsterinsights_sitenote_note":"","_monsterinsights_sitenote_category":0},"product_brand":[],"product_cat":[18545,12291],"product_tag":[],"class_list":{"0":"post-711831","1":"product","2":"type-product","3":"status-publish","5":"product_cat-anlati","6":"product_cat-edebiyat","7":"pa_cilt-ciltsiz","8":"pa_tur-kitap","9":"pa_yayinevi-telgrafhane-yayinlari","10":"pa_yazar-halil-yeni","12":"first","13":"instock","14":"sale","15":"shipping-taxable","16":"purchasable","17":"product-type-simple"},"_links":{"self":[{"href":"https:\/\/roveyayinevi.com.tr\/index.php\/wp-json\/wp\/v2\/product\/711831","targetHints":{"allow":["GET"]}}],"collection":[{"href":"https:\/\/roveyayinevi.com.tr\/index.php\/wp-json\/wp\/v2\/product"}],"about":[{"href":"https:\/\/roveyayinevi.com.tr\/index.php\/wp-json\/wp\/v2\/types\/product"}],"wp:attachment":[{"href":"https:\/\/roveyayinevi.com.tr\/index.php\/wp-json\/wp\/v2\/media?parent=711831"}],"wp:term":[{"taxonomy":"product_brand","embeddable":true,"href":"https:\/\/roveyayinevi.com.tr\/index.php\/wp-json\/wp\/v2\/product_brand?post=711831"},{"taxonomy":"product_cat","embeddable":true,"href":"https:\/\/roveyayinevi.com.tr\/index.php\/wp-json\/wp\/v2\/product_cat?post=711831"},{"taxonomy":"product_tag","embeddable":true,"href":"https:\/\/roveyayinevi.com.tr\/index.php\/wp-json\/wp\/v2\/product_tag?post=711831"}],"curies":[{"name":"wp","href":"https:\/\/api.w.org\/{rel}","templated":true}]}}