{"id":711829,"date":"2025-08-27T16:49:46","date_gmt":"2025-08-27T13:49:46","guid":{"rendered":"https:\/\/roveyayinevi.com.tr\/index.php\/urun\/susulacak-zaman-mi\/"},"modified":"2026-04-16T02:20:32","modified_gmt":"2026-04-15T23:20:32","slug":"susulacak-zaman-mi","status":"publish","type":"product","link":"https:\/\/roveyayinevi.com.tr\/index.php\/urun\/susulacak-zaman-mi\/","title":{"rendered":"Susulacak Zaman m\u0131?"},"content":{"rendered":"<p>&#8220;Susulacak zaman m\u0131?&#8221; diye soruyor gen\u00e7 adam\u2026G\u00f6zlerim bu iki s\u00f6zc\u00fckte; donup kal\u0131yor uzun bir s\u00fcre\u2026De\u011fil\u2026Ve ne yaz\u0131k ki hi\u00e7bir zaman susmak gibi bir l\u00fcks\u00fcm\u00fcz olmad\u0131 bu \u00fclkede!Ama biz susmad\u0131k diye, yanl\u0131\u015fa gitmekten de kurtulmad\u0131 hi\u00e7bir \u015fey\u2026Onun da s\u00f6yledi\u011fi gibi, &#8220;Yar\u0131n d\u00f6n\u00fcp bug\u00fcnlere bakt\u0131\u011f\u0131mda, tepkisiz, sessiz, sorumsuz bir gen\u00e7 adamla kar\u015f\u0131la\u015fmamak i\u00e7in, bug\u00fcne dair hayallerime gelecekten yer ay\u0131rt\u0131p durmad\u0131m m\u0131&#8221; ben de y\u0131llard\u0131r\u2026Ve kimi zaman yaln\u0131zla\u015fman\u0131n korkun\u00e7 h\u00fczn\u00fcn\u00fc damarlar\u0131mda hissetmedim mi?\u0130yi de o zaman y\u0131llar sonra ge\u00e7mi\u015fe bakt\u0131\u011f\u0131mda, neden &#8220;\u0130yi ki b\u00f6yle yapm\u0131\u015f\u0131m&#8221; diyemiyorum?Neden huzurla de\u011fil de; h\u00e2l\u00e2 endi\u015felerle dolu y\u00fcre\u011fim?Susulacak zaman de\u011fil elbette; bu \u00fclke, bu insanlar \u00f6nemliyse senin i\u00e7in\u2026 Ci\u011ferinin en dipteki h\u00fccresine kadar doldurdu\u011fun temiz havayla hayk\u0131rman gerekiyor, &#8220;Kraaaaal \u00e7\u0131plaaaaaaaak&#8221; diye\u2026Ve hayk\u0131ra hayk\u0131ra a\u011far\u0131yor sa\u00e7lar, d\u00f6k\u00fcl\u00fcyor di\u015fler\u2026\u00d6r\u00fcmcek kafal\u0131lar\u0131n \u00f6rd\u00fc\u011f\u00fc bir a\u011fa yap\u0131\u015f\u0131p kalmayan ve yem olmak istemeyen gen\u00e7 bir adam\u0131n, Taylan \u00d6zbay&#8217;\u0131n &#8220;ci\u011ferler dolusu&#8221; hayk\u0131r\u0131\u015flar\u0131ndan olu\u015fuyor bu kitap\u2026\u0130\u00e7ten, namuslu ve bir \u00e7ocu\u011fun g\u00f6zbebekleri kadar masum\u2026Ak\u0131p, giden zamana inat\u2026Yozla\u015fmaya, da\u011f\u0131lmaya, bozguna inat\u2026Gen\u00e7 bir adam\u0131n sessiz \u00e7\u0131\u011fl\u0131klar\u0131 var elinizde tuttu\u011funuz bu &#8220;yaz\u0131l\u0131 bellek&#8221;te\u2026E\u011fer siz de &#8220;Susulacak zaman de\u011fil&#8221; diyenlerdenseniz\u2026Duyun bu sessiz \u00e7\u0131\u011fl\u0131klar\u0131\u2026 <\/p>\n","protected":false},"excerpt":{"rendered":"<p>&#8220;Susulacak zaman m\u0131?&#8221; diye soruyor gen\u00e7 adam\u2026G\u00f6zlerim bu iki s\u00f6zc\u00fckte; donup kal\u0131yor uzun bir s\u00fcre\u2026De\u011fil\u2026Ve ne yaz\u0131k ki hi\u00e7bir zaman susmak gibi bir l\u00fcks\u00fcm\u00fcz olmad\u0131 bu<span class=\"excerpt-hellip\"> [\u2026]<\/span><\/p>\n","protected":false},"featured_media":0,"template":"","meta":{"_monsterinsights_skip_tracking":false,"_monsterinsights_sitenote_active":false,"_monsterinsights_sitenote_note":"","_monsterinsights_sitenote_category":0},"product_brand":[],"product_cat":[13278,12324],"product_tag":[],"class_list":{"0":"post-711829","1":"product","2":"type-product","3":"status-publish","5":"product_cat-sivil-toplum-kuruluslari","6":"product_cat-sosyoloji","7":"pa_cilt-ciltsiz","8":"pa_tur-kitap","9":"pa_yayinevi-telgrafhane-yayinlari","10":"pa_yazar-taylan-ozbay","12":"first","13":"instock","14":"sale","15":"shipping-taxable","16":"purchasable","17":"product-type-simple"},"_links":{"self":[{"href":"https:\/\/roveyayinevi.com.tr\/index.php\/wp-json\/wp\/v2\/product\/711829","targetHints":{"allow":["GET"]}}],"collection":[{"href":"https:\/\/roveyayinevi.com.tr\/index.php\/wp-json\/wp\/v2\/product"}],"about":[{"href":"https:\/\/roveyayinevi.com.tr\/index.php\/wp-json\/wp\/v2\/types\/product"}],"wp:attachment":[{"href":"https:\/\/roveyayinevi.com.tr\/index.php\/wp-json\/wp\/v2\/media?parent=711829"}],"wp:term":[{"taxonomy":"product_brand","embeddable":true,"href":"https:\/\/roveyayinevi.com.tr\/index.php\/wp-json\/wp\/v2\/product_brand?post=711829"},{"taxonomy":"product_cat","embeddable":true,"href":"https:\/\/roveyayinevi.com.tr\/index.php\/wp-json\/wp\/v2\/product_cat?post=711829"},{"taxonomy":"product_tag","embeddable":true,"href":"https:\/\/roveyayinevi.com.tr\/index.php\/wp-json\/wp\/v2\/product_tag?post=711829"}],"curies":[{"name":"wp","href":"https:\/\/api.w.org\/{rel}","templated":true}]}}