{"id":711828,"date":"2025-08-27T16:49:45","date_gmt":"2025-08-27T13:49:45","guid":{"rendered":"https:\/\/roveyayinevi.com.tr\/index.php\/urun\/kayip-sehitlik-galicya-cephesinde-sehit-dusen-atalarimizin-izinde\/"},"modified":"2026-04-16T02:20:32","modified_gmt":"2026-04-15T23:20:32","slug":"kayip-sehitlik-galicya-cephesinde-sehit-dusen-atalarimizin-izinde","status":"publish","type":"product","link":"https:\/\/roveyayinevi.com.tr\/index.php\/urun\/kayip-sehitlik-galicya-cephesinde-sehit-dusen-atalarimizin-izinde\/","title":{"rendered":"Kay\u0131p \u015eehitlik &#8211; Gali\u00e7ya Cephesi&#8217;nde \u015eehit D\u00fc\u015fen Atalar\u0131m\u0131z\u0131n \u0130zinde"},"content":{"rendered":"<p>Kom\u00fcnizmden yeni \u00e7\u0131km\u0131\u015f bir \u00fclkeye atanm\u0131\u015f yurtsever bir askeri ata\u015fe, atand\u0131\u011f\u0131 bu \u00fclke topraklar\u0131 \u00fczerinde Birinci D\u00fcnya Sava\u015f\u0131 s\u0131ras\u0131nda vatan topra\u011f\u0131ndan uzakta \u015fehit d\u00fc\u015fm\u00fc\u015f asker atalar\u0131n\u0131n kay\u0131p mezarlar\u0131n\u0131n izini s\u00fcrmeye ba\u015flarsa ne olur?Kay\u0131p \u015eehitlik, uzak diyarlarda \u00f6l\u00fcme yatm\u0131\u015f vatan evlatlar\u0131n\u0131, onlardan doksan y\u0131l sonra sadece kendi \u00e7abas\u0131 ve o \u00fclkedeki T\u00fcrklerin deste\u011fiyle tarihin unutulmu\u015f sayfalar\u0131ndan \u00e7ekip \u00e7\u0131karan bir askerin ger\u00e7ek hik\u00e2yesi&#8230;Nevzat Kutlu\u2019nun elinizdeki kitab\u0131ndan \u00f6\u011freniyoruz ki, Gali\u00e7ya Cephesi\u2019nde topra\u011fa d\u00fc\u015fen T\u00fcrk askerlerinin \u015fehitli\u011fi i\u00e7in 33 bin ABD dolarl\u0131k bir iste\u011fe, zaman\u0131nda Milli Savunma Bakanl\u0131\u011f\u0131 \u015fu kar\u015f\u0131l\u0131\u011f\u0131 vermi\u015f:\u201cBu y\u0131l\u0131n \u00f6denekleri bitmi\u015ftir. \u00d6denek tahsis edilemeyecektir.\u201d\u0130nsanl\u0131k hen\u00fcz yaln\u0131z kalmam\u0131\u015ft\u0131.Olmayan, belki de hi\u00e7 olmayacak olan tahsis beklenmedi.\u0130nsan olanlar, insanlar\u0131n\u0131n an\u0131s\u0131na sayg\u0131da kusur etmediler.\u015eehitli\u011fi tamamlad\u0131lar&#8230; <\/p>\n","protected":false},"excerpt":{"rendered":"<p>Kom\u00fcnizmden yeni \u00e7\u0131km\u0131\u015f bir \u00fclkeye atanm\u0131\u015f yurtsever bir askeri ata\u015fe, atand\u0131\u011f\u0131 bu \u00fclke topraklar\u0131 \u00fczerinde Birinci D\u00fcnya Sava\u015f\u0131 s\u0131ras\u0131nda vatan topra\u011f\u0131ndan uzakta \u015fehit d\u00fc\u015fm\u00fc\u015f asker atalar\u0131n\u0131n<span class=\"excerpt-hellip\"> [\u2026]<\/span><\/p>\n","protected":false},"featured_media":0,"template":"","meta":{"_monsterinsights_skip_tracking":false,"_monsterinsights_sitenote_active":false,"_monsterinsights_sitenote_note":"","_monsterinsights_sitenote_category":0},"product_brand":[],"product_cat":[12370,12304],"product_tag":[],"class_list":{"0":"post-711828","1":"product","2":"type-product","3":"status-publish","5":"product_cat-arastirma-inceleme","6":"product_cat-tarih","7":"pa_cilt-ciltsiz","8":"pa_tur-kitap","9":"pa_yayinevi-telgrafhane-yayinlari","10":"pa_yazar-nevzat-kutlu","12":"first","13":"instock","14":"sale","15":"shipping-taxable","16":"purchasable","17":"product-type-simple"},"_links":{"self":[{"href":"https:\/\/roveyayinevi.com.tr\/index.php\/wp-json\/wp\/v2\/product\/711828","targetHints":{"allow":["GET"]}}],"collection":[{"href":"https:\/\/roveyayinevi.com.tr\/index.php\/wp-json\/wp\/v2\/product"}],"about":[{"href":"https:\/\/roveyayinevi.com.tr\/index.php\/wp-json\/wp\/v2\/types\/product"}],"wp:attachment":[{"href":"https:\/\/roveyayinevi.com.tr\/index.php\/wp-json\/wp\/v2\/media?parent=711828"}],"wp:term":[{"taxonomy":"product_brand","embeddable":true,"href":"https:\/\/roveyayinevi.com.tr\/index.php\/wp-json\/wp\/v2\/product_brand?post=711828"},{"taxonomy":"product_cat","embeddable":true,"href":"https:\/\/roveyayinevi.com.tr\/index.php\/wp-json\/wp\/v2\/product_cat?post=711828"},{"taxonomy":"product_tag","embeddable":true,"href":"https:\/\/roveyayinevi.com.tr\/index.php\/wp-json\/wp\/v2\/product_tag?post=711828"}],"curies":[{"name":"wp","href":"https:\/\/api.w.org\/{rel}","templated":true}]}}