{"id":711825,"date":"2025-08-27T16:49:43","date_gmt":"2025-08-27T13:49:43","guid":{"rendered":"https:\/\/roveyayinevi.com.tr\/index.php\/urun\/yokyuzler-2-karanliktan-kacis\/"},"modified":"2026-04-16T02:20:32","modified_gmt":"2026-04-15T23:20:32","slug":"yokyuzler-2-karanliktan-kacis","status":"publish","type":"product","link":"https:\/\/roveyayinevi.com.tr\/index.php\/urun\/yokyuzler-2-karanliktan-kacis\/","title":{"rendered":"Yoky\u00fczler &#8211; 2 Karanl\u0131ktan Ka\u00e7\u0131\u015f"},"content":{"rendered":"<p>\u201cUygarl\u0131\u011fa, hadi ya\u015fama diyelim, nokta de\u011fil de noktal\u0131 virg\u00fcl koymu\u015f atalar\u0131m\u0131z.\u201d \u00d6d\u00fcll\u00fc yazar Habib Bekta\u015f\u2019\u0131n, bilimkurgu ve fantastik \u00f6\u011felerden beslenen iki kitapl\u0131k \u201cYoky\u00fczler\u201d dizisinin yepyeni ikinci halkas\u0131 olan Karanl\u0131ktan Ka\u00e7\u0131\u015f, gelece\u011fin uygarl\u0131klar\u0131na do\u011fru \u00e7\u0131kard\u0131\u011f\u0131 fantastik yolculukta, okurlar\u0131na, D\u00fcnya\u2019n\u0131n yar\u0131n\u0131 ile ilgili \u00e7ok \u00f6nemli s\u0131rlar f\u0131s\u0131ld\u0131yor. Kahramanlar\u0131m\u0131z Ali, dedesi, Burhan ve gizemli kad\u0131n Ahriman, ikiz gezegen Anne\u2019de, D\u00fcnya\u2019m\u0131z\u0131n binlerce y\u0131l ilerisindeki bir uygarl\u0131kla kar\u015f\u0131la\u015f\u0131r. Ancak, s\u00f6z konusu ilerleme ka\u00e7\u0131n\u0131lmaz bedelleri de beraberinde getirecektir: duygular\u0131n k\u00f6relmesi, bireysel farkl\u0131l\u0131klar\u0131n s\u0131f\u0131rlanmas\u0131, canl\u0131lar\u0131n birer makine gibi programlanmas\u0131\u2026 Yoky\u00fczler\u2019in dostlar\u0131m\u0131zdan \u00f6\u011frenece\u011fi \u00e7ok \u015fey var. En \u00f6nemlisi ise sevmeyi ve a\u015fk\u0131 \u00f6\u011frenecekler. Fakat bu hi\u00e7 kolay de\u011fil\u2026 \u201cKent diye bir kavram kalmad\u0131 art\u0131k. Eskidenmi\u015f o. Biliyorsun Anne, D\u00fcnya\u2019n\u0131z\u0131n d\u00f6rt kat\u0131 b\u00fcy\u00fckl\u00fc\u011f\u00fcnde. Ve \u00fczerinde sadece y\u00fcz bin ki\u015fi ya\u015f\u0131yor.\u201d <\/p>\n","protected":false},"excerpt":{"rendered":"<p>\u201cUygarl\u0131\u011fa, hadi ya\u015fama diyelim, nokta de\u011fil de noktal\u0131 virg\u00fcl koymu\u015f atalar\u0131m\u0131z.\u201d \u00d6d\u00fcll\u00fc yazar Habib Bekta\u015f\u2019\u0131n, bilimkurgu ve fantastik \u00f6\u011felerden beslenen iki kitapl\u0131k \u201cYoky\u00fczler\u201d dizisinin yepyeni ikinci<span class=\"excerpt-hellip\"> [\u2026]<\/span><\/p>\n","protected":false},"featured_media":0,"template":"","meta":{"_monsterinsights_skip_tracking":false,"_monsterinsights_sitenote_active":false,"_monsterinsights_sitenote_note":"","_monsterinsights_sitenote_category":0},"product_brand":[],"product_cat":[12275,12274],"product_tag":[],"class_list":{"0":"post-711825","1":"product","2":"type-product","3":"status-publish","5":"product_cat-6-12-yas-kitaplari","6":"product_cat-cocuk-ve-genclik-kitaplari","7":"pa_cilt-ciltsiz","8":"pa_tur-kitap","9":"pa_yayinevi-tudem-yayinlari","10":"pa_yazar-habib-bektas","12":"first","13":"instock","14":"sale","15":"shipping-taxable","16":"purchasable","17":"product-type-simple"},"_links":{"self":[{"href":"https:\/\/roveyayinevi.com.tr\/index.php\/wp-json\/wp\/v2\/product\/711825","targetHints":{"allow":["GET"]}}],"collection":[{"href":"https:\/\/roveyayinevi.com.tr\/index.php\/wp-json\/wp\/v2\/product"}],"about":[{"href":"https:\/\/roveyayinevi.com.tr\/index.php\/wp-json\/wp\/v2\/types\/product"}],"wp:attachment":[{"href":"https:\/\/roveyayinevi.com.tr\/index.php\/wp-json\/wp\/v2\/media?parent=711825"}],"wp:term":[{"taxonomy":"product_brand","embeddable":true,"href":"https:\/\/roveyayinevi.com.tr\/index.php\/wp-json\/wp\/v2\/product_brand?post=711825"},{"taxonomy":"product_cat","embeddable":true,"href":"https:\/\/roveyayinevi.com.tr\/index.php\/wp-json\/wp\/v2\/product_cat?post=711825"},{"taxonomy":"product_tag","embeddable":true,"href":"https:\/\/roveyayinevi.com.tr\/index.php\/wp-json\/wp\/v2\/product_tag?post=711825"}],"curies":[{"name":"wp","href":"https:\/\/api.w.org\/{rel}","templated":true}]}}