{"id":711824,"date":"2025-08-27T16:49:43","date_gmt":"2025-08-27T13:49:43","guid":{"rendered":"https:\/\/roveyayinevi.com.tr\/index.php\/urun\/yokyuzler-1-ikiz-gezegenler\/"},"modified":"2026-02-03T02:32:37","modified_gmt":"2026-02-02T23:32:37","slug":"yokyuzler-1-ikiz-gezegenler","status":"publish","type":"product","link":"https:\/\/roveyayinevi.com.tr\/index.php\/urun\/yokyuzler-1-ikiz-gezegenler\/","title":{"rendered":"Yoky\u00fczler &#8211; 1 \u0130kiz Gezegenler"},"content":{"rendered":"<p>\u00d6d\u00fcll\u00fc yazar Habib Bekta\u015f\u2019\u0131n, bilimkurgu ve fantastik \u00f6\u011felerden beslenen \u201cYoky\u00fczler\u201d serisi kitapseverlerle bulu\u015fuyor! 10 ya\u015f ve \u00fczeri okurlara y\u00f6nelik olan seri, ilk kitapta d\u00fcnyan\u0131n kar\u015f\u0131 kar\u015f\u0131ya oldu\u011fu tehlikeleri; ikinci kitapta ise karanl\u0131ktan kurtulmak i\u00e7in verilen m\u00fccadeleyi konu ediniyor. Ger\u00e7eklerin fantastik \u00f6\u011felerle i\u00e7 i\u00e7e ge\u00e7ti\u011fi &#8220;Yoky\u00fczler&#8221; dizisi okurlar\u0131na, d\u00fcnyan\u0131n gelece\u011fi ve bencilli\u011fin zararlar\u0131 \u00fczerine d\u00fc\u015f\u00fcnme olana\u011f\u0131 sunuyor.&#8221;Bilinemeyen t\u00fcm \u015feyler, yeni bilinmeyenlerin kilitli kap\u0131s\u0131n\u0131 a\u00e7abilecek anahtarlard\u0131r!\u201d&#8221;Yoky\u00fczler&#8221;in ilk halkas\u0131 olan \u0130kiz Gezegenler, Habib Bekta\u015f\u2019\u0131n daha \u00f6nce ba\u015fka bir isimle yay\u0131mlanan ve bask\u0131s\u0131 t\u00fckenen kitab\u0131n\u0131n g\u00f6zden ge\u00e7irilmi\u015f metni ve yeni ad\u0131yla raflardaki yerini al\u0131yor. \u0130kiz Gezegenler, insano\u011flunun D\u00fcnya\u2019ya zarar veren bencilli\u011fi ve ak\u0131l almaz h\u0131rs\u0131 \u00fczerine etkileyici bir okuma deneyimi vadediyor.D\u00e2hi bir dede, kendini k\u00f6pek sanan bir papa\u011fan, iki garip kedi, tekerlekli sandalyesiyle etrafta f\u0131rt\u0131na gibi esen Burhan, a\u011fabeyi Orhan ve deli fi\u015fek Ali. \u00c7antalar\u0131nda boyzap, tepeg\u00f6z ve maymuncuk gibi bilumum yarat\u0131c\u0131 alet edevatla her biri b\u00fcy\u00fck bir g\u00f6reve haz\u0131rlan\u0131yormu\u015f\u00e7as\u0131na taarruz \u00e2n\u0131n\u0131 bekliyor. Peki, ama neye kar\u015f\u0131?12 ya\u015f\u0131ndaki Ali, gecenin bir yar\u0131s\u0131 kalk\u0131p elini y\u00fcz\u00fcn\u00fc y\u0131kamak i\u00e7in banyoya gitti\u011finde \u015fa\u015f\u0131rt\u0131c\u0131 bir ger\u00e7ekle kar\u015f\u0131la\u015f\u0131r. Musluktan su yerine bamba\u015fka cisimler akmaktad\u0131r. Acaba bu acayip cisimler sadece kendi evlerinin muslu\u011fundan m\u0131 ak\u0131yordur yoksa \u015fehrin su \u015febekesine kar\u0131\u015fm\u0131\u015f m\u0131d\u0131r? Peki, susuz bir ya\u015fam m\u00fcmk\u00fcn olmad\u0131\u011f\u0131na g\u00f6re, D\u00fcnya\u2019n\u0131n sonu mu gelmi\u015ftir? Ne yap\u0131p edip bunu \u00f6\u011frenmelidir. Kendilerini D\u00fcnya\u2019m\u0131z\u0131n ikiz gezegeninin sahipleri olarak tan\u0131tan kimli\u011fi belirsiz bu canl\u0131lar kimlerdir? \u201cYoky\u00fczler\u201d!? \u201cGezegenimizde bir\u00e7ok konuda \u015fa\u015f\u0131racaks\u0131n\u0131z. T\u00fcm ezberlerinizi unutman\u0131z\u0131 \u00f6neriyoruz.\u201d <\/p>\n","protected":false},"excerpt":{"rendered":"<p>\u00d6d\u00fcll\u00fc yazar Habib Bekta\u015f\u2019\u0131n, bilimkurgu ve fantastik \u00f6\u011felerden beslenen \u201cYoky\u00fczler\u201d serisi kitapseverlerle bulu\u015fuyor! 10 ya\u015f ve \u00fczeri okurlara y\u00f6nelik olan seri, ilk kitapta d\u00fcnyan\u0131n kar\u015f\u0131 kar\u015f\u0131ya<span class=\"excerpt-hellip\"> [\u2026]<\/span><\/p>\n","protected":false},"featured_media":0,"template":"","meta":{"_monsterinsights_skip_tracking":false,"_monsterinsights_sitenote_active":false,"_monsterinsights_sitenote_note":"","_monsterinsights_sitenote_category":0},"product_brand":[],"product_cat":[12275,12274],"product_tag":[],"class_list":{"0":"post-711824","1":"product","2":"type-product","3":"status-publish","5":"product_cat-6-12-yas-kitaplari","6":"product_cat-cocuk-ve-genclik-kitaplari","7":"pa_cilt-ciltsiz","8":"pa_tur-kitap","9":"pa_yayinevi-tudem-yayinlari","10":"pa_yazar-habib-bektas","12":"first","13":"instock","14":"sale","15":"shipping-taxable","16":"purchasable","17":"product-type-simple"},"_links":{"self":[{"href":"https:\/\/roveyayinevi.com.tr\/index.php\/wp-json\/wp\/v2\/product\/711824","targetHints":{"allow":["GET"]}}],"collection":[{"href":"https:\/\/roveyayinevi.com.tr\/index.php\/wp-json\/wp\/v2\/product"}],"about":[{"href":"https:\/\/roveyayinevi.com.tr\/index.php\/wp-json\/wp\/v2\/types\/product"}],"wp:attachment":[{"href":"https:\/\/roveyayinevi.com.tr\/index.php\/wp-json\/wp\/v2\/media?parent=711824"}],"wp:term":[{"taxonomy":"product_brand","embeddable":true,"href":"https:\/\/roveyayinevi.com.tr\/index.php\/wp-json\/wp\/v2\/product_brand?post=711824"},{"taxonomy":"product_cat","embeddable":true,"href":"https:\/\/roveyayinevi.com.tr\/index.php\/wp-json\/wp\/v2\/product_cat?post=711824"},{"taxonomy":"product_tag","embeddable":true,"href":"https:\/\/roveyayinevi.com.tr\/index.php\/wp-json\/wp\/v2\/product_tag?post=711824"}],"curies":[{"name":"wp","href":"https:\/\/api.w.org\/{rel}","templated":true}]}}