{"id":711823,"date":"2025-08-27T16:49:42","date_gmt":"2025-08-27T13:49:42","guid":{"rendered":"https:\/\/roveyayinevi.com.tr\/index.php\/urun\/safak-yazilari\/"},"modified":"2026-04-16T02:20:32","modified_gmt":"2026-04-15T23:20:32","slug":"safak-yazilari","status":"publish","type":"product","link":"https:\/\/roveyayinevi.com.tr\/index.php\/urun\/safak-yazilari\/","title":{"rendered":"\u015eafak Yaz\u0131lar\u0131"},"content":{"rendered":"<p>\u00dcmitsizlik diyar\u0131na gitme, \u00fcmit buradaKaranl\u0131klar diyar\u0131na gitme, g\u00fcne\u015f buradaG\u00f6n\u00fcl seni, g\u00f6n\u00fcl ehlinin diyar\u0131naTen seni, su ve \u00e7amur hapsine \u00e7ekerO zaman g\u00f6n\u00fclda\u015fdan g\u00f6n\u00fcl g\u0131das\u0131 al daG\u00f6nl\u00fcn g\u0131dalans\u0131n                                                           Mevl\u00e2n\u00e2\u015eafak Yaz\u0131lar\u0131, din, felsefe ve metafizik konular \u00fczerinde yo\u011funlanm\u0131\u015f bir akademisyen olarak tan\u0131d\u0131\u011f\u0131m\u0131z Prof. Dr. Mahmud Erol K\u0131l\u0131\u00e7\u2019\u0131n 15 Temmuz hadisesinden gen\u00e7ler aras\u0131ndaki ahl\u00e2k\u00ee \u00e7\u00f6z\u00fcnt\u00fcye kadar geni\u015f bir yelpazede yazd\u0131\u011f\u0131 yaz\u0131lardan olu\u015fuyor. Y\u00fcr\u00fctt\u00fc\u011f\u00fc diplomatik g\u00f6rev dolay\u0131s\u0131yla \u0130sl\u00e2m d\u00fcnyas\u0131n\u0131n en \u00fccra k\u00f6\u015felerine kadar uzanan yery\u00fcz\u00fc seyahatlerinde d\u00fcnyada olup bitenleri yerinde g\u00f6zlemleme imk\u00e2n\u0131 bulan K\u0131l\u0131\u00e7, g\u00fcndemde olan toplumsal, siyasal ve din\u00ee konular\u0131 s\u00fbf\u00ee perspektifinden de\u011ferlendirirken can al\u0131c\u0131 toplumsal yaralara salt g\u00fcncel politika, istihbarat ve gazetecilik analizleri \u00fczerinden cevap bulmak yerine, Olu\u015f \u00e2leminde her olan bitenin k\u00f6kleri sebepler \u00e2lemindedir, g\u00f6r\u00fc\u015f\u00fcn\u00fcn izlerini s\u00fcrerek sadra \u015fifa \u00e7\u00f6z\u00fcmler ar\u0131yor. \u0130sl\u00e2m tasavvuf gelene\u011finin ka\u00e7 as\u0131rl\u0131k tecr\u00fcbesine s\u0131rt\u0131n\u0131 d\u00f6nd\u00fc\u011f\u00fc i\u00e7in tefekk\u00fcr g\u00fcc\u00fcn\u00fc yitiren \u00fcmmetin evlatlar\u0131na, g\u00fcnl\u00fck olan\u0131 yorumlarken de kal\u0131c\u0131 esaslardan vazge\u00e7memeyi, meselelere \u00e7\u00f6z\u00fcm\u00fc ta\u015frada de\u011fil i\u00e7eride aramay\u0131, i\u00e7eriye d\u00f6nmeyi hat\u0131rlat\u0131yor.Son y\u00fczy\u0131lda Vahh\u00e2b\u00eelik, Selef\u00eelik gibi kutsalla irtibat\u0131 kalmayan nevzuh\u00fbr modellerin \u0130sl\u00e2m d\u00fcnyas\u0131n\u0131 peri\u015fan etti\u011fini d\u00fc\u015f\u00fcnen K\u0131l\u0131\u00e7, d\u00fcnyan\u0131n sadece siyasi istikrar\u0131n\u0131 de\u011fil d\u00fc\u015f\u00fcnce d\u00fcnyas\u0131n\u0131 da alt \u00fcst eden emperyalist devletlerin \u00f6tekini \u201ck\u00f6lele\u015ftirme\u201d \u00e7al\u0131\u015fmalar\u0131na kar\u015f\u0131 varl\u0131k g\u00f6sterebilmenin ancak \u0130sl\u00e2m metafizi\u011finin zamana, mek\u00e2na ve insana  dair yakla\u015f\u0131mlar\u0131, hikmet, irfan, izan kriterleri esas al\u0131narak ilimde, sanatta, siyasette bir Gelene\u011fi olmakla  m\u00fcmk\u00fcn olabilece\u011fini iddia ediyor.\u015eafak Yaz\u0131lar\u0131\u2019n\u0131n, manev\u00ee tek\u00e2m\u00fcl ve manev\u00ee bilgilenme yolunu besleyen damarlar\u0131m\u0131zdaki t\u0131kan\u0131kl\u0131klar\u0131n a\u00e7\u0131lmas\u0131na vesile olmas\u0131 \u00fcmidiyle\u2026 <\/p>\n","protected":false},"excerpt":{"rendered":"<p>\u00dcmitsizlik diyar\u0131na gitme, \u00fcmit buradaKaranl\u0131klar diyar\u0131na gitme, g\u00fcne\u015f buradaG\u00f6n\u00fcl seni, g\u00f6n\u00fcl ehlinin diyar\u0131naTen seni, su ve \u00e7amur hapsine \u00e7ekerO zaman g\u00f6n\u00fclda\u015fdan g\u00f6n\u00fcl g\u0131das\u0131 al daG\u00f6nl\u00fcn g\u0131dalans\u0131n<span class=\"excerpt-hellip\"> [\u2026]<\/span><\/p>\n","protected":false},"featured_media":0,"template":"","meta":{"_monsterinsights_skip_tracking":false,"_monsterinsights_sitenote_active":false,"_monsterinsights_sitenote_note":"","_monsterinsights_sitenote_category":0},"product_brand":[],"product_cat":[12718,12719,12720],"product_tag":[],"class_list":{"0":"post-711823","1":"product","2":"type-product","3":"status-publish","5":"product_cat-din","6":"product_cat-islam","7":"product_cat-tasavvuf-mezhepler-tarikatlar","8":"pa_cilt-ciltsiz","9":"pa_tur-kitap","10":"pa_yayinevi-sufi-kitap","11":"pa_yazar-mahmud-erol-kilic","13":"first","14":"instock","15":"sale","16":"shipping-taxable","17":"purchasable","18":"product-type-simple"},"_links":{"self":[{"href":"https:\/\/roveyayinevi.com.tr\/index.php\/wp-json\/wp\/v2\/product\/711823","targetHints":{"allow":["GET"]}}],"collection":[{"href":"https:\/\/roveyayinevi.com.tr\/index.php\/wp-json\/wp\/v2\/product"}],"about":[{"href":"https:\/\/roveyayinevi.com.tr\/index.php\/wp-json\/wp\/v2\/types\/product"}],"wp:attachment":[{"href":"https:\/\/roveyayinevi.com.tr\/index.php\/wp-json\/wp\/v2\/media?parent=711823"}],"wp:term":[{"taxonomy":"product_brand","embeddable":true,"href":"https:\/\/roveyayinevi.com.tr\/index.php\/wp-json\/wp\/v2\/product_brand?post=711823"},{"taxonomy":"product_cat","embeddable":true,"href":"https:\/\/roveyayinevi.com.tr\/index.php\/wp-json\/wp\/v2\/product_cat?post=711823"},{"taxonomy":"product_tag","embeddable":true,"href":"https:\/\/roveyayinevi.com.tr\/index.php\/wp-json\/wp\/v2\/product_tag?post=711823"}],"curies":[{"name":"wp","href":"https:\/\/api.w.org\/{rel}","templated":true}]}}