{"id":711822,"date":"2025-08-27T16:49:42","date_gmt":"2025-08-27T13:49:42","guid":{"rendered":"https:\/\/roveyayinevi.com.tr\/index.php\/urun\/tun-aga-yes-aga-mer-aluri-ov-aga-sen-aga-ben-aga-bu-unu-kim-eleye\/"},"modified":"2026-04-16T02:20:32","modified_gmt":"2026-04-15T23:20:32","slug":"tun-aga-yes-aga-mer-aluri-ov-aga-sen-aga-ben-aga-bu-unu-kim-eleye","status":"publish","type":"product","link":"https:\/\/roveyayinevi.com.tr\/index.php\/urun\/tun-aga-yes-aga-mer-aluri-ov-aga-sen-aga-ben-aga-bu-unu-kim-eleye\/","title":{"rendered":"Tun A\u011fa Yes A\u011fa Mer Al\u00fcr\u0131 Ov A\u011fa (Sen A\u011fa Ben A\u011fa Bu Unu Kim Eleye?)"},"content":{"rendered":"<p>\u00d6zellikle gen\u00e7 ku\u015fak Ermenice okurlar\u0131n ilgisini \u00e7ekecek mizah ve bilgelik dolu bir kitap \u2018Tun a\u011fa yes a\u011fa mer al\u00fcr\u0131 ov a\u011fa\u2019 (Sen A\u011fa Ben A\u011fa Bu Unu Kim Eleye?). \u0130stanbul\u2019da Ermenice edebiyat\u0131n en \u00fcretken yazarlar\u0131ndan, \u2018Nor Marmara\u2019 gazetesi genel yay\u0131n y\u00f6netmeni Rober Haddeciyan\u2019\u0131n eseri, Ermenice deyi\u015flerin zengin d\u00fcnyas\u0131na bir giri\u015f niteli\u011fi ta\u015f\u0131yor. Halk\u0131n y\u00fczy\u0131llar, belki binlerce y\u0131l eskilere dayanan bir birikimin imbi\u011finden dam\u0131tarak sadece birka\u00e7 kelimeye s\u0131\u011fd\u0131rd\u0131\u011f\u0131 bu s\u00f6zleri Haddeciyan kolay ve zevkli bir anlat\u0131mla, basit bir dille anlat\u0131yor. Deneyimli yazar, deyimlerden s\u00f6z ederken g\u00fcncel geli\u015fmelere ve ya\u015fam\u0131n her an\u0131nda kar\u015f\u0131la\u015ft\u0131\u011f\u0131m\u0131z veya maruz kald\u0131\u011f\u0131m\u0131z olaylara da de\u011finiyor, keskin g\u00f6zlem yetene\u011fini ve usta i\u015fi tahlillerini de konu\u015fturuyor. Haddeciyan\u2019\u0131n \u2018Nor Marmara\u2019da yay\u0131mlanan \u201cErmenice Deyi\u015flerden \u0130lhamla\u201d ba\u015fl\u0131kl\u0131 yaz\u0131 dizisinden derlenen kitap, tan\u0131nm\u0131\u015f karikat\u00fcrist Sarkis Pa\u00e7ac\u0131\u2019n\u0131n muzip \u00e7izgileriyle renkleniyor. Gen\u00e7lerin ve kendini gen\u00e7 hissedenlerin Ermenice dilinde basit ve ak\u0131c\u0131 bir metin okumalar\u0131, e\u011flenirken d\u00fc\u015f\u00fcnmeleri i\u00e7in g\u00fczel bir f\u0131rsat&#8230; <\/p>\n","protected":false},"excerpt":{"rendered":"<p>\u00d6zellikle gen\u00e7 ku\u015fak Ermenice okurlar\u0131n ilgisini \u00e7ekecek mizah ve bilgelik dolu bir kitap \u2018Tun a\u011fa yes a\u011fa mer al\u00fcr\u0131 ov a\u011fa\u2019 (Sen A\u011fa Ben A\u011fa Bu<span class=\"excerpt-hellip\"> [\u2026]<\/span><\/p>\n","protected":false},"featured_media":0,"template":"","meta":{"_monsterinsights_skip_tracking":false,"_monsterinsights_sitenote_active":false,"_monsterinsights_sitenote_note":"","_monsterinsights_sitenote_category":0},"product_brand":[],"product_cat":[12291,14825],"product_tag":[],"class_list":{"0":"post-711822","1":"product","2":"type-product","3":"status-publish","5":"product_cat-edebiyat","6":"product_cat-mizah","7":"pa_cilt-ciltsiz","8":"pa_tur-kitap","9":"pa_yayinevi-aras-yayinlari","10":"pa_yazar-rober-haddeciyan","12":"first","13":"instock","14":"sale","15":"shipping-taxable","16":"purchasable","17":"product-type-simple"},"_links":{"self":[{"href":"https:\/\/roveyayinevi.com.tr\/index.php\/wp-json\/wp\/v2\/product\/711822","targetHints":{"allow":["GET"]}}],"collection":[{"href":"https:\/\/roveyayinevi.com.tr\/index.php\/wp-json\/wp\/v2\/product"}],"about":[{"href":"https:\/\/roveyayinevi.com.tr\/index.php\/wp-json\/wp\/v2\/types\/product"}],"wp:attachment":[{"href":"https:\/\/roveyayinevi.com.tr\/index.php\/wp-json\/wp\/v2\/media?parent=711822"}],"wp:term":[{"taxonomy":"product_brand","embeddable":true,"href":"https:\/\/roveyayinevi.com.tr\/index.php\/wp-json\/wp\/v2\/product_brand?post=711822"},{"taxonomy":"product_cat","embeddable":true,"href":"https:\/\/roveyayinevi.com.tr\/index.php\/wp-json\/wp\/v2\/product_cat?post=711822"},{"taxonomy":"product_tag","embeddable":true,"href":"https:\/\/roveyayinevi.com.tr\/index.php\/wp-json\/wp\/v2\/product_tag?post=711822"}],"curies":[{"name":"wp","href":"https:\/\/api.w.org\/{rel}","templated":true}]}}