{"id":711816,"date":"2025-08-27T16:49:38","date_gmt":"2025-08-27T13:49:38","guid":{"rendered":"https:\/\/roveyayinevi.com.tr\/index.php\/urun\/aksamlik\/"},"modified":"2026-04-16T02:20:32","modified_gmt":"2026-04-15T23:20:32","slug":"aksamlik","status":"publish","type":"product","link":"https:\/\/roveyayinevi.com.tr\/index.php\/urun\/aksamlik\/","title":{"rendered":"Ak\u015faml\u0131k"},"content":{"rendered":"<p>\u015eiir, insan ruhunun en \u00f6zenli bir dil ve en \u00e7arp\u0131c\u0131 bir bi\u00e7imle ka\u011f\u0131da yans\u0131t\u0131lmas\u0131 ise, G\u00fcven Baykan, \u015fiirleri ile bizi biraz daha &#8216; insanla\u015fmaya&#8217; yakla\u015ft\u0131r\u0131yor. Ak\u015faml\u0131k&#8217;ta yer alan \u015fiirler, hem d\u00fcnyan\u0131n bize sundu\u011fu t\u00fcm g\u00fczellikleri en derinlemesine hissedebilen, hem de kendi hayat\u0131n\u0131n en g\u00fczel hikayesini vakitsiz yitirmi\u015f bir kalemin ucundan d\u00f6k\u00fclm\u00fc\u015f dizelerden olu\u015fuyor&#8230; Bu y\u00fczden b\u00f6ylesine co\u015fkulu, bu y\u00fczden b\u00f6ylesine y\u00fcrek s\u0131zlatan&#8230;\u201canlad\u0131m kikitap okurkenkoltu\u011fundauyuyakalm\u0131\u015fsan;ve uyand\u0131\u011f\u0131nda\u00fczerin \u00f6rt\u00fcl\u00fc de\u011filseyaln\u0131zs\u0131nd\u0131r.\u201d <\/p>\n","protected":false},"excerpt":{"rendered":"<p>\u015eiir, insan ruhunun en \u00f6zenli bir dil ve en \u00e7arp\u0131c\u0131 bir bi\u00e7imle ka\u011f\u0131da yans\u0131t\u0131lmas\u0131 ise, G\u00fcven Baykan, \u015fiirleri ile bizi biraz daha &#8216; insanla\u015fmaya&#8217; yakla\u015ft\u0131r\u0131yor. Ak\u015faml\u0131k&#8217;ta<span class=\"excerpt-hellip\"> [\u2026]<\/span><\/p>\n","protected":false},"featured_media":0,"template":"","meta":{"_monsterinsights_skip_tracking":false,"_monsterinsights_sitenote_active":false,"_monsterinsights_sitenote_note":"","_monsterinsights_sitenote_category":0},"product_brand":[],"product_cat":[12291,12509],"product_tag":[],"class_list":{"0":"post-711816","1":"product","2":"type-product","3":"status-publish","5":"product_cat-edebiyat","6":"product_cat-siir","7":"pa_cilt-ciltsiz","8":"pa_tur-kitap","9":"pa_yayinevi-telgrafhane-yayinlari","10":"pa_yazar-guven-baykan","12":"first","13":"instock","14":"sale","15":"shipping-taxable","16":"purchasable","17":"product-type-simple"},"_links":{"self":[{"href":"https:\/\/roveyayinevi.com.tr\/index.php\/wp-json\/wp\/v2\/product\/711816","targetHints":{"allow":["GET"]}}],"collection":[{"href":"https:\/\/roveyayinevi.com.tr\/index.php\/wp-json\/wp\/v2\/product"}],"about":[{"href":"https:\/\/roveyayinevi.com.tr\/index.php\/wp-json\/wp\/v2\/types\/product"}],"wp:attachment":[{"href":"https:\/\/roveyayinevi.com.tr\/index.php\/wp-json\/wp\/v2\/media?parent=711816"}],"wp:term":[{"taxonomy":"product_brand","embeddable":true,"href":"https:\/\/roveyayinevi.com.tr\/index.php\/wp-json\/wp\/v2\/product_brand?post=711816"},{"taxonomy":"product_cat","embeddable":true,"href":"https:\/\/roveyayinevi.com.tr\/index.php\/wp-json\/wp\/v2\/product_cat?post=711816"},{"taxonomy":"product_tag","embeddable":true,"href":"https:\/\/roveyayinevi.com.tr\/index.php\/wp-json\/wp\/v2\/product_tag?post=711816"}],"curies":[{"name":"wp","href":"https:\/\/api.w.org\/{rel}","templated":true}]}}