{"id":711814,"date":"2025-08-27T16:49:37","date_gmt":"2025-08-27T13:49:37","guid":{"rendered":"https:\/\/roveyayinevi.com.tr\/index.php\/urun\/icimizdeki-insan-susunca\/"},"modified":"2026-04-16T02:20:32","modified_gmt":"2026-04-15T23:20:32","slug":"icimizdeki-insan-susunca","status":"publish","type":"product","link":"https:\/\/roveyayinevi.com.tr\/index.php\/urun\/icimizdeki-insan-susunca\/","title":{"rendered":"\u0130\u00e7imizdeki \u0130nsan Susunca"},"content":{"rendered":"<p>Masmavi g\u00f6l\u00fcn k\u0131y\u0131s\u0131ndaki g\u00fczel bir kasabada, \u00e7ocuklar\u0131n a\u015fk\u0131 ile ba\u015flayan hik\u00e2ye, trajik bir trafik kazas\u0131 sonras\u0131, tabiat\u0131n huzurlu ve b\u00fcy\u00fcl\u00fc d\u00fcnyas\u0131na s\u0131\u011f\u0131nm\u0131\u015f anne-babay\u0131 hi\u00e7 umulmad\u0131k yerlere savurup at\u0131yor, inan\u00e7lar\u0131yla ve do\u011fayla ba\u015fba\u015fa kald\u0131klar\u0131nda da i\u00e7 d\u00fcnyalar\u0131n\u0131 sorgulamaya kadar g\u00f6t\u00fcr\u00fcyor.Yazar, okuru bu \u015firin ta\u015fra y\u00f6resinde, insan\u0131 durultan tabiat\u0131n ula\u015f\u0131lmaz s\u0131rlar\u0131 yan\u0131nda, ya\u015fam\u0131n etkileyici ve mistik labirentleriyle de bulu\u015fturuyor.Fikret \u00d6zkurt bu son roman\u0131yla, hayata dair ya\u015fan\u0131lan k\u0131r\u0131lganl\u0131klar\u0131n insan\u0131 sonunda yine do\u011fan\u0131n bir par\u00e7as\u0131 olarak kendine d\u00f6nd\u00fcrd\u00fc\u011f\u00fcn\u00fc ve orada yeniden evrilip bamba\u015fka yap\u0131lara d\u00f6n\u00fc\u015ft\u00fcrd\u00fc\u011f\u00fcn\u00fc anlat\u0131yor. <\/p>\n","protected":false},"excerpt":{"rendered":"<p>Masmavi g\u00f6l\u00fcn k\u0131y\u0131s\u0131ndaki g\u00fczel bir kasabada, \u00e7ocuklar\u0131n a\u015fk\u0131 ile ba\u015flayan hik\u00e2ye, trajik bir trafik kazas\u0131 sonras\u0131, tabiat\u0131n huzurlu ve b\u00fcy\u00fcl\u00fc d\u00fcnyas\u0131na s\u0131\u011f\u0131nm\u0131\u015f anne-babay\u0131 hi\u00e7 umulmad\u0131k yerlere<span class=\"excerpt-hellip\"> [\u2026]<\/span><\/p>\n","protected":false},"featured_media":0,"template":"","meta":{"_monsterinsights_skip_tracking":false,"_monsterinsights_sitenote_active":false,"_monsterinsights_sitenote_note":"","_monsterinsights_sitenote_category":0},"product_brand":[],"product_cat":[12291,12711],"product_tag":[],"class_list":{"0":"post-711814","1":"product","2":"type-product","3":"status-publish","5":"product_cat-edebiyat","6":"product_cat-roman-oyku","7":"pa_cilt-ciltsiz","8":"pa_tur-kitap","9":"pa_yayinevi-telgrafhane-yayinlari","10":"pa_yazar-fikret-ozkurt","12":"first","13":"instock","14":"sale","15":"shipping-taxable","16":"purchasable","17":"product-type-simple"},"_links":{"self":[{"href":"https:\/\/roveyayinevi.com.tr\/index.php\/wp-json\/wp\/v2\/product\/711814","targetHints":{"allow":["GET"]}}],"collection":[{"href":"https:\/\/roveyayinevi.com.tr\/index.php\/wp-json\/wp\/v2\/product"}],"about":[{"href":"https:\/\/roveyayinevi.com.tr\/index.php\/wp-json\/wp\/v2\/types\/product"}],"wp:attachment":[{"href":"https:\/\/roveyayinevi.com.tr\/index.php\/wp-json\/wp\/v2\/media?parent=711814"}],"wp:term":[{"taxonomy":"product_brand","embeddable":true,"href":"https:\/\/roveyayinevi.com.tr\/index.php\/wp-json\/wp\/v2\/product_brand?post=711814"},{"taxonomy":"product_cat","embeddable":true,"href":"https:\/\/roveyayinevi.com.tr\/index.php\/wp-json\/wp\/v2\/product_cat?post=711814"},{"taxonomy":"product_tag","embeddable":true,"href":"https:\/\/roveyayinevi.com.tr\/index.php\/wp-json\/wp\/v2\/product_tag?post=711814"}],"curies":[{"name":"wp","href":"https:\/\/api.w.org\/{rel}","templated":true}]}}