{"id":711813,"date":"2025-08-27T16:49:37","date_gmt":"2025-08-27T13:49:37","guid":{"rendered":"https:\/\/roveyayinevi.com.tr\/index.php\/urun\/alternatifsiz-kriz\/"},"modified":"2026-04-16T02:20:32","modified_gmt":"2026-04-15T23:20:32","slug":"alternatifsiz-kriz","status":"publish","type":"product","link":"https:\/\/roveyayinevi.com.tr\/index.php\/urun\/alternatifsiz-kriz\/","title":{"rendered":"Alternatifsiz Kriz"},"content":{"rendered":"<p>Alternatifsiz Kriz\u2019de, T\u00fcrkiye solunun ge\u00e7mi\u015finden getirdi\u011fi y\u00fckleri, yeni bir toplumcu alternatif yaratman\u0131n \u00f6n\u00fcndeki engelleri ve her \u015feye ra\u011fmen bu alternatifi yaratman\u0131n zorunlulu\u011funu kaleme al\u0131yor Mehmet Tanju Akad.\u201cMevcut sa\u011f ve sol ezici \u00e7o\u011funluk itibariyle sekter ve iticidir. Kendi kuyusunu kazmakta mahirdir. Bunlar\u0131n d\u0131\u015f\u0131nda kalanlar ise \u00e7o\u011funlu\u011fa kar\u0131\u015ft\u0131klar\u0131 anda ku\u015fat\u0131l\u0131p etkisizle\u015fmektedir. Bu nedenle kendi ak\u0131llar\u0131n\u0131 koruyacak ama orta vadede ku\u015fatanlar\u0131 tecrit edip, giderek onlar\u0131 ku\u015fatacak bir donan\u0131ma sahip olmal\u0131d\u0131r. Dogmatik yakla\u015f\u0131mlar\u0131n terk edilmesi bunun ilk ad\u0131m\u0131d\u0131r. Kendi d\u0131\u015f\u0131nda kalan b\u00fct\u00fcn siyasetlere d\u00fc\u015fman, halk\u0131n g\u00fcn\u00fcn birinde kendi fikirlerini desteklemesini bekleyenlerin ak\u0131llar\u0131n\u0131 ba\u015flar\u0131na toplamlar\u0131n\u0131 beklemek ham bir hayaldir. Bu ba\u011fnaz soldan uzakla\u015fmak ve onlar\u0131 etkisiz k\u0131lmak ilk ad\u0131md\u0131r. \u0130kinci ad\u0131m ise asgari hedefte birle\u015fecek geni\u015f kesimlerin t\u00fcm\u00fcyle diyalog kap\u0131lar\u0131n\u0131 a\u00e7makt\u0131r. Bu istemekle yap\u0131labilecek bir \u015fey de\u011fildir. Bu niyeti samimi olarak ta\u015f\u0131mak ve toplumdaki farkl\u0131 k\u00fclt\u00fcrlere sayg\u0131yla yakla\u015fmak gerekir. Aksi h\u00e2lde samimiyetsizlik zaten derh\u00e2l fark edilir. \u0130nsanlar\u0131 kullanma mant\u0131\u011f\u0131, t\u0131pk\u0131 lidere biat al\u0131\u015fkanl\u0131\u011f\u0131 gibi, ne yaz\u0131k ki solda \u00e7ok yerle\u015fiktir. Bunun terk edilmesi son derece \u00f6nemlidir. Yani topyek\u00fbn yeni bir toplumcu hareketin yarat\u0131lmas\u0131 \u015fartt\u0131r.\u201d <\/p>\n","protected":false},"excerpt":{"rendered":"<p>Alternatifsiz Kriz\u2019de, T\u00fcrkiye solunun ge\u00e7mi\u015finden getirdi\u011fi y\u00fckleri, yeni bir toplumcu alternatif yaratman\u0131n \u00f6n\u00fcndeki engelleri ve her \u015feye ra\u011fmen bu alternatifi yaratman\u0131n zorunlulu\u011funu kaleme al\u0131yor Mehmet Tanju<span class=\"excerpt-hellip\"> [\u2026]<\/span><\/p>\n","protected":false},"featured_media":0,"template":"","meta":{"_monsterinsights_skip_tracking":false,"_monsterinsights_sitenote_active":false,"_monsterinsights_sitenote_note":"","_monsterinsights_sitenote_category":0},"product_brand":[],"product_cat":[12337,14706],"product_tag":[],"class_list":{"0":"post-711813","1":"product","2":"type-product","3":"status-publish","5":"product_cat-politika-siyaset","6":"product_cat-siyaset-bilimi","7":"pa_cilt-ciltsiz","8":"pa_tur-kitap","9":"pa_yayinevi-telgrafhane-yayinlari","10":"pa_yazar-mehmet-tanju-akad","12":"first","13":"instock","14":"sale","15":"shipping-taxable","16":"purchasable","17":"product-type-simple"},"_links":{"self":[{"href":"https:\/\/roveyayinevi.com.tr\/index.php\/wp-json\/wp\/v2\/product\/711813","targetHints":{"allow":["GET"]}}],"collection":[{"href":"https:\/\/roveyayinevi.com.tr\/index.php\/wp-json\/wp\/v2\/product"}],"about":[{"href":"https:\/\/roveyayinevi.com.tr\/index.php\/wp-json\/wp\/v2\/types\/product"}],"wp:attachment":[{"href":"https:\/\/roveyayinevi.com.tr\/index.php\/wp-json\/wp\/v2\/media?parent=711813"}],"wp:term":[{"taxonomy":"product_brand","embeddable":true,"href":"https:\/\/roveyayinevi.com.tr\/index.php\/wp-json\/wp\/v2\/product_brand?post=711813"},{"taxonomy":"product_cat","embeddable":true,"href":"https:\/\/roveyayinevi.com.tr\/index.php\/wp-json\/wp\/v2\/product_cat?post=711813"},{"taxonomy":"product_tag","embeddable":true,"href":"https:\/\/roveyayinevi.com.tr\/index.php\/wp-json\/wp\/v2\/product_tag?post=711813"}],"curies":[{"name":"wp","href":"https:\/\/api.w.org\/{rel}","templated":true}]}}