{"id":711812,"date":"2025-08-27T16:49:36","date_gmt":"2025-08-27T13:49:36","guid":{"rendered":"https:\/\/roveyayinevi.com.tr\/index.php\/urun\/cinarlarin-golgesinde-anilarimda-yuregimde\/"},"modified":"2026-04-16T02:20:32","modified_gmt":"2026-04-15T23:20:32","slug":"cinarlarin-golgesinde-anilarimda-yuregimde","status":"publish","type":"product","link":"https:\/\/roveyayinevi.com.tr\/index.php\/urun\/cinarlarin-golgesinde-anilarimda-yuregimde\/","title":{"rendered":"\u00c7\u0131narlar\u0131n G\u00f6lgesinde &#8211; An\u0131lar\u0131mda, Y\u00fcre\u011fimde&#8230;"},"content":{"rendered":"<p>Kafka, De\u011fi\u015fim\u2019i yay\u0131nland\u0131\u011f\u0131nda, kitab\u0131 ilk alan kimdi?N\u00e2z\u0131m Hikmet, tren gar\u0131nda Abidin Dino\u2019ya neden \u2018Fuzuli\u2019yi kurtars\u0131nlar!\u2019 dedi?Harold Pinter, hangi oyununu \u2018T\u00fcrk Bayanlar\u2019 ile aras\u0131nda ge\u00e7en konu\u015fman\u0131n ard\u0131ndan yazd\u0131?Nazi ordular\u0131ndan ka\u00e7\u0131p T\u00fcrkiye\u2019ye s\u0131\u011f\u0131nmak isteyen d\u00fcnyaca \u00fcnl\u00fc sanat\u00e7\u0131 kimdi?Cengiz Aytmatov, Atat\u00fcrk i\u00e7in ne demi\u015fti?Babas\u0131 Anadolu\u2019da sava\u015fm\u0131\u015f d\u00fcnyaca \u00fcnl\u00fc y\u00f6netmen o g\u00fcnleri nas\u0131l anlat\u0131yordu?Unesco Temsilci\u011fi\u2019nde \u00e7\u00f6pe at\u0131lan kitaplar\u0131n aras\u0131nda hangi yazar\u0131n kitab\u0131 da vard\u0131?Vassilis Vassilikos romanlar\u0131n\u0131 ne zaman yazard\u0131?Turgut \u00d6zal, hangi \u00fcniversite i\u00e7in \u2018Buras\u0131 iyi otel olur\u2019 demi\u015fti?\u0130talyan konsolos hangi T\u00fcrk sanat\u00e7\u0131n\u0131n CD\u2019leri ile \u00e7\u0131kageldi?Daver Darende, kendi hayat\u0131ndan izleri okurlar\u0131yla payla\u015f\u0131rken, bir yandan sanata, tarihe, yer yer de siyasetin \u00e7irkin y\u00fcz\u00fcne ama en \u00e7ok toplum ve insanl\u0131k belle\u011fine dair keyifli bir ufuk turuna \u00e7\u0131kar\u0131yor okurlar\u0131n\u0131\u2026 <\/p>\n","protected":false},"excerpt":{"rendered":"<p>Kafka, De\u011fi\u015fim\u2019i yay\u0131nland\u0131\u011f\u0131nda, kitab\u0131 ilk alan kimdi?N\u00e2z\u0131m Hikmet, tren gar\u0131nda Abidin Dino\u2019ya neden \u2018Fuzuli\u2019yi kurtars\u0131nlar!\u2019 dedi?Harold Pinter, hangi oyununu \u2018T\u00fcrk Bayanlar\u2019 ile aras\u0131nda ge\u00e7en konu\u015fman\u0131n ard\u0131ndan<span class=\"excerpt-hellip\"> [\u2026]<\/span><\/p>\n","protected":false},"featured_media":0,"template":"","meta":{"_monsterinsights_skip_tracking":false,"_monsterinsights_sitenote_active":false,"_monsterinsights_sitenote_note":"","_monsterinsights_sitenote_category":0},"product_brand":[],"product_cat":[12777,12291],"product_tag":[],"class_list":{"0":"post-711812","1":"product","2":"type-product","3":"status-publish","5":"product_cat-deneme","6":"product_cat-edebiyat","7":"pa_cilt-ciltsiz","8":"pa_tur-kitap","9":"pa_yayinevi-telgrafhane-yayinlari","10":"pa_yazar-daver-darende","12":"first","13":"instock","14":"sale","15":"shipping-taxable","16":"purchasable","17":"product-type-simple"},"_links":{"self":[{"href":"https:\/\/roveyayinevi.com.tr\/index.php\/wp-json\/wp\/v2\/product\/711812","targetHints":{"allow":["GET"]}}],"collection":[{"href":"https:\/\/roveyayinevi.com.tr\/index.php\/wp-json\/wp\/v2\/product"}],"about":[{"href":"https:\/\/roveyayinevi.com.tr\/index.php\/wp-json\/wp\/v2\/types\/product"}],"wp:attachment":[{"href":"https:\/\/roveyayinevi.com.tr\/index.php\/wp-json\/wp\/v2\/media?parent=711812"}],"wp:term":[{"taxonomy":"product_brand","embeddable":true,"href":"https:\/\/roveyayinevi.com.tr\/index.php\/wp-json\/wp\/v2\/product_brand?post=711812"},{"taxonomy":"product_cat","embeddable":true,"href":"https:\/\/roveyayinevi.com.tr\/index.php\/wp-json\/wp\/v2\/product_cat?post=711812"},{"taxonomy":"product_tag","embeddable":true,"href":"https:\/\/roveyayinevi.com.tr\/index.php\/wp-json\/wp\/v2\/product_tag?post=711812"}],"curies":[{"name":"wp","href":"https:\/\/api.w.org\/{rel}","templated":true}]}}