{"id":711811,"date":"2025-08-27T16:49:35","date_gmt":"2025-08-27T13:49:35","guid":{"rendered":"https:\/\/roveyayinevi.com.tr\/index.php\/urun\/balkanlar-yaniyor-yitirilen-topraklarda-filizlenen-bir-askin-hikayesi\/"},"modified":"2026-04-16T02:20:32","modified_gmt":"2026-04-15T23:20:32","slug":"balkanlar-yaniyor-yitirilen-topraklarda-filizlenen-bir-askin-hikayesi","status":"publish","type":"product","link":"https:\/\/roveyayinevi.com.tr\/index.php\/urun\/balkanlar-yaniyor-yitirilen-topraklarda-filizlenen-bir-askin-hikayesi\/","title":{"rendered":"Balkanlar Yan\u0131yor &#8211; Yitirilen Topraklarda Filizlenen Bir A\u015fk\u0131n Hikayesi&#8230;"},"content":{"rendered":"<p>\u00dcste\u011fmen Naz\u0131m, G\u00fclnihal, Te\u011fmen Y\u00fcksel, Emir Eri Mestan, Rabia Han\u0131m, Selvi Hatun, Elif, Akif Y\u00fczba\u015f\u0131&#8230;Ve daha nicesi&#8230;Her birinin hikayesi ba\u015fl\u0131 ba\u015f\u0131na roman olabilecek kahramanlar&#8230;\u201cBalkanlar Yan\u0131yor\u201d, Rumeli topraklar\u0131n\u0131, Rumeli halk\u0131n\u0131n can\u0131n\u0131, mal\u0131n\u0131, namusunu korumak i\u00e7in, canlar\u0131n\u0131 hi\u00e7e sayan bir avu\u00e7 kahraman\u0131n, be\u015f y\u00fcz y\u0131l bar\u0131\u015f i\u00e7inde ya\u015fanan topraklar\u0131n terk edili\u015finin ve tarihin bu kara sayfas\u0131nda filizlenen bir a\u015fk\u0131n hazin \u00f6yk\u00fcs\u00fcd\u00fcr. <\/p>\n","protected":false},"excerpt":{"rendered":"<p>\u00dcste\u011fmen Naz\u0131m, G\u00fclnihal, Te\u011fmen Y\u00fcksel, Emir Eri Mestan, Rabia Han\u0131m, Selvi Hatun, Elif, Akif Y\u00fczba\u015f\u0131&#8230;Ve daha nicesi&#8230;Her birinin hikayesi ba\u015fl\u0131 ba\u015f\u0131na roman olabilecek kahramanlar&#8230;\u201cBalkanlar Yan\u0131yor\u201d, Rumeli<span class=\"excerpt-hellip\"> [\u2026]<\/span><\/p>\n","protected":false},"featured_media":0,"template":"","meta":{"_monsterinsights_skip_tracking":false,"_monsterinsights_sitenote_active":false,"_monsterinsights_sitenote_note":"","_monsterinsights_sitenote_category":0},"product_brand":[],"product_cat":[12291,12745],"product_tag":[],"class_list":{"0":"post-711811","1":"product","2":"type-product","3":"status-publish","5":"product_cat-edebiyat","6":"product_cat-tarihi-roman","7":"pa_cilt-ciltsiz","8":"pa_tur-kitap","9":"pa_yayinevi-telgrafhane-yayinlari","10":"pa_yazar-nevzat-kutlu","12":"first","13":"instock","14":"sale","15":"shipping-taxable","16":"purchasable","17":"product-type-simple"},"_links":{"self":[{"href":"https:\/\/roveyayinevi.com.tr\/index.php\/wp-json\/wp\/v2\/product\/711811","targetHints":{"allow":["GET"]}}],"collection":[{"href":"https:\/\/roveyayinevi.com.tr\/index.php\/wp-json\/wp\/v2\/product"}],"about":[{"href":"https:\/\/roveyayinevi.com.tr\/index.php\/wp-json\/wp\/v2\/types\/product"}],"wp:attachment":[{"href":"https:\/\/roveyayinevi.com.tr\/index.php\/wp-json\/wp\/v2\/media?parent=711811"}],"wp:term":[{"taxonomy":"product_brand","embeddable":true,"href":"https:\/\/roveyayinevi.com.tr\/index.php\/wp-json\/wp\/v2\/product_brand?post=711811"},{"taxonomy":"product_cat","embeddable":true,"href":"https:\/\/roveyayinevi.com.tr\/index.php\/wp-json\/wp\/v2\/product_cat?post=711811"},{"taxonomy":"product_tag","embeddable":true,"href":"https:\/\/roveyayinevi.com.tr\/index.php\/wp-json\/wp\/v2\/product_tag?post=711811"}],"curies":[{"name":"wp","href":"https:\/\/api.w.org\/{rel}","templated":true}]}}