{"id":711809,"date":"2025-08-27T16:49:34","date_gmt":"2025-08-27T13:49:34","guid":{"rendered":"https:\/\/roveyayinevi.com.tr\/index.php\/urun\/satir-artigi\/"},"modified":"2026-04-16T02:20:32","modified_gmt":"2026-04-15T23:20:32","slug":"satir-artigi","status":"publish","type":"product","link":"https:\/\/roveyayinevi.com.tr\/index.php\/urun\/satir-artigi\/","title":{"rendered":"Sat\u0131r Art\u0131\u011f\u0131"},"content":{"rendered":"<p>\u2022 Elinizdeki kitab\u0131n bulundu\u011fu eve hastal\u0131k girmez, hasta varsa iyile\u015fir, g\u00fcnde 1 kez bakan nezle bile olmaz. \u2022 40. sayfas\u0131n\u0131 40 kez okuyan\u0131n yaln\u0131zsa k\u0131smeti a\u00e7\u0131l\u0131r, sevdi\u011fine kavu\u015fur, evliyse muhabbeti artar. \u2022 70. sayfas\u0131n\u0131 70. kez okuduktan sonra 70 kez \u201csat\u0131rdan arts\u0131n cebime dolsun\u201d diyen bollu\u011fa, berekete kavu\u015fur, zengin olur. \u2022 90. sayfas\u0131n\u0131 okumadan kitab\u0131 ba\u015f\u0131n\u0131n \u00fczerinde 3 kez d\u00f6nd\u00fcr\u00fcp 90 kez \u201csat\u0131r yoksa kat\u0131r olsun\u201d diyen E\u015fek Adas\u0131\u2019nda m\u00fclk sahibi olur. \u2022 100. sayfas\u0131ndaki kelimelerin toplam\u0131n\u0131 100\u2019le \u00e7arpt\u0131ktan sonra sonucu ya\u015f\u0131na b\u00f6l\u00fcp \u00e7\u0131kan say\u0131 kadar okuyan\u0131n zihni a\u00e7\u0131l\u0131r, b\u00fct\u00fcn s\u0131navlar\u0131 kazan\u0131r ilim insan\u0131 olur. Ama\u2026 Her sayfas\u0131n\u0131 1 kez okuyan sadece g\u00fcler, baz\u0131 yerlerde k\u0131zabilir hatta korkabilir bile. Duygu garantisi yoktur. Belirtilen say\u0131lardan daha fazla okumak ve karikat\u00fcrlere uzun s\u00fcre bakmak alg\u0131 bozukluklar\u0131na neden olabilir. Belirtilen say\u0131larda okundu\u011fu halde yaz\u0131lan \u015fifalar bulunamam\u0131\u015fsa okuyan\u0131n niyeti bozuk demektir; sorumluluk kabul edilmez\u2026 <\/p>\n","protected":false},"excerpt":{"rendered":"<p>\u2022 Elinizdeki kitab\u0131n bulundu\u011fu eve hastal\u0131k girmez, hasta varsa iyile\u015fir, g\u00fcnde 1 kez bakan nezle bile olmaz. \u2022 40. sayfas\u0131n\u0131 40 kez okuyan\u0131n yaln\u0131zsa k\u0131smeti a\u00e7\u0131l\u0131r,<span class=\"excerpt-hellip\"> [\u2026]<\/span><\/p>\n","protected":false},"featured_media":0,"template":"","meta":{"_monsterinsights_skip_tracking":false,"_monsterinsights_sitenote_active":false,"_monsterinsights_sitenote_note":"","_monsterinsights_sitenote_category":0},"product_brand":[],"product_cat":[12291,14825],"product_tag":[],"class_list":{"0":"post-711809","1":"product","2":"type-product","3":"status-publish","5":"product_cat-edebiyat","6":"product_cat-mizah","7":"pa_cilt-ciltsiz","8":"pa_tur-kitap","9":"pa_yayinevi-kaynak-yayinlari","10":"pa_yazar-oktay-yildirim-tuncay-batibeki","12":"first","13":"instock","14":"sale","15":"shipping-taxable","16":"purchasable","17":"product-type-simple"},"_links":{"self":[{"href":"https:\/\/roveyayinevi.com.tr\/index.php\/wp-json\/wp\/v2\/product\/711809","targetHints":{"allow":["GET"]}}],"collection":[{"href":"https:\/\/roveyayinevi.com.tr\/index.php\/wp-json\/wp\/v2\/product"}],"about":[{"href":"https:\/\/roveyayinevi.com.tr\/index.php\/wp-json\/wp\/v2\/types\/product"}],"wp:attachment":[{"href":"https:\/\/roveyayinevi.com.tr\/index.php\/wp-json\/wp\/v2\/media?parent=711809"}],"wp:term":[{"taxonomy":"product_brand","embeddable":true,"href":"https:\/\/roveyayinevi.com.tr\/index.php\/wp-json\/wp\/v2\/product_brand?post=711809"},{"taxonomy":"product_cat","embeddable":true,"href":"https:\/\/roveyayinevi.com.tr\/index.php\/wp-json\/wp\/v2\/product_cat?post=711809"},{"taxonomy":"product_tag","embeddable":true,"href":"https:\/\/roveyayinevi.com.tr\/index.php\/wp-json\/wp\/v2\/product_tag?post=711809"}],"curies":[{"name":"wp","href":"https:\/\/api.w.org\/{rel}","templated":true}]}}