{"id":711808,"date":"2025-08-27T16:49:34","date_gmt":"2025-08-27T13:49:34","guid":{"rendered":"https:\/\/roveyayinevi.com.tr\/index.php\/urun\/ashab-i-kehfimiz-bir-ermeni-gencinin-hatiralari\/"},"modified":"2026-04-16T02:20:32","modified_gmt":"2026-04-15T23:20:32","slug":"ashab-i-kehfimiz-bir-ermeni-gencinin-hatiralari","status":"publish","type":"product","link":"https:\/\/roveyayinevi.com.tr\/index.php\/urun\/ashab-i-kehfimiz-bir-ermeni-gencinin-hatiralari\/","title":{"rendered":"Ashab-\u0131 Kehfimiz Bir Ermeni Gencinin Hat\u0131ralar\u0131"},"content":{"rendered":"<p>Birtak\u0131m ayd\u0131nlar \u0130mparatorlu\u011fun da\u011f\u0131l\u0131p par\u00e7alanmas\u0131n\u0131 engellemek i\u00e7in \u00e7are olarak \u201cOsmanl\u0131 Kayna\u015fma Kul\u00fcb\u00fc\u201d ad\u0131yla bir cemiyet kurarlar. Ancak cemiyet \u00fcyelerinin ibretlik d\u00fc\u015f\u00fcnceleri ve eylemleri ger\u00e7eklere toslay\u0131nca vaziyet i\u00e7inden \u00e7\u0131k\u0131lmaz bir hal al\u0131r. \u00d6mer Seyfettin, bu g\u00fczel \u201ctoplumsal roman\u201d\u0131nda, \u00e7ok ak\u0131ll\u0131ca bir bulu\u015fla, d\u0131\u015far\u0131dan bir g\u00f6zle, Kad\u0131k\u00f6yl\u00fc bir Ermeni\u2019nin g\u00fcnl\u00fc\u011f\u00fcyle olaylar\u0131 anlat\u0131yor ve d\u00fc\u015f\u00fcncelerini a\u00e7\u0131kl\u0131yor. Eser, 1918 tarihli eski T\u00fcrk\u00e7e ilk bask\u0131s\u0131ndan b\u00fcy\u00fck bir titizlikle okundu ve sadele\u015ftirildi. Asl\u0131na, ruhuna, \u00d6mer Seyfettin\u2019in d\u00fc\u015f\u00fcncelerine hi\u00e7 ili\u015fmeden. <\/p>\n","protected":false},"excerpt":{"rendered":"<p>Birtak\u0131m ayd\u0131nlar \u0130mparatorlu\u011fun da\u011f\u0131l\u0131p par\u00e7alanmas\u0131n\u0131 engellemek i\u00e7in \u00e7are olarak \u201cOsmanl\u0131 Kayna\u015fma Kul\u00fcb\u00fc\u201d ad\u0131yla bir cemiyet kurarlar. Ancak cemiyet \u00fcyelerinin ibretlik d\u00fc\u015f\u00fcnceleri ve eylemleri ger\u00e7eklere toslay\u0131nca vaziyet<span class=\"excerpt-hellip\"> [\u2026]<\/span><\/p>\n","protected":false},"featured_media":0,"template":"","meta":{"_monsterinsights_skip_tracking":false,"_monsterinsights_sitenote_active":false,"_monsterinsights_sitenote_note":"","_monsterinsights_sitenote_category":0},"product_brand":[],"product_cat":[12291,12292],"product_tag":[],"class_list":{"0":"post-711808","1":"product","2":"type-product","3":"status-publish","5":"product_cat-edebiyat","6":"product_cat-turk-edebiyati","7":"pa_cilt-ciltsiz","8":"pa_tur-kitap","9":"pa_yayinevi-boyalikus-yayinlari","10":"pa_yazar-omer-seyfettin","12":"first","13":"instock","14":"sale","15":"shipping-taxable","16":"purchasable","17":"product-type-simple"},"_links":{"self":[{"href":"https:\/\/roveyayinevi.com.tr\/index.php\/wp-json\/wp\/v2\/product\/711808","targetHints":{"allow":["GET"]}}],"collection":[{"href":"https:\/\/roveyayinevi.com.tr\/index.php\/wp-json\/wp\/v2\/product"}],"about":[{"href":"https:\/\/roveyayinevi.com.tr\/index.php\/wp-json\/wp\/v2\/types\/product"}],"wp:attachment":[{"href":"https:\/\/roveyayinevi.com.tr\/index.php\/wp-json\/wp\/v2\/media?parent=711808"}],"wp:term":[{"taxonomy":"product_brand","embeddable":true,"href":"https:\/\/roveyayinevi.com.tr\/index.php\/wp-json\/wp\/v2\/product_brand?post=711808"},{"taxonomy":"product_cat","embeddable":true,"href":"https:\/\/roveyayinevi.com.tr\/index.php\/wp-json\/wp\/v2\/product_cat?post=711808"},{"taxonomy":"product_tag","embeddable":true,"href":"https:\/\/roveyayinevi.com.tr\/index.php\/wp-json\/wp\/v2\/product_tag?post=711808"}],"curies":[{"name":"wp","href":"https:\/\/api.w.org\/{rel}","templated":true}]}}