{"id":711803,"date":"2025-08-27T16:49:31","date_gmt":"2025-08-27T13:49:31","guid":{"rendered":"https:\/\/roveyayinevi.com.tr\/index.php\/urun\/hayvanlari-taniyorum-ciftlik-hayvanlari\/"},"modified":"2026-04-16T02:20:32","modified_gmt":"2026-04-15T23:20:32","slug":"hayvanlari-taniyorum-ciftlik-hayvanlari","status":"publish","type":"product","link":"https:\/\/roveyayinevi.com.tr\/index.php\/urun\/hayvanlari-taniyorum-ciftlik-hayvanlari\/","title":{"rendered":"Hayvanlar\u0131 Tan\u0131yorum &#8211; \u00c7iftlik Hayvanlar\u0131"},"content":{"rendered":"<p>Birbirinden g\u00fczel resimlerle dolu bu kitap size hayvanlar hakk\u0131nda bilmeniz gereken her \u015feyi \u00f6\u011fretecek. Hep merak etti\u011finiz t\u00fcm sorular\u0131n cevaplar\u0131 bu kitaplarda. \u00dcstelik bir de kitab\u0131n sonundaki sorular\u0131 cevaplayabilirseniz, hayvanlar aleminin ustas\u0131 sizsiniz! <\/p>\n","protected":false},"excerpt":{"rendered":"<p>Birbirinden g\u00fczel resimlerle dolu bu kitap size hayvanlar hakk\u0131nda bilmeniz gereken her \u015feyi \u00f6\u011fretecek. Hep merak etti\u011finiz t\u00fcm sorular\u0131n cevaplar\u0131 bu kitaplarda. \u00dcstelik bir de kitab\u0131n<span class=\"excerpt-hellip\"> [\u2026]<\/span><\/p>\n","protected":false},"featured_media":0,"template":"","meta":{"_monsterinsights_skip_tracking":false,"_monsterinsights_sitenote_active":false,"_monsterinsights_sitenote_note":"","_monsterinsights_sitenote_category":0},"product_brand":[],"product_cat":[13829,12274],"product_tag":[],"class_list":{"0":"post-711803","1":"product","2":"type-product","3":"status-publish","5":"product_cat-bilimsel-kitaplar","6":"product_cat-cocuk-ve-genclik-kitaplari","7":"pa_cilt-ciltsiz","8":"pa_tur-kitap","9":"pa_yayinevi-teleskop-populer-bilim","10":"pa_yazar-kollektif","12":"first","13":"instock","14":"sale","15":"shipping-taxable","16":"purchasable","17":"product-type-simple"},"_links":{"self":[{"href":"https:\/\/roveyayinevi.com.tr\/index.php\/wp-json\/wp\/v2\/product\/711803","targetHints":{"allow":["GET"]}}],"collection":[{"href":"https:\/\/roveyayinevi.com.tr\/index.php\/wp-json\/wp\/v2\/product"}],"about":[{"href":"https:\/\/roveyayinevi.com.tr\/index.php\/wp-json\/wp\/v2\/types\/product"}],"wp:attachment":[{"href":"https:\/\/roveyayinevi.com.tr\/index.php\/wp-json\/wp\/v2\/media?parent=711803"}],"wp:term":[{"taxonomy":"product_brand","embeddable":true,"href":"https:\/\/roveyayinevi.com.tr\/index.php\/wp-json\/wp\/v2\/product_brand?post=711803"},{"taxonomy":"product_cat","embeddable":true,"href":"https:\/\/roveyayinevi.com.tr\/index.php\/wp-json\/wp\/v2\/product_cat?post=711803"},{"taxonomy":"product_tag","embeddable":true,"href":"https:\/\/roveyayinevi.com.tr\/index.php\/wp-json\/wp\/v2\/product_tag?post=711803"}],"curies":[{"name":"wp","href":"https:\/\/api.w.org\/{rel}","templated":true}]}}