{"id":711800,"date":"2025-08-27T16:49:29","date_gmt":"2025-08-27T13:49:29","guid":{"rendered":"https:\/\/roveyayinevi.com.tr\/index.php\/urun\/akilli-hayvanlar-muthis-bocekler\/"},"modified":"2026-04-16T02:20:32","modified_gmt":"2026-04-15T23:20:32","slug":"akilli-hayvanlar-muthis-bocekler","status":"publish","type":"product","link":"https:\/\/roveyayinevi.com.tr\/index.php\/urun\/akilli-hayvanlar-muthis-bocekler\/","title":{"rendered":"Ak\u0131ll\u0131 Hayvanlar &#8211; M\u00fcthi\u015f B\u00f6cekler"},"content":{"rendered":"<p>Disiplinli ordular gibi ko\u015fan b\u00f6cekler, av\u0131na gizlice sokulan eklembacakl\u0131lar ve hareket etmede, s\u0131\u00e7ramada, a\u011f\u0131rl\u0131k kald\u0131rmada s\u00fcper g\u00fc\u00e7leri olan b\u00f6ceklerle tan\u0131\u015f. Bir tarantulayla kap\u0131\u015fan e\u015fek ar\u0131s\u0131n\u0131, kar\u0131nca kortejlerinin sal ve k\u00f6pr\u00fcler yap\u0131\u015flar\u0131n\u0131, bir peygamberdevesinin \u00e7i\u00e7e\u011fe d\u00f6n\u00fc\u015fmesini ve daha fazlas\u0131n\u0131 g\u00f6rebilirsin &#8211; neyse ki ufac\u0131klar yoksa] hepimizi ezer ge\u00e7erlerdi! <\/p>\n","protected":false},"excerpt":{"rendered":"<p>Disiplinli ordular gibi ko\u015fan b\u00f6cekler, av\u0131na gizlice sokulan eklembacakl\u0131lar ve hareket etmede, s\u0131\u00e7ramada, a\u011f\u0131rl\u0131k kald\u0131rmada s\u00fcper g\u00fc\u00e7leri olan b\u00f6ceklerle tan\u0131\u015f. Bir tarantulayla kap\u0131\u015fan e\u015fek ar\u0131s\u0131n\u0131, kar\u0131nca<span class=\"excerpt-hellip\"> [\u2026]<\/span><\/p>\n","protected":false},"featured_media":0,"template":"","meta":{"_monsterinsights_skip_tracking":false,"_monsterinsights_sitenote_active":false,"_monsterinsights_sitenote_note":"","_monsterinsights_sitenote_category":0},"product_brand":[],"product_cat":[13829,12274],"product_tag":[],"class_list":{"0":"post-711800","1":"product","2":"type-product","3":"status-publish","5":"product_cat-bilimsel-kitaplar","6":"product_cat-cocuk-ve-genclik-kitaplari","7":"pa_cilt-ciltsiz","8":"pa_tur-kitap","9":"pa_yayinevi-teleskop-populer-bilim","10":"pa_yazar-john-farndon","12":"first","13":"instock","14":"sale","15":"shipping-taxable","16":"purchasable","17":"product-type-simple"},"_links":{"self":[{"href":"https:\/\/roveyayinevi.com.tr\/index.php\/wp-json\/wp\/v2\/product\/711800","targetHints":{"allow":["GET"]}}],"collection":[{"href":"https:\/\/roveyayinevi.com.tr\/index.php\/wp-json\/wp\/v2\/product"}],"about":[{"href":"https:\/\/roveyayinevi.com.tr\/index.php\/wp-json\/wp\/v2\/types\/product"}],"wp:attachment":[{"href":"https:\/\/roveyayinevi.com.tr\/index.php\/wp-json\/wp\/v2\/media?parent=711800"}],"wp:term":[{"taxonomy":"product_brand","embeddable":true,"href":"https:\/\/roveyayinevi.com.tr\/index.php\/wp-json\/wp\/v2\/product_brand?post=711800"},{"taxonomy":"product_cat","embeddable":true,"href":"https:\/\/roveyayinevi.com.tr\/index.php\/wp-json\/wp\/v2\/product_cat?post=711800"},{"taxonomy":"product_tag","embeddable":true,"href":"https:\/\/roveyayinevi.com.tr\/index.php\/wp-json\/wp\/v2\/product_tag?post=711800"}],"curies":[{"name":"wp","href":"https:\/\/api.w.org\/{rel}","templated":true}]}}