{"id":711799,"date":"2025-08-27T16:49:29","date_gmt":"2025-08-27T13:49:29","guid":{"rendered":"https:\/\/roveyayinevi.com.tr\/index.php\/urun\/akilli-hayvanlar-harika-kuslar\/"},"modified":"2026-04-16T02:20:32","modified_gmt":"2026-04-15T23:20:32","slug":"akilli-hayvanlar-harika-kuslar","status":"publish","type":"product","link":"https:\/\/roveyayinevi.com.tr\/index.php\/urun\/akilli-hayvanlar-harika-kuslar\/","title":{"rendered":"Ak\u0131ll\u0131 Hayvanlar &#8211; Harika Ku\u015flar"},"content":{"rendered":"<p>S\u00fcper sezgileri, gizlenme ustal\u0131klar\u0131 ve muhte\u015fem \u015fark\u0131 da\u011farc\u0131klar\u0131yla baz\u0131 t\u00fcyl\u00fc dostlar\u0131m\u0131zla tan\u0131\u015f. <\/p>\n","protected":false},"excerpt":{"rendered":"<p>S\u00fcper sezgileri, gizlenme ustal\u0131klar\u0131 ve muhte\u015fem \u015fark\u0131 da\u011farc\u0131klar\u0131yla baz\u0131 t\u00fcyl\u00fc dostlar\u0131m\u0131zla tan\u0131\u015f.<\/p>\n","protected":false},"featured_media":0,"template":"","meta":{"_monsterinsights_skip_tracking":false,"_monsterinsights_sitenote_active":false,"_monsterinsights_sitenote_note":"","_monsterinsights_sitenote_category":0},"product_brand":[],"product_cat":[13829,12274],"product_tag":[],"class_list":{"0":"post-711799","1":"product","2":"type-product","3":"status-publish","5":"product_cat-bilimsel-kitaplar","6":"product_cat-cocuk-ve-genclik-kitaplari","7":"pa_cilt-ciltsiz","8":"pa_tur-kitap","9":"pa_yayinevi-teleskop-populer-bilim","10":"pa_yazar-john-farndon","12":"first","13":"instock","14":"sale","15":"shipping-taxable","16":"purchasable","17":"product-type-simple"},"_links":{"self":[{"href":"https:\/\/roveyayinevi.com.tr\/index.php\/wp-json\/wp\/v2\/product\/711799","targetHints":{"allow":["GET"]}}],"collection":[{"href":"https:\/\/roveyayinevi.com.tr\/index.php\/wp-json\/wp\/v2\/product"}],"about":[{"href":"https:\/\/roveyayinevi.com.tr\/index.php\/wp-json\/wp\/v2\/types\/product"}],"wp:attachment":[{"href":"https:\/\/roveyayinevi.com.tr\/index.php\/wp-json\/wp\/v2\/media?parent=711799"}],"wp:term":[{"taxonomy":"product_brand","embeddable":true,"href":"https:\/\/roveyayinevi.com.tr\/index.php\/wp-json\/wp\/v2\/product_brand?post=711799"},{"taxonomy":"product_cat","embeddable":true,"href":"https:\/\/roveyayinevi.com.tr\/index.php\/wp-json\/wp\/v2\/product_cat?post=711799"},{"taxonomy":"product_tag","embeddable":true,"href":"https:\/\/roveyayinevi.com.tr\/index.php\/wp-json\/wp\/v2\/product_tag?post=711799"}],"curies":[{"name":"wp","href":"https:\/\/api.w.org\/{rel}","templated":true}]}}