{"id":711797,"date":"2025-08-27T16:49:27","date_gmt":"2025-08-27T13:49:27","guid":{"rendered":"https:\/\/roveyayinevi.com.tr\/index.php\/urun\/cop-adamin-su-tasitlari-rehberi\/"},"modified":"2026-04-16T02:20:32","modified_gmt":"2026-04-15T23:20:32","slug":"cop-adamin-su-tasitlari-rehberi","status":"publish","type":"product","link":"https:\/\/roveyayinevi.com.tr\/index.php\/urun\/cop-adamin-su-tasitlari-rehberi\/","title":{"rendered":"\u00c7\u00f6p Adam\u0131n Su Ta\u015f\u0131tlar\u0131 Rehberi"},"content":{"rendered":"<p>Dev bir yolcu gemisi nas\u0131l suyun \u00fczerinde kalabiliyor? U\u00e7ak gemileri ne kadar b\u00fcy\u00fck? Denizalt\u0131lar nas\u0131l \u00e7al\u0131\u015f\u0131yor? Haydi gel, \u00c7\u00f6p Adam\u0131n rehberli\u011finde t\u00fcm bu sorular\u0131n yan\u0131tlar\u0131na yak\u0131ndan bakal\u0131m&#8230; <\/p>\n","protected":false},"excerpt":{"rendered":"<p>Dev bir yolcu gemisi nas\u0131l suyun \u00fczerinde kalabiliyor? U\u00e7ak gemileri ne kadar b\u00fcy\u00fck? Denizalt\u0131lar nas\u0131l \u00e7al\u0131\u015f\u0131yor? Haydi gel, \u00c7\u00f6p Adam\u0131n rehberli\u011finde t\u00fcm bu sorular\u0131n yan\u0131tlar\u0131na yak\u0131ndan<span class=\"excerpt-hellip\"> [\u2026]<\/span><\/p>\n","protected":false},"featured_media":0,"template":"","meta":{"_monsterinsights_skip_tracking":false,"_monsterinsights_sitenote_active":false,"_monsterinsights_sitenote_note":"","_monsterinsights_sitenote_category":0},"product_brand":[],"product_cat":[13829,12274],"product_tag":[],"class_list":{"0":"post-711797","1":"product","2":"type-product","3":"status-publish","5":"product_cat-bilimsel-kitaplar","6":"product_cat-cocuk-ve-genclik-kitaplari","7":"pa_cilt-ciltsiz","8":"pa_tur-kitap","9":"pa_yayinevi-teleskop-populer-bilim","10":"pa_yazar-john-farndon","12":"first","13":"instock","14":"sale","15":"shipping-taxable","16":"purchasable","17":"product-type-simple"},"_links":{"self":[{"href":"https:\/\/roveyayinevi.com.tr\/index.php\/wp-json\/wp\/v2\/product\/711797","targetHints":{"allow":["GET"]}}],"collection":[{"href":"https:\/\/roveyayinevi.com.tr\/index.php\/wp-json\/wp\/v2\/product"}],"about":[{"href":"https:\/\/roveyayinevi.com.tr\/index.php\/wp-json\/wp\/v2\/types\/product"}],"wp:attachment":[{"href":"https:\/\/roveyayinevi.com.tr\/index.php\/wp-json\/wp\/v2\/media?parent=711797"}],"wp:term":[{"taxonomy":"product_brand","embeddable":true,"href":"https:\/\/roveyayinevi.com.tr\/index.php\/wp-json\/wp\/v2\/product_brand?post=711797"},{"taxonomy":"product_cat","embeddable":true,"href":"https:\/\/roveyayinevi.com.tr\/index.php\/wp-json\/wp\/v2\/product_cat?post=711797"},{"taxonomy":"product_tag","embeddable":true,"href":"https:\/\/roveyayinevi.com.tr\/index.php\/wp-json\/wp\/v2\/product_tag?post=711797"}],"curies":[{"name":"wp","href":"https:\/\/api.w.org\/{rel}","templated":true}]}}