{"id":711795,"date":"2025-08-27T16:49:26","date_gmt":"2025-08-27T13:49:26","guid":{"rendered":"https:\/\/roveyayinevi.com.tr\/index.php\/urun\/cop-adamin-hava-tasitlari-rehberi\/"},"modified":"2026-04-16T02:20:32","modified_gmt":"2026-04-15T23:20:32","slug":"cop-adamin-hava-tasitlari-rehberi","status":"publish","type":"product","link":"https:\/\/roveyayinevi.com.tr\/index.php\/urun\/cop-adamin-hava-tasitlari-rehberi\/","title":{"rendered":"\u00c7\u00f6p Adam\u0131n Hava Ta\u015f\u0131tlar\u0131 Rehberi"},"content":{"rendered":"<p>U\u00e7aklar nas\u0131l havada kal\u0131r? Dikey kalk\u0131\u015f nedir? S\u0131cak hava balonunda y\u00fckseklik nas\u0131l kontrol edilir? T\u00fcm bunlar\u0131n nas\u0131l oldu\u011funu \u00f6\u011frenmek i\u00e7in dost canl\u0131s\u0131 \u00c7\u00f6p Adam\u0131 bul&#8230;  \u2022 Jet motorlar\u0131n\u0131n i\u015fleyi\u015fi  \u2022 Helikopter hava -yast\u0131klar\u0131  \u2022 G\u00fcne\u015f enerjisi ile \u00e7al\u0131\u015fan u\u00e7aklar \u2022 Uzaktan kumandal\u0131 dronlar ve daha fazlas\u0131&#8230;  \u00c7\u00f6p Adam\u0131n Hava Ta\u015f\u0131tlar\u0131 Rehberi, net \u00e7izimler ve \u015fekillerle, ara\u00e7lar\u0131n nas\u0131l \u00e7al\u0131\u015ft\u0131\u011f\u0131 hakk\u0131nda bilgi verir. Makinelerin g\u00f6revlerini anlamak ve hatta bir u\u00e7a\u011fa bavul eklemek istiyorsan, \u00c7\u00f6p Adamla e\u011flencenin ve ger\u00e7e\u011fin tad\u0131n\u0131 \u00e7\u0131kar!t <\/p>\n","protected":false},"excerpt":{"rendered":"<p>U\u00e7aklar nas\u0131l havada kal\u0131r? Dikey kalk\u0131\u015f nedir? S\u0131cak hava balonunda y\u00fckseklik nas\u0131l kontrol edilir? T\u00fcm bunlar\u0131n nas\u0131l oldu\u011funu \u00f6\u011frenmek i\u00e7in dost canl\u0131s\u0131 \u00c7\u00f6p Adam\u0131 bul&#8230; \u2022<span class=\"excerpt-hellip\"> [\u2026]<\/span><\/p>\n","protected":false},"featured_media":0,"template":"","meta":{"_monsterinsights_skip_tracking":false,"_monsterinsights_sitenote_active":false,"_monsterinsights_sitenote_note":"","_monsterinsights_sitenote_category":0},"product_brand":[],"product_cat":[13829,12274],"product_tag":[],"class_list":{"0":"post-711795","1":"product","2":"type-product","3":"status-publish","5":"product_cat-bilimsel-kitaplar","6":"product_cat-cocuk-ve-genclik-kitaplari","7":"pa_cilt-ciltsiz","8":"pa_tur-kitap","9":"pa_yayinevi-teleskop-populer-bilim","10":"pa_yazar-john-farndon","12":"first","13":"instock","14":"sale","15":"shipping-taxable","16":"purchasable","17":"product-type-simple"},"_links":{"self":[{"href":"https:\/\/roveyayinevi.com.tr\/index.php\/wp-json\/wp\/v2\/product\/711795","targetHints":{"allow":["GET"]}}],"collection":[{"href":"https:\/\/roveyayinevi.com.tr\/index.php\/wp-json\/wp\/v2\/product"}],"about":[{"href":"https:\/\/roveyayinevi.com.tr\/index.php\/wp-json\/wp\/v2\/types\/product"}],"wp:attachment":[{"href":"https:\/\/roveyayinevi.com.tr\/index.php\/wp-json\/wp\/v2\/media?parent=711795"}],"wp:term":[{"taxonomy":"product_brand","embeddable":true,"href":"https:\/\/roveyayinevi.com.tr\/index.php\/wp-json\/wp\/v2\/product_brand?post=711795"},{"taxonomy":"product_cat","embeddable":true,"href":"https:\/\/roveyayinevi.com.tr\/index.php\/wp-json\/wp\/v2\/product_cat?post=711795"},{"taxonomy":"product_tag","embeddable":true,"href":"https:\/\/roveyayinevi.com.tr\/index.php\/wp-json\/wp\/v2\/product_tag?post=711795"}],"curies":[{"name":"wp","href":"https:\/\/api.w.org\/{rel}","templated":true}]}}