{"id":711794,"date":"2025-08-27T16:49:26","date_gmt":"2025-08-27T13:49:26","guid":{"rendered":"https:\/\/roveyayinevi.com.tr\/index.php\/urun\/cop-adamin-tren-ve-otomobil-rehberi\/"},"modified":"2026-04-16T02:20:32","modified_gmt":"2026-04-15T23:20:32","slug":"cop-adamin-tren-ve-otomobil-rehberi","status":"publish","type":"product","link":"https:\/\/roveyayinevi.com.tr\/index.php\/urun\/cop-adamin-tren-ve-otomobil-rehberi\/","title":{"rendered":"\u00c7\u00f6p Adam\u0131n Tren ve Otomobil Rehberi"},"content":{"rendered":"<p>Modem ara\u00e7lar, motosikletler ve lokomotiflerin i\u00e7 aksamlar\u0131n\u0131 ve d\u0131\u015f\u0131n\u0131 g\u00f6rmek, hangi \u00f6zelliklerin nas\u0131l \u00e7al\u0131\u015ft\u0131\u011f\u0131n\u0131 ke\u015ffetmek i\u00e7in \u00c7\u00f6p Adam\u0131n e\u011flenceli ve ger\u00e7ek\u00e7i turuna sende kat\u0131l&#8230; Net \u00e7izimler ve \u015fekiller, ara\u00e7lar\u0131n nas\u0131l \u00e7al\u0131\u015ft\u0131\u011f\u0131n\u0131 g\u00f6sterirken \u00c7\u00f6p Adamla motorlar hakk\u0131nda bilgilerini tazele ve petrolle \u0131slanmadan bu heyecanla tura sende kat\u0131l! <\/p>\n","protected":false},"excerpt":{"rendered":"<p>Modem ara\u00e7lar, motosikletler ve lokomotiflerin i\u00e7 aksamlar\u0131n\u0131 ve d\u0131\u015f\u0131n\u0131 g\u00f6rmek, hangi \u00f6zelliklerin nas\u0131l \u00e7al\u0131\u015ft\u0131\u011f\u0131n\u0131 ke\u015ffetmek i\u00e7in \u00c7\u00f6p Adam\u0131n e\u011flenceli ve ger\u00e7ek\u00e7i turuna sende kat\u0131l&#8230; Net \u00e7izimler<span class=\"excerpt-hellip\"> [\u2026]<\/span><\/p>\n","protected":false},"featured_media":0,"template":"","meta":{"_monsterinsights_skip_tracking":false,"_monsterinsights_sitenote_active":false,"_monsterinsights_sitenote_note":"","_monsterinsights_sitenote_category":0},"product_brand":[],"product_cat":[13829,12274],"product_tag":[],"class_list":{"0":"post-711794","1":"product","2":"type-product","3":"status-publish","5":"product_cat-bilimsel-kitaplar","6":"product_cat-cocuk-ve-genclik-kitaplari","7":"pa_cilt-ciltsiz","8":"pa_tur-kitap","9":"pa_yayinevi-teleskop-populer-bilim","10":"pa_yazar-john-farndon","12":"first","13":"instock","14":"sale","15":"shipping-taxable","16":"purchasable","17":"product-type-simple"},"_links":{"self":[{"href":"https:\/\/roveyayinevi.com.tr\/index.php\/wp-json\/wp\/v2\/product\/711794","targetHints":{"allow":["GET"]}}],"collection":[{"href":"https:\/\/roveyayinevi.com.tr\/index.php\/wp-json\/wp\/v2\/product"}],"about":[{"href":"https:\/\/roveyayinevi.com.tr\/index.php\/wp-json\/wp\/v2\/types\/product"}],"wp:attachment":[{"href":"https:\/\/roveyayinevi.com.tr\/index.php\/wp-json\/wp\/v2\/media?parent=711794"}],"wp:term":[{"taxonomy":"product_brand","embeddable":true,"href":"https:\/\/roveyayinevi.com.tr\/index.php\/wp-json\/wp\/v2\/product_brand?post=711794"},{"taxonomy":"product_cat","embeddable":true,"href":"https:\/\/roveyayinevi.com.tr\/index.php\/wp-json\/wp\/v2\/product_cat?post=711794"},{"taxonomy":"product_tag","embeddable":true,"href":"https:\/\/roveyayinevi.com.tr\/index.php\/wp-json\/wp\/v2\/product_tag?post=711794"}],"curies":[{"name":"wp","href":"https:\/\/api.w.org\/{rel}","templated":true}]}}