{"id":711792,"date":"2025-08-27T16:49:25","date_gmt":"2025-08-27T13:49:25","guid":{"rendered":"https:\/\/roveyayinevi.com.tr\/index.php\/urun\/cop-adamin-okyanus-rehberi-her-yonuyle\/"},"modified":"2026-04-16T02:20:31","modified_gmt":"2026-04-15T23:20:31","slug":"cop-adamin-okyanus-rehberi-her-yonuyle","status":"publish","type":"product","link":"https:\/\/roveyayinevi.com.tr\/index.php\/urun\/cop-adamin-okyanus-rehberi-her-yonuyle\/","title":{"rendered":"\u00c7\u00f6p Adam\u0131n Okyanus Rehberi &#8211; Her Y\u00f6n\u00fcyle"},"content":{"rendered":"<p>\u00c7\u00f6p Adamla denize atla ve u\u00e7suz bucaks\u0131z derinliklerdeki en karanl\u0131k b\u00f6lgelere in, kaynayan s\u0131cak havaland\u0131rma deliklerinde geli\u015fen inan\u0131lmaz ya\u015fam formlar\u0131n\u0131 ke\u015ffet. Ama yine de en dibe ula\u015fman biraz zor&#8230; <\/p>\n","protected":false},"excerpt":{"rendered":"<p>\u00c7\u00f6p Adamla denize atla ve u\u00e7suz bucaks\u0131z derinliklerdeki en karanl\u0131k b\u00f6lgelere in, kaynayan s\u0131cak havaland\u0131rma deliklerinde geli\u015fen inan\u0131lmaz ya\u015fam formlar\u0131n\u0131 ke\u015ffet. Ama yine de en dibe<span class=\"excerpt-hellip\"> [\u2026]<\/span><\/p>\n","protected":false},"featured_media":0,"template":"","meta":{"_monsterinsights_skip_tracking":false,"_monsterinsights_sitenote_active":false,"_monsterinsights_sitenote_note":"","_monsterinsights_sitenote_category":0},"product_brand":[],"product_cat":[13829,12274],"product_tag":[],"class_list":{"0":"post-711792","1":"product","2":"type-product","3":"status-publish","5":"product_cat-bilimsel-kitaplar","6":"product_cat-cocuk-ve-genclik-kitaplari","7":"pa_cilt-ciltsiz","8":"pa_tur-kitap","9":"pa_yayinevi-teleskop-populer-bilim","10":"pa_yazar-catherine-chambers","12":"first","13":"instock","14":"sale","15":"shipping-taxable","16":"purchasable","17":"product-type-simple"},"_links":{"self":[{"href":"https:\/\/roveyayinevi.com.tr\/index.php\/wp-json\/wp\/v2\/product\/711792","targetHints":{"allow":["GET"]}}],"collection":[{"href":"https:\/\/roveyayinevi.com.tr\/index.php\/wp-json\/wp\/v2\/product"}],"about":[{"href":"https:\/\/roveyayinevi.com.tr\/index.php\/wp-json\/wp\/v2\/types\/product"}],"wp:attachment":[{"href":"https:\/\/roveyayinevi.com.tr\/index.php\/wp-json\/wp\/v2\/media?parent=711792"}],"wp:term":[{"taxonomy":"product_brand","embeddable":true,"href":"https:\/\/roveyayinevi.com.tr\/index.php\/wp-json\/wp\/v2\/product_brand?post=711792"},{"taxonomy":"product_cat","embeddable":true,"href":"https:\/\/roveyayinevi.com.tr\/index.php\/wp-json\/wp\/v2\/product_cat?post=711792"},{"taxonomy":"product_tag","embeddable":true,"href":"https:\/\/roveyayinevi.com.tr\/index.php\/wp-json\/wp\/v2\/product_tag?post=711792"}],"curies":[{"name":"wp","href":"https:\/\/api.w.org\/{rel}","templated":true}]}}