{"id":711791,"date":"2025-08-27T16:49:24","date_gmt":"2025-08-27T13:49:24","guid":{"rendered":"https:\/\/roveyayinevi.com.tr\/index.php\/urun\/cop-adamin-sehir-rehberi-her-yonuyle\/"},"modified":"2026-04-16T02:20:31","modified_gmt":"2026-04-15T23:20:31","slug":"cop-adamin-sehir-rehberi-her-yonuyle","status":"publish","type":"product","link":"https:\/\/roveyayinevi.com.tr\/index.php\/urun\/cop-adamin-sehir-rehberi-her-yonuyle\/","title":{"rendered":"\u00c7\u00f6p Adam\u0131n \u015eehir Rehberi &#8211; Her Y\u00f6n\u00fcyle"},"content":{"rendered":"<p>A\u015fa\u011f\u0131 in&#8230; G\u00f6kdelenin tepesinde oturan \u00c7\u00f6p Adamla beraber, bir \u015fehrin katmanlar\u0131n\u0131 g\u00f6rmek i\u00e7in sokak seviyesine hatta daha da a\u015fa\u011f\u0131ya in! Baz\u0131 katmanlar\u0131n \u015fehrin en alt\u0131ndan \u00e7ok daha k\u00f6t\u00fc koktu\u011funu g\u00f6receksin. \u00c7\u00f6p Adam; \u015fehrin canl\u0131, ayd\u0131nlat\u0131lm\u0131\u015f, sistemli ve temiz tutulan b\u00fcy\u00fcleyici ger\u00e7eklerini ve her yeri ara\u015ft\u0131r\u0131p ters y\u00fcz ederek gizli sistemleri a\u00e7\u0131\u011fa \u00e7\u0131kar\u0131yor. Sifonu \u00e7ekti\u011finde neler oldu\u011funu bilmek ister misin? <\/p>\n","protected":false},"excerpt":{"rendered":"<p>A\u015fa\u011f\u0131 in&#8230; G\u00f6kdelenin tepesinde oturan \u00c7\u00f6p Adamla beraber, bir \u015fehrin katmanlar\u0131n\u0131 g\u00f6rmek i\u00e7in sokak seviyesine hatta daha da a\u015fa\u011f\u0131ya in! Baz\u0131 katmanlar\u0131n \u015fehrin en alt\u0131ndan \u00e7ok<span class=\"excerpt-hellip\"> [\u2026]<\/span><\/p>\n","protected":false},"featured_media":0,"template":"","meta":{"_monsterinsights_skip_tracking":false,"_monsterinsights_sitenote_active":false,"_monsterinsights_sitenote_note":"","_monsterinsights_sitenote_category":0},"product_brand":[],"product_cat":[13829,12274],"product_tag":[],"class_list":{"0":"post-711791","1":"product","2":"type-product","3":"status-publish","5":"product_cat-bilimsel-kitaplar","6":"product_cat-cocuk-ve-genclik-kitaplari","7":"pa_cilt-ciltsiz","8":"pa_tur-kitap","9":"pa_yayinevi-teleskop-populer-bilim","10":"pa_yazar-catherine-chambers","12":"first","13":"instock","14":"sale","15":"shipping-taxable","16":"purchasable","17":"product-type-simple"},"_links":{"self":[{"href":"https:\/\/roveyayinevi.com.tr\/index.php\/wp-json\/wp\/v2\/product\/711791","targetHints":{"allow":["GET"]}}],"collection":[{"href":"https:\/\/roveyayinevi.com.tr\/index.php\/wp-json\/wp\/v2\/product"}],"about":[{"href":"https:\/\/roveyayinevi.com.tr\/index.php\/wp-json\/wp\/v2\/types\/product"}],"wp:attachment":[{"href":"https:\/\/roveyayinevi.com.tr\/index.php\/wp-json\/wp\/v2\/media?parent=711791"}],"wp:term":[{"taxonomy":"product_brand","embeddable":true,"href":"https:\/\/roveyayinevi.com.tr\/index.php\/wp-json\/wp\/v2\/product_brand?post=711791"},{"taxonomy":"product_cat","embeddable":true,"href":"https:\/\/roveyayinevi.com.tr\/index.php\/wp-json\/wp\/v2\/product_cat?post=711791"},{"taxonomy":"product_tag","embeddable":true,"href":"https:\/\/roveyayinevi.com.tr\/index.php\/wp-json\/wp\/v2\/product_tag?post=711791"}],"curies":[{"name":"wp","href":"https:\/\/api.w.org\/{rel}","templated":true}]}}