{"id":711775,"date":"2025-08-27T16:49:16","date_gmt":"2025-08-27T13:49:16","guid":{"rendered":"https:\/\/roveyayinevi.com.tr\/index.php\/urun\/el-vedud\/"},"modified":"2026-04-16T02:20:31","modified_gmt":"2026-04-15T23:20:31","slug":"el-vedud","status":"publish","type":"product","link":"https:\/\/roveyayinevi.com.tr\/index.php\/urun\/el-vedud\/","title":{"rendered":"El Vedud"},"content":{"rendered":"<p>Allah\u2019\u0131n ad\u0131yla, Allah a\u015fk\u0131na yapt\u0131\u011f\u0131n her \u015fey sana misliyle geri d\u00f6ner. Senin \u00e7ok istedi\u011fin bir \u015fey var ve bunu ya\u015fam\u0131na \u00e7ekmen i\u00e7in \u015fimdi bu boyutun \u00f6tesini ke\u015ffetmen gerek\u2026 Bu kitaptaki t\u00fcm dualar, uygulamalar, rit\u00fcller ve yollar seni dile\u011fine yakla\u015ft\u0131rs\u0131n Allah\u2019\u0131n izniyle. AM\u0130N \u201cSize ula\u015fan her nimet Allah\u2019tand\u0131r.\u201d Nahl Suresi\/53 Belki t\u00fcm kap\u0131lar kilitliydi Ama biz yine de \u00e7ok umutluyduk \u00c7\u00fcnk\u00fc biz Allah\u2019tan istemi\u015ftik. \u201cKullar\u0131m, sana Beni sorarlarsa, bilsinler ki Ben muhakkak onlara pek yak\u0131n\u0131m. Beni \u00e7a\u011f\u0131rd\u0131\u011f\u0131, bana dua etti\u011fi anda, dua edenin duas\u0131na cevap veririm.\u201d BAKARA SURES\u0130\/186. Ayet De\u011ferli Dostum, Bu kitapta sana \u0131\u015f\u0131k tutacak yollar var. Dualar, rit\u00fceller, uygulamalar, \u0131\u015f\u0131k olacak y\u00f6ntemler&#8230; Ar\u0131nma yollar\u0131ndan a\u015fka, \u015fifa dualar\u0131ndan seni derinle\u015ftirecek form\u00fcllere, bereket \u00e7al\u0131\u015fmalar\u0131ndan do\u011fru enerjilere ya\u015fam\u0131n\u0131 kolayla\u015ft\u0131racak, seni frekans olarak y\u00fckseltecek yollar\u0131 denedi\u011finde, kap\u0131lar\u0131 a\u00e7man\u0131 umuyorum. Her sayfas\u0131yla bir ad\u0131m ataca\u011f\u0131n, bir d\u00f6n\u00fc\u015f\u00fcm elde edece\u011fin, dile\u011fine seni yakla\u015ft\u0131racak bir kitap olsun dilerim (ve \u00f6yle de oldu). Kitaptaki g\u00fcl kokusu senin ilham\u0131n olsun bu yolda, senin i\u00e7in haz\u0131rlad\u0131\u011f\u0131m bu kitap senin d\u00f6n\u00fc\u015f\u00fcm\u00fcn olsun. Dile\u011fini tutup duan\u0131 oku, elindeki \u015fifa enerjisini a\u00e7 ve haz\u0131r oldu\u011funda kitapta bir sayfada dur elinle. Niyet et. O g\u00fcn, o senin sayfand\u0131r&#8230; Kalbine Allah\u2019\u0131 koy ve unutma: O sana \u015fah damar\u0131ndan da yak\u0131n. Dua ve Sevgiyle\u2026 Bir ad\u0131n\u0131 verdik \u00e7\u00fcnk\u00fc O\u2019ndan ba\u015fka bir \u015fey yok. \ufffcTan\u0131t\u0131m Metni<\/p>\n","protected":false},"excerpt":{"rendered":"<p>Allah\u2019\u0131n ad\u0131yla, Allah a\u015fk\u0131na yapt\u0131\u011f\u0131n her \u015fey sana misliyle geri d\u00f6ner. Senin \u00e7ok istedi\u011fin bir \u015fey var ve bunu ya\u015fam\u0131na \u00e7ekmen i\u00e7in \u015fimdi bu boyutun \u00f6tesini<span class=\"excerpt-hellip\"> [\u2026]<\/span><\/p>\n","protected":false},"featured_media":0,"template":"","meta":{"_monsterinsights_skip_tracking":false,"_monsterinsights_sitenote_active":false,"_monsterinsights_sitenote_note":"","_monsterinsights_sitenote_category":0},"product_brand":[],"product_cat":[36242,12566,13611],"product_tag":[],"class_list":{"0":"post-711775","1":"product","2":"type-product","3":"status-publish","5":"product_cat-diger-sozlukler-ve-konusma-kilavuzlari","6":"product_cat-egitim","7":"product_cat-sozlukler-ve-konusma-kilavuzlari","8":"pa_cilt-ciltsiz","9":"pa_tur-kitap","10":"pa_yayinevi-feniks-yayinlari","11":"pa_yazar-tugce-isinsu","13":"first","14":"instock","15":"sale","16":"shipping-taxable","17":"purchasable","18":"product-type-simple"},"_links":{"self":[{"href":"https:\/\/roveyayinevi.com.tr\/index.php\/wp-json\/wp\/v2\/product\/711775","targetHints":{"allow":["GET"]}}],"collection":[{"href":"https:\/\/roveyayinevi.com.tr\/index.php\/wp-json\/wp\/v2\/product"}],"about":[{"href":"https:\/\/roveyayinevi.com.tr\/index.php\/wp-json\/wp\/v2\/types\/product"}],"wp:attachment":[{"href":"https:\/\/roveyayinevi.com.tr\/index.php\/wp-json\/wp\/v2\/media?parent=711775"}],"wp:term":[{"taxonomy":"product_brand","embeddable":true,"href":"https:\/\/roveyayinevi.com.tr\/index.php\/wp-json\/wp\/v2\/product_brand?post=711775"},{"taxonomy":"product_cat","embeddable":true,"href":"https:\/\/roveyayinevi.com.tr\/index.php\/wp-json\/wp\/v2\/product_cat?post=711775"},{"taxonomy":"product_tag","embeddable":true,"href":"https:\/\/roveyayinevi.com.tr\/index.php\/wp-json\/wp\/v2\/product_tag?post=711775"}],"curies":[{"name":"wp","href":"https:\/\/api.w.org\/{rel}","templated":true}]}}