{"id":711774,"date":"2025-08-27T16:49:16","date_gmt":"2025-08-27T13:49:16","guid":{"rendered":"https:\/\/roveyayinevi.com.tr\/index.php\/urun\/hizmetlerin-pazarlanmasinda-hizmet-kalitesinin-onemi\/"},"modified":"2026-04-16T02:20:31","modified_gmt":"2026-04-15T23:20:31","slug":"hizmetlerin-pazarlanmasinda-hizmet-kalitesinin-onemi","status":"publish","type":"product","link":"https:\/\/roveyayinevi.com.tr\/index.php\/urun\/hizmetlerin-pazarlanmasinda-hizmet-kalitesinin-onemi\/","title":{"rendered":"Hizmetlerin Pazarlanmas\u0131nda Hizmet Kalitesinin \u00d6nemi"},"content":{"rendered":"<p>\u0130\u00e7indekiler1- Hizmet ve Hizmetlerin \u00d6zellikleri2-Hizmet Pazarlamas\u01313-Hizmetlerde Talep Ve Kapasite Y\u00f6netimi4- Hizmet Kalitesi5-Sa\u011fl\u0131k Hizmetleri Pazarlamas\u01316- Emlak Hizmetleri Pazarlamas\u01317-E\u011fitim Hizmetleri Pazarlamas\u0131 <\/p>\n","protected":false},"excerpt":{"rendered":"<p>\u0130\u00e7indekiler1- Hizmet ve Hizmetlerin \u00d6zellikleri2-Hizmet Pazarlamas\u01313-Hizmetlerde Talep Ve Kapasite Y\u00f6netimi4- Hizmet Kalitesi5-Sa\u011fl\u0131k Hizmetleri Pazarlamas\u01316- Emlak Hizmetleri Pazarlamas\u01317-E\u011fitim Hizmetleri Pazarlamas\u0131<\/p>\n","protected":false},"featured_media":0,"template":"","meta":{"_monsterinsights_skip_tracking":false,"_monsterinsights_sitenote_active":false,"_monsterinsights_sitenote_note":"","_monsterinsights_sitenote_category":0},"product_brand":[],"product_cat":[13043,17492],"product_tag":[],"class_list":{"0":"post-711774","1":"product","2":"type-product","3":"status-publish","5":"product_cat-ekonomi","6":"product_cat-pazarlama-satis-reklam","7":"pa_cilt-ciltsiz","8":"pa_tur-kitap","9":"pa_yayinevi-gazi-kitabevi","10":"pa_yazar-hasan-gedik","12":"first","13":"instock","14":"sale","15":"shipping-taxable","16":"purchasable","17":"product-type-simple"},"_links":{"self":[{"href":"https:\/\/roveyayinevi.com.tr\/index.php\/wp-json\/wp\/v2\/product\/711774","targetHints":{"allow":["GET"]}}],"collection":[{"href":"https:\/\/roveyayinevi.com.tr\/index.php\/wp-json\/wp\/v2\/product"}],"about":[{"href":"https:\/\/roveyayinevi.com.tr\/index.php\/wp-json\/wp\/v2\/types\/product"}],"wp:attachment":[{"href":"https:\/\/roveyayinevi.com.tr\/index.php\/wp-json\/wp\/v2\/media?parent=711774"}],"wp:term":[{"taxonomy":"product_brand","embeddable":true,"href":"https:\/\/roveyayinevi.com.tr\/index.php\/wp-json\/wp\/v2\/product_brand?post=711774"},{"taxonomy":"product_cat","embeddable":true,"href":"https:\/\/roveyayinevi.com.tr\/index.php\/wp-json\/wp\/v2\/product_cat?post=711774"},{"taxonomy":"product_tag","embeddable":true,"href":"https:\/\/roveyayinevi.com.tr\/index.php\/wp-json\/wp\/v2\/product_tag?post=711774"}],"curies":[{"name":"wp","href":"https:\/\/api.w.org\/{rel}","templated":true}]}}