{"id":711773,"date":"2025-08-27T16:49:15","date_gmt":"2025-08-27T13:49:15","guid":{"rendered":"https:\/\/roveyayinevi.com.tr\/index.php\/urun\/degerli-masallar-karlar-kralicesi\/"},"modified":"2026-04-16T02:20:31","modified_gmt":"2026-04-15T23:20:31","slug":"degerli-masallar-karlar-kralicesi","status":"publish","type":"product","link":"https:\/\/roveyayinevi.com.tr\/index.php\/urun\/degerli-masallar-karlar-kralicesi\/","title":{"rendered":"De\u011ferli Masallar &#8211; Karlar Krali\u00e7esi"},"content":{"rendered":"<p>Karlar Krali\u00e7esi   De\u011ferli Masallar Serisi, en sevilen masallar\u0131n b\u00fcy\u00fcs\u00fcn\u00fc, yeni ve \u00f6zg\u00fcn \u00e7izimlerle en k\u00fc\u00e7\u00fcklere aktar\u0131yor. <\/p>\n","protected":false},"excerpt":{"rendered":"<p>Karlar Krali\u00e7esi De\u011ferli Masallar Serisi, en sevilen masallar\u0131n b\u00fcy\u00fcs\u00fcn\u00fc, yeni ve \u00f6zg\u00fcn \u00e7izimlerle en k\u00fc\u00e7\u00fcklere aktar\u0131yor.<\/p>\n","protected":false},"featured_media":0,"template":"","meta":{"_monsterinsights_skip_tracking":false,"_monsterinsights_sitenote_active":false,"_monsterinsights_sitenote_note":"","_monsterinsights_sitenote_category":0},"product_brand":[],"product_cat":[12274,12284],"product_tag":[],"class_list":{"0":"post-711773","1":"product","2":"type-product","3":"status-publish","5":"product_cat-cocuk-ve-genclik-kitaplari","6":"product_cat-hikayeler","7":"pa_cilt-ciltsiz","8":"pa_tur-kitap","9":"pa_yayinevi-1001-cicek-kitaplar","10":"pa_yazar-hans-christian-andersen","12":"first","13":"instock","14":"sale","15":"shipping-taxable","16":"purchasable","17":"product-type-simple"},"_links":{"self":[{"href":"https:\/\/roveyayinevi.com.tr\/index.php\/wp-json\/wp\/v2\/product\/711773","targetHints":{"allow":["GET"]}}],"collection":[{"href":"https:\/\/roveyayinevi.com.tr\/index.php\/wp-json\/wp\/v2\/product"}],"about":[{"href":"https:\/\/roveyayinevi.com.tr\/index.php\/wp-json\/wp\/v2\/types\/product"}],"wp:attachment":[{"href":"https:\/\/roveyayinevi.com.tr\/index.php\/wp-json\/wp\/v2\/media?parent=711773"}],"wp:term":[{"taxonomy":"product_brand","embeddable":true,"href":"https:\/\/roveyayinevi.com.tr\/index.php\/wp-json\/wp\/v2\/product_brand?post=711773"},{"taxonomy":"product_cat","embeddable":true,"href":"https:\/\/roveyayinevi.com.tr\/index.php\/wp-json\/wp\/v2\/product_cat?post=711773"},{"taxonomy":"product_tag","embeddable":true,"href":"https:\/\/roveyayinevi.com.tr\/index.php\/wp-json\/wp\/v2\/product_tag?post=711773"}],"curies":[{"name":"wp","href":"https:\/\/api.w.org\/{rel}","templated":true}]}}