{"id":711768,"date":"2025-08-27T16:49:12","date_gmt":"2025-08-27T13:49:12","guid":{"rendered":"https:\/\/roveyayinevi.com.tr\/index.php\/urun\/eglenceli-gezi-guzel-ulkem-turkiye-2\/"},"modified":"2026-04-16T02:20:31","modified_gmt":"2026-04-15T23:20:31","slug":"eglenceli-gezi-guzel-ulkem-turkiye-2","status":"publish","type":"product","link":"https:\/\/roveyayinevi.com.tr\/index.php\/urun\/eglenceli-gezi-guzel-ulkem-turkiye-2\/","title":{"rendered":"E\u011flenceli Gezi &#8211; G\u00fczel \u00dclkem T\u00fcrkiye 2"},"content":{"rendered":"<p>G\u00fczel \u00dclkem T\u00fcrkiye-2, T\u00fcrkiye\u2019nin UNESCO D\u00fcnya Miras\u0131 Listesine girmi\u015f, pek \u00e7ok \u00f6zel ve gizli b\u00f6lgesine, Milli Parklara ve \u00f6nemli \u00f6ren yerlerine yap\u0131lan e\u011flenceli ve komik gezileri anlat\u0131rken gen\u00e7lere tarihi yerlerin ve tarihi dokunun \u00f6nemini \u00f6\u011fretiyor. Yaz k\u0131\u015f yap\u0131labilecek do\u011fa gezilerin rotas\u0131n\u0131 \u00e7izen yazar, bu gezilerin yan\u0131 s\u0131ra, gidilen b\u00f6lgeye ait \u00f6nemli ve ilgin\u00e7 bilgileri, ya\u015fatarak \u00f6\u011fretiyor. Anne babalar\u0131n ve \u00f6\u011fretmenlerin de severek okuyacaklar\u0131 kitap, \u00f6zellikle okul gezileri i\u00e7in bir rehber olma \u00f6zelli\u011fi ta\u015f\u0131maktad\u0131r. \ufffc<\/p>\n","protected":false},"excerpt":{"rendered":"<p>G\u00fczel \u00dclkem T\u00fcrkiye-2, T\u00fcrkiye\u2019nin UNESCO D\u00fcnya Miras\u0131 Listesine girmi\u015f, pek \u00e7ok \u00f6zel ve gizli b\u00f6lgesine, Milli Parklara ve \u00f6nemli \u00f6ren yerlerine yap\u0131lan e\u011flenceli ve komik gezileri<span class=\"excerpt-hellip\"> [\u2026]<\/span><\/p>\n","protected":false},"featured_media":0,"template":"","meta":{"_monsterinsights_skip_tracking":false,"_monsterinsights_sitenote_active":false,"_monsterinsights_sitenote_note":"","_monsterinsights_sitenote_category":0},"product_brand":[],"product_cat":[12312,12304],"product_tag":[],"class_list":{"0":"post-711768","1":"product","2":"type-product","3":"status-publish","5":"product_cat-diger","6":"product_cat-tarih","7":"pa_cilt-ciltsiz","8":"pa_tur-kitap","9":"pa_yayinevi-eglenceli-bilgi-yayinlari","10":"pa_yazar-metin-ozdamarlar","12":"first","13":"instock","14":"sale","15":"shipping-taxable","16":"purchasable","17":"product-type-simple"},"_links":{"self":[{"href":"https:\/\/roveyayinevi.com.tr\/index.php\/wp-json\/wp\/v2\/product\/711768","targetHints":{"allow":["GET"]}}],"collection":[{"href":"https:\/\/roveyayinevi.com.tr\/index.php\/wp-json\/wp\/v2\/product"}],"about":[{"href":"https:\/\/roveyayinevi.com.tr\/index.php\/wp-json\/wp\/v2\/types\/product"}],"wp:attachment":[{"href":"https:\/\/roveyayinevi.com.tr\/index.php\/wp-json\/wp\/v2\/media?parent=711768"}],"wp:term":[{"taxonomy":"product_brand","embeddable":true,"href":"https:\/\/roveyayinevi.com.tr\/index.php\/wp-json\/wp\/v2\/product_brand?post=711768"},{"taxonomy":"product_cat","embeddable":true,"href":"https:\/\/roveyayinevi.com.tr\/index.php\/wp-json\/wp\/v2\/product_cat?post=711768"},{"taxonomy":"product_tag","embeddable":true,"href":"https:\/\/roveyayinevi.com.tr\/index.php\/wp-json\/wp\/v2\/product_tag?post=711768"}],"curies":[{"name":"wp","href":"https:\/\/api.w.org\/{rel}","templated":true}]}}