{"id":711767,"date":"2025-08-27T16:49:12","date_gmt":"2025-08-27T13:49:12","guid":{"rendered":"https:\/\/roveyayinevi.com.tr\/index.php\/urun\/eglenceli-tarih-31-yavuz-sultan-selim-hayallere-sigmayan-padisah\/"},"modified":"2026-04-16T02:20:31","modified_gmt":"2026-04-15T23:20:31","slug":"eglenceli-tarih-31-yavuz-sultan-selim-hayallere-sigmayan-padisah","status":"publish","type":"product","link":"https:\/\/roveyayinevi.com.tr\/index.php\/urun\/eglenceli-tarih-31-yavuz-sultan-selim-hayallere-sigmayan-padisah\/","title":{"rendered":"E\u011flenceli Tarih 31: Yavuz Sultan Selim &#8211; Hayallere S\u0131\u011fmayan Padi\u015fah"},"content":{"rendered":"<p>Cesur ve yenilmez padi\u015fah Yavuz Sultan Selim\u2019in \u00e7ok yak\u0131n\u0131nda yer al\u0131p, geli\u015fmeleri soluk solu\u011fa izlemeye haz\u0131r m\u0131s\u0131n?Bu kitap seni seferden sefere ko\u015fturup, Osmanl\u0131 ordusuyla yolculu\u011fa \u00e7\u0131kartacak! Bu macerada, padi\u015fah\u0131n hobilerini tan\u0131yacak, timsah av\u0131 seyredecek ve tarihin en \u00f6nemli casus a\u011flar\u0131ndan birini hayretle izleyeceksin! T\u00fcm bunlar yetmezmi\u015f gibi, padi\u015fah\u0131n yan\u0131ndan ay\u0131rmad\u0131\u011f\u0131 d\u00f6nemin s\u00fcper bilginlerinden, bilimde sizi u\u00e7uracak ipu\u00e7lar\u0131 alacaks\u0131n!Tarih hi\u00e7 bu kadar e\u011flenceli olmam\u0131\u015ft\u0131! <\/p>\n","protected":false},"excerpt":{"rendered":"<p>Cesur ve yenilmez padi\u015fah Yavuz Sultan Selim\u2019in \u00e7ok yak\u0131n\u0131nda yer al\u0131p, geli\u015fmeleri soluk solu\u011fa izlemeye haz\u0131r m\u0131s\u0131n?Bu kitap seni seferden sefere ko\u015fturup, Osmanl\u0131 ordusuyla yolculu\u011fa \u00e7\u0131kartacak!<span class=\"excerpt-hellip\"> [\u2026]<\/span><\/p>\n","protected":false},"featured_media":0,"template":"","meta":{"_monsterinsights_skip_tracking":false,"_monsterinsights_sitenote_active":false,"_monsterinsights_sitenote_note":"","_monsterinsights_sitenote_category":0},"product_brand":[],"product_cat":[12477,12364],"product_tag":[],"class_list":{"0":"post-711767","1":"product","2":"type-product","3":"status-publish","5":"product_cat-eglence-mizah","6":"product_cat-genel-konular","7":"pa_cilt-ciltsiz","8":"pa_tur-kitap","9":"pa_yayinevi-eglenceli-bilgi-yayinlari","10":"pa_yazar-metin-ozdamarlar","12":"first","13":"instock","14":"sale","15":"shipping-taxable","16":"purchasable","17":"product-type-simple"},"_links":{"self":[{"href":"https:\/\/roveyayinevi.com.tr\/index.php\/wp-json\/wp\/v2\/product\/711767","targetHints":{"allow":["GET"]}}],"collection":[{"href":"https:\/\/roveyayinevi.com.tr\/index.php\/wp-json\/wp\/v2\/product"}],"about":[{"href":"https:\/\/roveyayinevi.com.tr\/index.php\/wp-json\/wp\/v2\/types\/product"}],"wp:attachment":[{"href":"https:\/\/roveyayinevi.com.tr\/index.php\/wp-json\/wp\/v2\/media?parent=711767"}],"wp:term":[{"taxonomy":"product_brand","embeddable":true,"href":"https:\/\/roveyayinevi.com.tr\/index.php\/wp-json\/wp\/v2\/product_brand?post=711767"},{"taxonomy":"product_cat","embeddable":true,"href":"https:\/\/roveyayinevi.com.tr\/index.php\/wp-json\/wp\/v2\/product_cat?post=711767"},{"taxonomy":"product_tag","embeddable":true,"href":"https:\/\/roveyayinevi.com.tr\/index.php\/wp-json\/wp\/v2\/product_tag?post=711767"}],"curies":[{"name":"wp","href":"https:\/\/api.w.org\/{rel}","templated":true}]}}