{"id":711766,"date":"2025-08-27T16:49:11","date_gmt":"2025-08-27T13:49:11","guid":{"rendered":"https:\/\/roveyayinevi.com.tr\/index.php\/urun\/kar-kopek-ayak\/"},"modified":"2026-04-16T02:20:31","modified_gmt":"2026-04-15T23:20:31","slug":"kar-kopek-ayak","status":"publish","type":"product","link":"https:\/\/roveyayinevi.com.tr\/index.php\/urun\/kar-kopek-ayak\/","title":{"rendered":"Kar, K\u00f6pek, Ayak"},"content":{"rendered":"<p>\u0130talyan Alplerinde bir vadi.Kar f\u0131rt\u0131nalar\u0131, ormanlar ve ta\u015flar.Bu vadinin en uzak k\u00f6\u015fesinde, unutulmu\u015f, y\u0131k\u0131k d\u00f6k\u00fck bir baraka.Aksi, ya\u015fl\u0131, kafas\u0131 hayli kar\u0131\u015f\u0131k ve yaln\u0131z \u2013ama ger\u00e7ekten \u00e7ok yaln\u0131z\u2013 bir adam.Ve bir g\u00fcn, beklenmedik bir \u015fekilde kap\u0131s\u0131nda peyda olan, d\u00fc\u015f\u00fck \u00e7eneli, biraz m\u00fcstehzi, \u00e7okbilmi\u015f bir k\u00f6pek.S\u0131\u011f\u0131n\u0131lacak tek liman do\u011fa, bir anda nas\u0131l en \u00f6l\u00fcmc\u00fcl d\u00fc\u015fmana d\u00f6n\u00fc\u015febilir?\u0130nsan akl\u0131na, haf\u0131zas\u0131na ger\u00e7ekten ne kadar g\u00fcvenebilir?Yaln\u0131zl\u0131k bir adam\u0131 ne kadar delirtebilir?Dino Buzzati\u2019nin g\u00fcn\u00fcm\u00fczdeki temsilcisi olarak g\u00f6sterilen Claudio Morandini, t\u00fcm bu k\u00fc\u00e7\u00fck, sakin, pastoral par\u00e7alar\u0131 al\u0131yor; \u00e7ok\u00e7a hayal g\u00fcc\u00fc, biraz h\u00fcz\u00fcnl\u00fc yaln\u0131zl\u0131k, \u00e7\u0131lg\u0131n hal\u00fcsinasyonlar ve edebiyat\u0131n b\u00fcy\u00fcs\u00fcyle harmanl\u0131yor: Masal olamayacak kadar ger\u00e7ek, ger\u00e7ek olamayacak kadar b\u00fcy\u00fcl\u00fc bir roman Kar, K\u00f6pek, Ayak.\u201cHayat\u0131n ger\u00e7e\u011fini hi\u00e7 yalans\u0131z s\u0131n\u0131rs\u0131z bir hayal g\u00fcc\u00fcyle harmanlayacak bir isim ar\u0131yorsan\u0131z, o kesinlikle Claudio Morandini. Zaman\u0131m\u0131z\u0131n en iyi \u0130talyan yazarlar\u0131ndan.\u201d\u2013 Fabrizio Ottaviani\u201cEdebiyat d\u00fcnyam\u0131z\u0131n en yetenekli ve etkileyici romanc\u0131lar\u0131ndan biri.\u201d\u2013 Umberto Rossi\u201cBu, tamam\u0131yla m\u00fczikal bir ritim \u00fczerine kurulu, ayr\u0131nt\u0131larla bezeli, kusursuz bir roman. Morandini fazlal\u0131k olan her \u015feyi geride b\u0131rakarak \u2018kelime\u2019lerin de\u011fil, \u2018\u015fey\u2019lerin romanc\u0131s\u0131 oldu\u011funu kan\u0131tl\u0131yor. Bununla birlikte se\u00e7ti\u011fi her kelime, yaratt\u0131\u011f\u0131 manzarada par\u0131ld\u0131yor.\u201d\u2013 Fabrizio Coscia <\/p>\n","protected":false},"excerpt":{"rendered":"<p>\u0130talyan Alplerinde bir vadi.Kar f\u0131rt\u0131nalar\u0131, ormanlar ve ta\u015flar.Bu vadinin en uzak k\u00f6\u015fesinde, unutulmu\u015f, y\u0131k\u0131k d\u00f6k\u00fck bir baraka.Aksi, ya\u015fl\u0131, kafas\u0131 hayli kar\u0131\u015f\u0131k ve yaln\u0131z \u2013ama ger\u00e7ekten \u00e7ok<span class=\"excerpt-hellip\"> [\u2026]<\/span><\/p>\n","protected":false},"featured_media":0,"template":"","meta":{"_monsterinsights_skip_tracking":false,"_monsterinsights_sitenote_active":false,"_monsterinsights_sitenote_note":"","_monsterinsights_sitenote_category":0},"product_brand":[],"product_cat":[12291,12711],"product_tag":[],"class_list":{"0":"post-711766","1":"product","2":"type-product","3":"status-publish","5":"product_cat-edebiyat","6":"product_cat-roman-oyku","7":"pa_cilt-ciltsiz","8":"pa_tur-kitap","9":"pa_yayinevi-timas-yayinlari","10":"pa_yazar-claudio-morandini","12":"first","13":"instock","14":"sale","15":"shipping-taxable","16":"purchasable","17":"product-type-simple"},"_links":{"self":[{"href":"https:\/\/roveyayinevi.com.tr\/index.php\/wp-json\/wp\/v2\/product\/711766","targetHints":{"allow":["GET"]}}],"collection":[{"href":"https:\/\/roveyayinevi.com.tr\/index.php\/wp-json\/wp\/v2\/product"}],"about":[{"href":"https:\/\/roveyayinevi.com.tr\/index.php\/wp-json\/wp\/v2\/types\/product"}],"wp:attachment":[{"href":"https:\/\/roveyayinevi.com.tr\/index.php\/wp-json\/wp\/v2\/media?parent=711766"}],"wp:term":[{"taxonomy":"product_brand","embeddable":true,"href":"https:\/\/roveyayinevi.com.tr\/index.php\/wp-json\/wp\/v2\/product_brand?post=711766"},{"taxonomy":"product_cat","embeddable":true,"href":"https:\/\/roveyayinevi.com.tr\/index.php\/wp-json\/wp\/v2\/product_cat?post=711766"},{"taxonomy":"product_tag","embeddable":true,"href":"https:\/\/roveyayinevi.com.tr\/index.php\/wp-json\/wp\/v2\/product_tag?post=711766"}],"curies":[{"name":"wp","href":"https:\/\/api.w.org\/{rel}","templated":true}]}}