{"id":711765,"date":"2025-08-27T16:49:11","date_gmt":"2025-08-27T13:49:11","guid":{"rendered":"https:\/\/roveyayinevi.com.tr\/index.php\/urun\/dere-ulkesinin-yolcusu-hebo\/"},"modified":"2026-04-16T02:20:31","modified_gmt":"2026-04-15T23:20:31","slug":"dere-ulkesinin-yolcusu-hebo","status":"publish","type":"product","link":"https:\/\/roveyayinevi.com.tr\/index.php\/urun\/dere-ulkesinin-yolcusu-hebo\/","title":{"rendered":"Dere \u00dclkesinin Yolcusu &#8211; Hebo"},"content":{"rendered":"<p>Dere \u00dclkesinin Yolcusu Hebo, do\u011fan\u0131n ortas\u0131nda bir kahraman.Etraf\u0131nda inekler, tavuklar, dereler, tepeler var&#8230; Hebo, durup d\u00fc\u015f\u00fcnen, etraf\u0131na bakan, ta\u015fa, suya, a\u011faca dokunarak \u00e7evresinde olup bitenleri anlamaya \u00e7al\u0131\u015fan; nasihatle de\u011fil, \u00e7evresini sorgulayarak geli\u015fim s\u00fcreci ge\u00e7iren bir \u00e7ocuk.Bu kitap okurlara, mega kentle\u015fme ve teknolojik geli\u015fimin sonucu da\u011f\u0131lan geni\u015f ailenin s\u0131cakl\u0131\u011f\u0131n\u0131 hissettirecek. K\u00fc\u00e7\u00fck bir \u00e7ocu\u011fun s\u0131ra d\u0131\u015f\u0131 d\u00fcnyas\u0131na ilk ad\u0131m\u0131 at\u0131n&#8230; <\/p>\n","protected":false},"excerpt":{"rendered":"<p>Dere \u00dclkesinin Yolcusu Hebo, do\u011fan\u0131n ortas\u0131nda bir kahraman.Etraf\u0131nda inekler, tavuklar, dereler, tepeler var&#8230; Hebo, durup d\u00fc\u015f\u00fcnen, etraf\u0131na bakan, ta\u015fa, suya, a\u011faca dokunarak \u00e7evresinde olup bitenleri anlamaya<span class=\"excerpt-hellip\"> [\u2026]<\/span><\/p>\n","protected":false},"featured_media":0,"template":"","meta":{"_monsterinsights_skip_tracking":false,"_monsterinsights_sitenote_active":false,"_monsterinsights_sitenote_note":"","_monsterinsights_sitenote_category":0},"product_brand":[],"product_cat":[12291,15117],"product_tag":[],"class_list":{"0":"post-711765","1":"product","2":"type-product","3":"status-publish","5":"product_cat-edebiyat","6":"product_cat-genclik-edebiyati","7":"pa_cilt-ciltsiz","8":"pa_tur-kitap","9":"pa_yayinevi-genc-timas","10":"pa_yazar-kasim-tiryaki","12":"first","13":"instock","14":"sale","15":"shipping-taxable","16":"purchasable","17":"product-type-simple"},"_links":{"self":[{"href":"https:\/\/roveyayinevi.com.tr\/index.php\/wp-json\/wp\/v2\/product\/711765","targetHints":{"allow":["GET"]}}],"collection":[{"href":"https:\/\/roveyayinevi.com.tr\/index.php\/wp-json\/wp\/v2\/product"}],"about":[{"href":"https:\/\/roveyayinevi.com.tr\/index.php\/wp-json\/wp\/v2\/types\/product"}],"wp:attachment":[{"href":"https:\/\/roveyayinevi.com.tr\/index.php\/wp-json\/wp\/v2\/media?parent=711765"}],"wp:term":[{"taxonomy":"product_brand","embeddable":true,"href":"https:\/\/roveyayinevi.com.tr\/index.php\/wp-json\/wp\/v2\/product_brand?post=711765"},{"taxonomy":"product_cat","embeddable":true,"href":"https:\/\/roveyayinevi.com.tr\/index.php\/wp-json\/wp\/v2\/product_cat?post=711765"},{"taxonomy":"product_tag","embeddable":true,"href":"https:\/\/roveyayinevi.com.tr\/index.php\/wp-json\/wp\/v2\/product_tag?post=711765"}],"curies":[{"name":"wp","href":"https:\/\/api.w.org\/{rel}","templated":true}]}}