{"id":711763,"date":"2025-08-27T16:49:09","date_gmt":"2025-08-27T13:49:09","guid":{"rendered":"https:\/\/roveyayinevi.com.tr\/index.php\/urun\/populer-dindarlik\/"},"modified":"2026-04-16T02:20:31","modified_gmt":"2026-04-15T23:20:31","slug":"populer-dindarlik","status":"publish","type":"product","link":"https:\/\/roveyayinevi.com.tr\/index.php\/urun\/populer-dindarlik\/","title":{"rendered":"Pop\u00fcler Dindarl\u0131k"},"content":{"rendered":"<p>\u0130nsan\u0131n inanma arzusu o kadar kuvvetlidir ki, zaman i\u00e7inde dinin formel bilgilerinin yan\u0131nda ba\u015fka rit\u00fceller ortaya \u00e7\u0131kmaya ba\u015flar. B\u00f6ylece, kitabi dinin yan\u0131nda bir de halk\u0131n muhayyilesinde ve gelene\u011finde y\u00fczy\u0131llard\u0131r varl\u0131\u011f\u0131n\u0131 s\u00fcrd\u00fcren inan\u0131\u015f bi\u00e7imleri ve yeni rit\u00fceller do\u011far ve bunlar\u0131n tamam\u0131 bir b\u00fct\u00fcn olarak \u201cya\u015fayan din\u201d olgusunu meydana getirir.\u00d6zellikle \u00fclkemizde, g\u00fcndelik hayat\u0131n din ile i\u00e7 i\u00e7e ge\u00e7ti\u011fi yerlerden biri de t\u00fcrbelerdir. D\u00fcnyada \u00e7ok farkl\u0131 \u00f6rnekleri de olan bu yerler, insanlar i\u00e7in ruhen rahatlama ve kutsal mek\u00e2n aray\u0131\u015f\u0131 ihtiya\u00e7lar\u0131na kar\u015f\u0131l\u0131k veren birer umut kap\u0131s\u0131. \u0130lgin\u00e7 rit\u00fcellerin g\u00f6zlemlendi\u011fi, \u00e7e\u015fitli menk\u0131belerin anlat\u0131ld\u0131\u011f\u0131 bu ziyaretg\u00e2hlar sadece insanla kutsal aras\u0131nda ba\u011f kurmuyor, ayn\u0131 zamanda adeta bir terapi ve sosyalle\u015fme mek\u00e2n\u0131 olarak insanlara rahatlat\u0131c\u0131 etkiler de sunuyor.Ali K\u00f6se ve Ali Ayten, sosyal bilimler anlam\u0131nda farkl\u0131 okumalara kap\u0131 aralayan ve \u00fclkemizde de \u00e7ok yayg\u0131n olan bir inan\u00e7 fenomeninin d\u00fcnyadaki benzer \u00f6rnekleriyle ili\u015fkisini kurarak bu olgunun adeta foto\u011fraf\u0131n\u0131 \u00e7ekiyorlar. <\/p>\n","protected":false},"excerpt":{"rendered":"<p>\u0130nsan\u0131n inanma arzusu o kadar kuvvetlidir ki, zaman i\u00e7inde dinin formel bilgilerinin yan\u0131nda ba\u015fka rit\u00fceller ortaya \u00e7\u0131kmaya ba\u015flar. B\u00f6ylece, kitabi dinin yan\u0131nda bir de halk\u0131n muhayyilesinde<span class=\"excerpt-hellip\"> [\u2026]<\/span><\/p>\n","protected":false},"featured_media":0,"template":"","meta":{"_monsterinsights_skip_tracking":false,"_monsterinsights_sitenote_active":false,"_monsterinsights_sitenote_note":"","_monsterinsights_sitenote_category":0},"product_brand":[],"product_cat":[12312,12304],"product_tag":[],"class_list":{"0":"post-711763","1":"product","2":"type-product","3":"status-publish","5":"product_cat-diger","6":"product_cat-tarih","7":"pa_cilt-ciltsiz","8":"pa_tur-kitap","9":"pa_yayinevi-timas-yayinlari","10":"pa_yazar-ali-kose-ali-ayten","12":"first","13":"instock","14":"sale","15":"shipping-taxable","16":"purchasable","17":"product-type-simple"},"_links":{"self":[{"href":"https:\/\/roveyayinevi.com.tr\/index.php\/wp-json\/wp\/v2\/product\/711763","targetHints":{"allow":["GET"]}}],"collection":[{"href":"https:\/\/roveyayinevi.com.tr\/index.php\/wp-json\/wp\/v2\/product"}],"about":[{"href":"https:\/\/roveyayinevi.com.tr\/index.php\/wp-json\/wp\/v2\/types\/product"}],"wp:attachment":[{"href":"https:\/\/roveyayinevi.com.tr\/index.php\/wp-json\/wp\/v2\/media?parent=711763"}],"wp:term":[{"taxonomy":"product_brand","embeddable":true,"href":"https:\/\/roveyayinevi.com.tr\/index.php\/wp-json\/wp\/v2\/product_brand?post=711763"},{"taxonomy":"product_cat","embeddable":true,"href":"https:\/\/roveyayinevi.com.tr\/index.php\/wp-json\/wp\/v2\/product_cat?post=711763"},{"taxonomy":"product_tag","embeddable":true,"href":"https:\/\/roveyayinevi.com.tr\/index.php\/wp-json\/wp\/v2\/product_tag?post=711763"}],"curies":[{"name":"wp","href":"https:\/\/api.w.org\/{rel}","templated":true}]}}