{"id":711762,"date":"2025-08-27T16:49:09","date_gmt":"2025-08-27T13:49:09","guid":{"rendered":"https:\/\/roveyayinevi.com.tr\/index.php\/urun\/orta-cag-islam-dunyasinda-kitap-ve-kutuphane\/"},"modified":"2026-04-16T02:20:31","modified_gmt":"2026-04-15T23:20:31","slug":"orta-cag-islam-dunyasinda-kitap-ve-kutuphane","status":"publish","type":"product","link":"https:\/\/roveyayinevi.com.tr\/index.php\/urun\/orta-cag-islam-dunyasinda-kitap-ve-kutuphane\/","title":{"rendered":"Orta \u00c7a\u011f \u0130slam D\u00fcnyas\u0131nda Kitap ve K\u00fct\u00fcphane"},"content":{"rendered":"<p>K\u00fclt\u00fcr ve edebiyat tarihi alan\u0131nda yapt\u0131\u011f\u0131 \u00e7al\u0131\u015fmalarla tan\u0131nan Prof. Dr. \u0130smail E. Er\u00fcnsal kaleme ald\u0131\u011f\u0131 Orta \u00c7a\u011f \u0130sl\u00e2m D\u00fcnyas\u0131nda Kitap ve K\u00fct\u00fcph\u00e2ne adl\u0131 bu eserle, Orta \u00c7a\u011f \u0130sl\u00e2m d\u00fcnyas\u0131nda \u201ckitab\u201d\u0131n tarihine yolculuk yapmam\u0131z\u0131 sa\u011fl\u0131yor. Er\u00fcnsal bu \u00e7al\u0131\u015fmas\u0131nda, Bat\u0131 dillerindeki ve Arap\u00e7a kaynaklardaki \u0130sl\u00e2m yazmalar\u0131 literat\u00fcr\u00fcn\u00fc derledi\u011fi gibi 1000 yazma eseri de inceleyerek bizim i\u00e7in karanl\u0131k bir d\u00fcnyan\u0131n kap\u0131lar\u0131n\u0131 aral\u0131yor.   \u0130sl\u00e2m k\u00fclt\u00fcr\u00fcn\u00fcn en \u00f6nemli halkalar\u0131ndan birini olu\u015fturan yazma kitap d\u00fcnyas\u0131n\u0131 her safhas\u0131yla tan\u0131mam\u0131z\u0131 sa\u011flayacak bu eser, kitab\u0131n ortaya \u00e7\u0131kmas\u0131 i\u00e7in gerekli k\u00e2\u011f\u0131t, kam\u0131\u015f, m\u00fcrekkep gibi maddi \u015fartlar\u0131n yan\u0131 s\u0131ra kitab\u0131n telif s\u00fcre\u00e7lerindeki temel basamaklar\u0131 da d\u00f6nemin kaynaklar\u0131ndan al\u0131nan birbirinden \u00e7arp\u0131c\u0131 anekdotlarla anlat\u0131yor. Kitap ayn\u0131 zamanda, medreselerdeki derslerde ya da camilerdeki halkalarda okutulan eserlerin mukabele, sem\u00e2\u2018, k\u0131ra\u00e2t gibi nihai hallerini alma s\u00fcre\u00e7lerinin yan\u0131 s\u0131ra iml\u00e2, ic\u00e2zet, m\u00fcn\u00e2vele, vic\u00e2de, m\u00fck\u00e2tebe gibi teknik terimlerle birlikte tenkidli metin ne\u015frinin inceliklerini \u00f6\u011frenmemizi sa\u011fl\u0131yor. Kitap \u00fcretim s\u00fcre\u00e7lerinin y\u00fcr\u00fct\u00fcc\u00fcs\u00fc olan hoca-talebe, m\u00fcellif-m\u00fcsteml\u00ee, verr\u00e2k-m\u00fcstensih gibi bu d\u00fcnyan\u0131n gizemli fig\u00fcrlerini g\u00f6r\u00fcn\u00fcr k\u0131l\u0131yor. Kitaplar\u0131n \u00fczerindeki vak\u0131f, temell\u00fck, fera\u011f ve istinsah kay\u0131tlar\u0131 \u00fczerinden kitaplara dair bilinmeyen bir d\u00fcnyada nas\u0131l yolculuk yap\u0131labilece\u011finin anahtarlar\u0131n\u0131 sunuyor. \u0130lmin merkezi olmalar\u0131 hasebiyle k\u00fct\u00fcphaneler, medreseler ve kitap \u00e7ar\u015f\u0131lar\u0131 sayesinde yazma kitaplara ev sahipli\u011fi yapan \u015eam, Kahire, Ba\u011fdat, Buhara, Semerkant, K\u00fbfe, Bursa ve Mekke gibi \u0130sl\u00e2m co\u011frafyas\u0131n\u0131n merkezlerini hat\u0131rlat\u0131yor\u2026 <\/p>\n","protected":false},"excerpt":{"rendered":"<p>K\u00fclt\u00fcr ve edebiyat tarihi alan\u0131nda yapt\u0131\u011f\u0131 \u00e7al\u0131\u015fmalarla tan\u0131nan Prof. Dr. \u0130smail E. Er\u00fcnsal kaleme ald\u0131\u011f\u0131 Orta \u00c7a\u011f \u0130sl\u00e2m D\u00fcnyas\u0131nda Kitap ve K\u00fct\u00fcph\u00e2ne adl\u0131 bu eserle, Orta<span class=\"excerpt-hellip\"> [\u2026]<\/span><\/p>\n","protected":false},"featured_media":0,"template":"","meta":{"_monsterinsights_skip_tracking":false,"_monsterinsights_sitenote_active":false,"_monsterinsights_sitenote_note":"","_monsterinsights_sitenote_category":0},"product_brand":[],"product_cat":[13036,12718,12719],"product_tag":[],"class_list":{"0":"post-711762","1":"product","2":"type-product","3":"status-publish","5":"product_cat-arastirma-inceleme-islam","6":"product_cat-din","7":"product_cat-islam","8":"pa_cilt-ciltsiz","9":"pa_tur-kitap","10":"pa_yayinevi-timas-yayinlari","11":"pa_yazar-ismail-e-erunsal","13":"first","14":"instock","15":"sale","16":"shipping-taxable","17":"purchasable","18":"product-type-simple"},"_links":{"self":[{"href":"https:\/\/roveyayinevi.com.tr\/index.php\/wp-json\/wp\/v2\/product\/711762","targetHints":{"allow":["GET"]}}],"collection":[{"href":"https:\/\/roveyayinevi.com.tr\/index.php\/wp-json\/wp\/v2\/product"}],"about":[{"href":"https:\/\/roveyayinevi.com.tr\/index.php\/wp-json\/wp\/v2\/types\/product"}],"wp:attachment":[{"href":"https:\/\/roveyayinevi.com.tr\/index.php\/wp-json\/wp\/v2\/media?parent=711762"}],"wp:term":[{"taxonomy":"product_brand","embeddable":true,"href":"https:\/\/roveyayinevi.com.tr\/index.php\/wp-json\/wp\/v2\/product_brand?post=711762"},{"taxonomy":"product_cat","embeddable":true,"href":"https:\/\/roveyayinevi.com.tr\/index.php\/wp-json\/wp\/v2\/product_cat?post=711762"},{"taxonomy":"product_tag","embeddable":true,"href":"https:\/\/roveyayinevi.com.tr\/index.php\/wp-json\/wp\/v2\/product_tag?post=711762"}],"curies":[{"name":"wp","href":"https:\/\/api.w.org\/{rel}","templated":true}]}}