{"id":711756,"date":"2025-08-27T16:49:05","date_gmt":"2025-08-27T13:49:05","guid":{"rendered":"https:\/\/roveyayinevi.com.tr\/index.php\/urun\/husrev-u-sirin\/"},"modified":"2026-04-16T02:20:31","modified_gmt":"2026-04-15T23:20:31","slug":"husrev-u-sirin","status":"publish","type":"product","link":"https:\/\/roveyayinevi.com.tr\/index.php\/urun\/husrev-u-sirin\/","title":{"rendered":"H\u00fcsrev \u00fc \u015eirin"},"content":{"rendered":"<p>H\u00fcsrev \u00fc \u015eirin, Tanp\u0131nar\u2019\u0131n ilk eseridir. \u0130stanbul\u2019a gelip bir sene Baytar Mektebi\u2019nde okuduk-tan sonra Dar\u00fclf\u00fcnun\u2019da felsefe ya da tarih okumaya niyetlenen Tanp\u0131nar, daha sonra b\u00fcy\u00fck bir muhabbetle ba\u011flanaca\u011f\u0131 ve fikr\u00ee y\u00f6nden beslenece\u011fi Yahya Kemal\u2019in edebiyat \u015fubesinde derslere girdi\u011fini \u00f6\u011frenince bu \u015fubeye kaydolur. O y\u0131llarda Dar\u00fclf\u00fcnun\u2019dan mezun olmak i\u00e7in bir bitirme tezi yazmak gerekliydi. Tanp\u0131nar da \u2013kuvvetle muhtemel hocalar\u0131n\u0131n y\u00f6nlendirmesiyle\u2013 klasik edebiyat\u0131m\u0131z\u0131n en \u00f6nemli \u015fairlerinden olan \u015eeyh\u00ee\u2019nin H\u00fcsrev \u00fc \u015eirin adl\u0131 eserini bitirme tezi olarak haz\u0131rlam\u0131\u015ft\u0131r. Tanp\u0131nar\u2019\u0131n 1923 y\u0131l\u0131nda haz\u0131rlad\u0131\u011f\u0131 bu tez, g\u00fcn\u00fcm\u00fcz alfabesine aktar\u0131lm\u0131\u015f ve okuyucuya kolayl\u0131k sa\u011flamas\u0131 ad\u0131na metin i\u00e7inde ge\u00e7en beyitlerin \u00e7evirileri dipnotlarda verilmi\u015ftir. <\/p>\n","protected":false},"excerpt":{"rendered":"<p>H\u00fcsrev \u00fc \u015eirin, Tanp\u0131nar\u2019\u0131n ilk eseridir. \u0130stanbul\u2019a gelip bir sene Baytar Mektebi\u2019nde okuduk-tan sonra Dar\u00fclf\u00fcnun\u2019da felsefe ya da tarih okumaya niyetlenen Tanp\u0131nar, daha sonra b\u00fcy\u00fck bir<span class=\"excerpt-hellip\"> [\u2026]<\/span><\/p>\n","protected":false},"featured_media":0,"template":"","meta":{"_monsterinsights_skip_tracking":false,"_monsterinsights_sitenote_active":false,"_monsterinsights_sitenote_note":"","_monsterinsights_sitenote_category":0},"product_brand":[],"product_cat":[12274,20117],"product_tag":[],"class_list":{"0":"post-711756","1":"product","2":"type-product","3":"status-publish","5":"product_cat-cocuk-ve-genclik-kitaplari","6":"product_cat-turk-klasikleri","7":"pa_cilt-ciltsiz","8":"pa_tur-kitap","9":"pa_yayinevi-dergah-yayinlari","10":"pa_yazar-ahmet-hamdi-tanpinar","12":"first","13":"instock","14":"sale","15":"shipping-taxable","16":"purchasable","17":"product-type-simple"},"_links":{"self":[{"href":"https:\/\/roveyayinevi.com.tr\/index.php\/wp-json\/wp\/v2\/product\/711756","targetHints":{"allow":["GET"]}}],"collection":[{"href":"https:\/\/roveyayinevi.com.tr\/index.php\/wp-json\/wp\/v2\/product"}],"about":[{"href":"https:\/\/roveyayinevi.com.tr\/index.php\/wp-json\/wp\/v2\/types\/product"}],"wp:attachment":[{"href":"https:\/\/roveyayinevi.com.tr\/index.php\/wp-json\/wp\/v2\/media?parent=711756"}],"wp:term":[{"taxonomy":"product_brand","embeddable":true,"href":"https:\/\/roveyayinevi.com.tr\/index.php\/wp-json\/wp\/v2\/product_brand?post=711756"},{"taxonomy":"product_cat","embeddable":true,"href":"https:\/\/roveyayinevi.com.tr\/index.php\/wp-json\/wp\/v2\/product_cat?post=711756"},{"taxonomy":"product_tag","embeddable":true,"href":"https:\/\/roveyayinevi.com.tr\/index.php\/wp-json\/wp\/v2\/product_tag?post=711756"}],"curies":[{"name":"wp","href":"https:\/\/api.w.org\/{rel}","templated":true}]}}