{"id":711750,"date":"2025-08-27T16:49:02","date_gmt":"2025-08-27T13:49:02","guid":{"rendered":"https:\/\/roveyayinevi.com.tr\/index.php\/urun\/bagdati-duslemek\/"},"modified":"2026-04-16T02:20:31","modified_gmt":"2026-04-15T23:20:31","slug":"bagdati-duslemek","status":"publish","type":"product","link":"https:\/\/roveyayinevi.com.tr\/index.php\/urun\/bagdati-duslemek\/","title":{"rendered":"Ba\u011fdat&#8217;\u0131 D\u00fc\u015flemek"},"content":{"rendered":"<p>Bir \u015fahit Haifa Zangana. 1970\u2019lerde, Saddam H\u00fcseyin\u2019e ve Baas rejimine kar\u015f\u0131 m\u00fccadele eden devrimci bir grubun mensubuydu. Bu y\u00fczden mahpuslu\u011fu, i\u015fkenceyi, s\u00fcrg\u00fcn\u00fc ya\u015fad\u0131. Bu ki- tapta, kendi ge\u00e7mi\u015fiyle birlikte sevgili vatan\u0131 Irak\u2019\u0131n d\u00fcn\u00fcn\u00fc hat\u0131rl\u0131yor, bug\u00fcn\u00fc \u00fczerine d\u00fc\u015f\u00fcn\u00fcyor. \u00c7ok katmanl\u0131, de\u011fi\u015fik karakterde bir kitap Ba\u011fdat\u2019\u0131 D\u00fc\u015flemek. Kurgu ile kurgu d\u0131\u015f\u0131n\u0131n i\u00e7 i\u00e7e ge\u00e7ti\u011fi, otobiyografik \u00f6zellikler ta\u015f\u0131yan ama yaln\u0131zca yazar\u0131n an\u0131lar\u0131 olmakla da kalmayan, hareket noktas\u0131 yerel olmas\u0131na ra\u011fmen evrensele ba\u011flanan bir metin. \u0130nsan zihninin neyi hat\u0131rlamak ve neyi silmek istedi\u011fi, bilin\u00e7 ile bilin\u00e7alt\u0131, politik m\u00fccadele, insanl\u0131k ve kad\u0131nl\u0131k halleri \u00fczerine d\u00fc\u015f\u00fcnd\u00fcr\u00fcc\u00fc, yer yer k\u0131\u015fk\u0131rt\u0131c\u0131, yer yer zorlay\u0131c\u0131 bir okuma. Tutku ve sorumluluk duygusuyla yaz\u0131lm\u0131\u015f Ba\u011fdat\u2019\u0131 D\u00fc\u015flemek kendi d\u00fc\u015flerimi, belle\u011fin bug\u00fcne ta\u015f\u0131yabilece\u011fi mutluluk ve ac\u0131y\u0131 hat\u0131rlatt\u0131. Mutlaka okunmal\u0131. Nawal el Saadawi Irak\u2019\u0131 i\u015fgal eden ABD-emperyal ayg\u0131t\u0131n\u0131n yan\u0131 s\u0131ra, onunla yat\u0131p kalkan bir antropologlar ordusu art\u0131k Irakl\u0131 kad\u0131nlar hakk\u0131nda yazma piyasas\u0131n\u0131 ele ge\u00e7irdi. Haifa Zangana ise Irakl\u0131 kad\u0131nlar hakk\u0131nda yazm\u0131yor. O Irakl\u0131 bir kad\u0131n. Hamid Dabashi <\/p>\n","protected":false},"excerpt":{"rendered":"<p>Bir \u015fahit Haifa Zangana. 1970\u2019lerde, Saddam H\u00fcseyin\u2019e ve Baas rejimine kar\u015f\u0131 m\u00fccadele eden devrimci bir grubun mensubuydu. Bu y\u00fczden mahpuslu\u011fu, i\u015fkenceyi, s\u00fcrg\u00fcn\u00fc ya\u015fad\u0131. Bu ki- tapta,<span class=\"excerpt-hellip\"> [\u2026]<\/span><\/p>\n","protected":false},"featured_media":0,"template":"","meta":{"_monsterinsights_skip_tracking":false,"_monsterinsights_sitenote_active":false,"_monsterinsights_sitenote_note":"","_monsterinsights_sitenote_category":0},"product_brand":[],"product_cat":[18545,12291],"product_tag":[],"class_list":{"0":"post-711750","1":"product","2":"type-product","3":"status-publish","5":"product_cat-anlati","6":"product_cat-edebiyat","7":"pa_cilt-ciltsiz","8":"pa_tur-kitap","9":"pa_yayinevi-can-yayinlari","10":"pa_yazar-haifa-zangana","12":"first","13":"instock","14":"sale","15":"shipping-taxable","16":"purchasable","17":"product-type-simple"},"_links":{"self":[{"href":"https:\/\/roveyayinevi.com.tr\/index.php\/wp-json\/wp\/v2\/product\/711750","targetHints":{"allow":["GET"]}}],"collection":[{"href":"https:\/\/roveyayinevi.com.tr\/index.php\/wp-json\/wp\/v2\/product"}],"about":[{"href":"https:\/\/roveyayinevi.com.tr\/index.php\/wp-json\/wp\/v2\/types\/product"}],"wp:attachment":[{"href":"https:\/\/roveyayinevi.com.tr\/index.php\/wp-json\/wp\/v2\/media?parent=711750"}],"wp:term":[{"taxonomy":"product_brand","embeddable":true,"href":"https:\/\/roveyayinevi.com.tr\/index.php\/wp-json\/wp\/v2\/product_brand?post=711750"},{"taxonomy":"product_cat","embeddable":true,"href":"https:\/\/roveyayinevi.com.tr\/index.php\/wp-json\/wp\/v2\/product_cat?post=711750"},{"taxonomy":"product_tag","embeddable":true,"href":"https:\/\/roveyayinevi.com.tr\/index.php\/wp-json\/wp\/v2\/product_tag?post=711750"}],"curies":[{"name":"wp","href":"https:\/\/api.w.org\/{rel}","templated":true}]}}