{"id":711749,"date":"2025-08-27T16:49:01","date_gmt":"2025-08-27T13:49:01","guid":{"rendered":"https:\/\/roveyayinevi.com.tr\/index.php\/urun\/ayak-izlerinde-adimlar\/"},"modified":"2026-04-16T02:20:31","modified_gmt":"2026-04-15T23:20:31","slug":"ayak-izlerinde-adimlar","status":"publish","type":"product","link":"https:\/\/roveyayinevi.com.tr\/index.php\/urun\/ayak-izlerinde-adimlar\/","title":{"rendered":"Ayak \u0130zlerinde Ad\u0131mlar"},"content":{"rendered":"<p>Pencere \u00e7er\u00e7evesinin \u00fcst k\u0131sm\u0131nda bir damlac\u0131k beliriyor, onu bin s\u00f6n\u00fck \u0131\u015f\u0131lt\u0131ya b\u00f6len g\u00f6ky\u00fcz\u00fcne do\u011fru titre\u015fiyor, sonra b\u00fcy\u00fcyor ve sendeliyor, d\u00fc\u015ft\u00fc d\u00fc\u015fecek, ama d\u00fc\u015fm\u00fcyor, hen\u00fcz d\u00fc\u015fm\u00fcyor. B\u00fct\u00fcn t\u0131rnaklar\u0131yla oraya tutunuyor, d\u00fc\u015fmek istemiyor ve bir yandan g\u00f6be\u011fi b\u00fcy\u00fcrken di\u015flerini oraya ge\u00e7irdi\u011fi g\u00f6r\u00fcl\u00fcyor, o art\u0131k g\u00f6rkemli bir \u015fekilde sarkan koca bir damla, derken birden, \u015f\u0131p ve i\u015fte d\u00fc\u015f\u00fcyor, par\u00e7alan\u0131yor ve sonras\u0131, hi\u00e7lik, mermerin \u00fczerinde bir kayganl\u0131k. Julio Cort\u00e1zar\u2019\u0131n \u00f6yk\u00fc k\u00fclliyat\u0131n\u0131n bu ikinci cildi, Kronoplar\u0131n ve Me\u015fhurlar\u0131n Hik\u00e2yeleri (1962), B\u00fct\u00fcn Ate\u015fler Ate\u015f (1966), Son Raunt (1969), Sekizy\u00fczl\u00fc (1974), Orada Dola\u015fan Biri (1977) kitaplar\u0131n\u0131n bir araya gelmesiyle olu\u015ftu. Ayak \u0130zlerinde Ad\u0131mlar\u2019daki deneysel hik\u00e2yelerin, mikro anlat\u0131lar\u0131n, ger\u00e7ek\u00fcst\u00fc evrenlerin hepsi, Cort\u00e1zar efsanesinin birer izd\u00fc\u015f\u00fcm\u00fc. <\/p>\n","protected":false},"excerpt":{"rendered":"<p>Pencere \u00e7er\u00e7evesinin \u00fcst k\u0131sm\u0131nda bir damlac\u0131k beliriyor, onu bin s\u00f6n\u00fck \u0131\u015f\u0131lt\u0131ya b\u00f6len g\u00f6ky\u00fcz\u00fcne do\u011fru titre\u015fiyor, sonra b\u00fcy\u00fcyor ve sendeliyor, d\u00fc\u015ft\u00fc d\u00fc\u015fecek, ama d\u00fc\u015fm\u00fcyor, hen\u00fcz d\u00fc\u015fm\u00fcyor. B\u00fct\u00fcn<span class=\"excerpt-hellip\"> [\u2026]<\/span><\/p>\n","protected":false},"featured_media":0,"template":"","meta":{"_monsterinsights_skip_tracking":false,"_monsterinsights_sitenote_active":false,"_monsterinsights_sitenote_note":"","_monsterinsights_sitenote_category":0},"product_brand":[],"product_cat":[12291,12711],"product_tag":[],"class_list":{"0":"post-711749","1":"product","2":"type-product","3":"status-publish","5":"product_cat-edebiyat","6":"product_cat-roman-oyku","7":"pa_cilt-ciltsiz","8":"pa_tur-kitap","9":"pa_yayinevi-can-yayinlari","10":"pa_yazar-julio-cortazar","12":"first","13":"instock","14":"sale","15":"shipping-taxable","16":"purchasable","17":"product-type-simple"},"_links":{"self":[{"href":"https:\/\/roveyayinevi.com.tr\/index.php\/wp-json\/wp\/v2\/product\/711749","targetHints":{"allow":["GET"]}}],"collection":[{"href":"https:\/\/roveyayinevi.com.tr\/index.php\/wp-json\/wp\/v2\/product"}],"about":[{"href":"https:\/\/roveyayinevi.com.tr\/index.php\/wp-json\/wp\/v2\/types\/product"}],"wp:attachment":[{"href":"https:\/\/roveyayinevi.com.tr\/index.php\/wp-json\/wp\/v2\/media?parent=711749"}],"wp:term":[{"taxonomy":"product_brand","embeddable":true,"href":"https:\/\/roveyayinevi.com.tr\/index.php\/wp-json\/wp\/v2\/product_brand?post=711749"},{"taxonomy":"product_cat","embeddable":true,"href":"https:\/\/roveyayinevi.com.tr\/index.php\/wp-json\/wp\/v2\/product_cat?post=711749"},{"taxonomy":"product_tag","embeddable":true,"href":"https:\/\/roveyayinevi.com.tr\/index.php\/wp-json\/wp\/v2\/product_tag?post=711749"}],"curies":[{"name":"wp","href":"https:\/\/api.w.org\/{rel}","templated":true}]}}