{"id":711744,"date":"2025-08-27T16:48:58","date_gmt":"2025-08-27T13:48:58","guid":{"rendered":"https:\/\/roveyayinevi.com.tr\/index.php\/urun\/gantz-cilt-4\/"},"modified":"2026-04-16T02:20:30","modified_gmt":"2026-04-15T23:20:30","slug":"gantz-cilt-4","status":"publish","type":"product","link":"https:\/\/roveyayinevi.com.tr\/index.php\/urun\/gantz-cilt-4\/","title":{"rendered":"Gantz Cilt 4"},"content":{"rendered":"<p>Gantz Cilt 4 Yeni bir oyun ba\u015fl\u0131yor. Mazoist k\u00fcre Gantz, tehlikeli planlar\u0131n\u0131 hayata ge\u00e7irmek i\u00e7in s\u0131radan insanlardan meydana gelen yeni bir grup toparlad\u0131. Eski ve yenilerden olu\u015fan bu grup, bu sefer daha \u00e7etin bit d\u00fc\u015fman\u0131n kar\u015f\u0131s\u0131na \u00e7\u0131k\u0131yor. \u00dcnl\u00fc bir Japon \u015fark\u0131c\u0131n\u0131n k\u0131l\u0131\u011f\u0131na b\u00fcr\u00fcnm\u00fc\u015f d\u00fc\u015fmanlar\u0131 ise tuhaf bir robot ancak acaba bu d\u0131\u015f g\u00f6r\u00fcn\u00fc\u015f\u00fcn ard\u0131nda yatan ger\u00e7ek ne?   Art\u0131k bu \u00f6l\u00fcm kal\u0131m m\u00fccadelesinde deneyimli birer profesyonel haline gelmi\u015f kahramanlar\u0131m\u0131z, yenileri kendi ba\u015flar\u0131na b\u0131rakman\u0131n m\u0131 yoksa \u00f6nceki deneyimlerini t\u00fcm grubun yarar\u0131na kullanman\u0131n m\u0131 daha iyi sonu\u00e7lar sa\u011flayaca\u011f\u0131na karar vermek durumunda.   Gantz, b\u00fcy\u00fck bir keyifle okuyup devam\u0131n\u0131 heyecanla bekleyece\u011finiz bir yeti\u015fkin mangas\u0131. <\/p>\n","protected":false},"excerpt":{"rendered":"<p>Gantz Cilt 4 Yeni bir oyun ba\u015fl\u0131yor. Mazoist k\u00fcre Gantz, tehlikeli planlar\u0131n\u0131 hayata ge\u00e7irmek i\u00e7in s\u0131radan insanlardan meydana gelen yeni bir grup toparlad\u0131. Eski ve yenilerden<span class=\"excerpt-hellip\"> [\u2026]<\/span><\/p>\n","protected":false},"featured_media":0,"template":"","meta":{"_monsterinsights_skip_tracking":false,"_monsterinsights_sitenote_active":false,"_monsterinsights_sitenote_note":"","_monsterinsights_sitenote_category":0},"product_brand":[],"product_cat":[12689,12274],"product_tag":[],"class_list":{"0":"post-711744","1":"product","2":"type-product","3":"status-publish","5":"product_cat-cizgi-roman-cocuk-ve-genclik-kitaplari","6":"product_cat-cocuk-ve-genclik-kitaplari","7":"pa_cilt-ciltsiz","8":"pa_tur-kitap","9":"pa_yayinevi-kurukafa","10":"pa_yazar-hiroya-oku","12":"first","13":"instock","14":"sale","15":"shipping-taxable","16":"purchasable","17":"product-type-simple"},"_links":{"self":[{"href":"https:\/\/roveyayinevi.com.tr\/index.php\/wp-json\/wp\/v2\/product\/711744","targetHints":{"allow":["GET"]}}],"collection":[{"href":"https:\/\/roveyayinevi.com.tr\/index.php\/wp-json\/wp\/v2\/product"}],"about":[{"href":"https:\/\/roveyayinevi.com.tr\/index.php\/wp-json\/wp\/v2\/types\/product"}],"wp:attachment":[{"href":"https:\/\/roveyayinevi.com.tr\/index.php\/wp-json\/wp\/v2\/media?parent=711744"}],"wp:term":[{"taxonomy":"product_brand","embeddable":true,"href":"https:\/\/roveyayinevi.com.tr\/index.php\/wp-json\/wp\/v2\/product_brand?post=711744"},{"taxonomy":"product_cat","embeddable":true,"href":"https:\/\/roveyayinevi.com.tr\/index.php\/wp-json\/wp\/v2\/product_cat?post=711744"},{"taxonomy":"product_tag","embeddable":true,"href":"https:\/\/roveyayinevi.com.tr\/index.php\/wp-json\/wp\/v2\/product_tag?post=711744"}],"curies":[{"name":"wp","href":"https:\/\/api.w.org\/{rel}","templated":true}]}}