{"id":711743,"date":"2025-08-27T16:48:58","date_gmt":"2025-08-27T13:48:58","guid":{"rendered":"https:\/\/roveyayinevi.com.tr\/index.php\/urun\/cocuklar-icin-eglenceli-etkinlikler-cikartmali\/"},"modified":"2026-04-16T02:20:30","modified_gmt":"2026-04-15T23:20:30","slug":"cocuklar-icin-eglenceli-etkinlikler-cikartmali","status":"publish","type":"product","link":"https:\/\/roveyayinevi.com.tr\/index.php\/urun\/cocuklar-icin-eglenceli-etkinlikler-cikartmali\/","title":{"rendered":"\u00c7ocuklar \u0130\u00e7in E\u011flenceli Etkinlikler &#8211; \u00c7\u0131kartmal\u0131"},"content":{"rendered":"<p>Erkekler \u00c7ocuklar \u0130\u00e7in Etkinlik Kitab\u0131   Bu kitap \u00e7ocuklar\u0131 saatlerce e\u011flendirerek oyalayacak!   \u0130ster farkl\u0131l\u0131klar\u0131 bulsun, ister resimler \u00e7izip boyas\u0131n, isterse de \u00e7\u0131kartmalarla kendi resmini yarats\u0131n veya g\u00f6zlem yaparak sorulan sorular\u0131 yan\u0131tlas\u0131n.   Evde, d\u0131\u015far\u0131da, tatilde\u2026 Nerede, ne zaman can\u0131 s\u0131k\u0131l\u0131rsa\u2026   E\u011flencelerle dolu bu kitap \u00e7ocu\u011funuzun konsantrasyon geli\u015fimine katk\u0131 sa\u011flayacak, k\u00fc\u00e7\u00fck beyler bu kitab\u0131 yan\u0131ndan ay\u0131rmayacak! <\/p>\n","protected":false},"excerpt":{"rendered":"<p>Erkekler \u00c7ocuklar \u0130\u00e7in Etkinlik Kitab\u0131 Bu kitap \u00e7ocuklar\u0131 saatlerce e\u011flendirerek oyalayacak! \u0130ster farkl\u0131l\u0131klar\u0131 bulsun, ister resimler \u00e7izip boyas\u0131n, isterse de \u00e7\u0131kartmalarla kendi resmini yarats\u0131n veya g\u00f6zlem<span class=\"excerpt-hellip\"> [\u2026]<\/span><\/p>\n","protected":false},"featured_media":0,"template":"","meta":{"_monsterinsights_skip_tracking":false,"_monsterinsights_sitenote_active":false,"_monsterinsights_sitenote_note":"","_monsterinsights_sitenote_category":0},"product_brand":[],"product_cat":[12274,12518],"product_tag":[],"class_list":{"0":"post-711743","1":"product","2":"type-product","3":"status-publish","5":"product_cat-cocuk-ve-genclik-kitaplari","6":"product_cat-okul-oncesi-kitaplar","7":"pa_cilt-ciltsiz","8":"pa_tur-kitap","9":"pa_yayinevi-1001-cicek-kitaplar","10":"pa_yazar-lucy-bowman-james-maclaine","12":"first","13":"instock","14":"sale","15":"shipping-taxable","16":"purchasable","17":"product-type-simple"},"_links":{"self":[{"href":"https:\/\/roveyayinevi.com.tr\/index.php\/wp-json\/wp\/v2\/product\/711743","targetHints":{"allow":["GET"]}}],"collection":[{"href":"https:\/\/roveyayinevi.com.tr\/index.php\/wp-json\/wp\/v2\/product"}],"about":[{"href":"https:\/\/roveyayinevi.com.tr\/index.php\/wp-json\/wp\/v2\/types\/product"}],"wp:attachment":[{"href":"https:\/\/roveyayinevi.com.tr\/index.php\/wp-json\/wp\/v2\/media?parent=711743"}],"wp:term":[{"taxonomy":"product_brand","embeddable":true,"href":"https:\/\/roveyayinevi.com.tr\/index.php\/wp-json\/wp\/v2\/product_brand?post=711743"},{"taxonomy":"product_cat","embeddable":true,"href":"https:\/\/roveyayinevi.com.tr\/index.php\/wp-json\/wp\/v2\/product_cat?post=711743"},{"taxonomy":"product_tag","embeddable":true,"href":"https:\/\/roveyayinevi.com.tr\/index.php\/wp-json\/wp\/v2\/product_tag?post=711743"}],"curies":[{"name":"wp","href":"https:\/\/api.w.org\/{rel}","templated":true}]}}