{"id":711741,"date":"2025-08-27T16:48:57","date_gmt":"2025-08-27T13:48:57","guid":{"rendered":"https:\/\/roveyayinevi.com.tr\/index.php\/urun\/ejderha-avcilari-okulu-20-yasasin-okul-bitti\/"},"modified":"2026-04-16T02:20:30","modified_gmt":"2026-04-15T23:20:30","slug":"ejderha-avcilari-okulu-20-yasasin-okul-bitti","status":"publish","type":"product","link":"https:\/\/roveyayinevi.com.tr\/index.php\/urun\/ejderha-avcilari-okulu-20-yasasin-okul-bitti\/","title":{"rendered":"Ejderha Avc\u0131lar\u0131 Okulu 20 &#8211; Ya\u015fas\u0131n! Okul Bitti"},"content":{"rendered":"<p>S\u00fcrpriz! Wiglaf ve arkada\u015flar\u0131, Ejderha Avc\u0131lar\u0131 Okulu\u2019ndan mezun oluyorlar. Fakat mezuniyet t\u00f6reninden \u00f6nce gen\u00e7lerin, kay\u0131p ejderhalar\u0131 Kurt\u00e7uk\u2019u bulmalar\u0131 gerekiyor. Kurt\u00e7uk\u2019u ararken a\u00e7 trollerle, kafas\u0131 kar\u0131\u015f\u0131k b\u00fcy\u00fcc\u00fcyle ve di\u011fer ejderhalarla kar\u015f\u0131la\u015f\u0131yorlar. Bunlar\u0131n hi\u00e7biri, Wiglaf ve arkada\u015flar\u0131n\u0131, Ejderha Avc\u0131lar\u0131 Okulu\u2019nda ya\u015fad\u0131klar\u0131 s\u00fcrprizler kadar etkilemiyor. Ve mezuniyet g\u00fcn\u00fcnde gen\u00e7lerin hayatlar\u0131 tamamen de\u011fi\u015fiyor\u2026 <\/p>\n","protected":false},"excerpt":{"rendered":"<p>S\u00fcrpriz! Wiglaf ve arkada\u015flar\u0131, Ejderha Avc\u0131lar\u0131 Okulu\u2019ndan mezun oluyorlar. Fakat mezuniyet t\u00f6reninden \u00f6nce gen\u00e7lerin, kay\u0131p ejderhalar\u0131 Kurt\u00e7uk\u2019u bulmalar\u0131 gerekiyor. Kurt\u00e7uk\u2019u ararken a\u00e7 trollerle, kafas\u0131 kar\u0131\u015f\u0131k b\u00fcy\u00fcc\u00fcyle<span class=\"excerpt-hellip\"> [\u2026]<\/span><\/p>\n","protected":false},"featured_media":0,"template":"","meta":{"_monsterinsights_skip_tracking":false,"_monsterinsights_sitenote_active":false,"_monsterinsights_sitenote_note":"","_monsterinsights_sitenote_category":0},"product_brand":[],"product_cat":[12291,14777],"product_tag":[],"class_list":{"0":"post-711741","1":"product","2":"type-product","3":"status-publish","5":"product_cat-edebiyat","6":"product_cat-fantastik","7":"pa_cilt-ciltsiz","8":"pa_tur-kitap","9":"pa_yayinevi-beyaz-balina-yayinlari","10":"pa_yazar-kate-mcmullan","12":"first","13":"instock","14":"sale","15":"shipping-taxable","16":"purchasable","17":"product-type-simple"},"_links":{"self":[{"href":"https:\/\/roveyayinevi.com.tr\/index.php\/wp-json\/wp\/v2\/product\/711741","targetHints":{"allow":["GET"]}}],"collection":[{"href":"https:\/\/roveyayinevi.com.tr\/index.php\/wp-json\/wp\/v2\/product"}],"about":[{"href":"https:\/\/roveyayinevi.com.tr\/index.php\/wp-json\/wp\/v2\/types\/product"}],"wp:attachment":[{"href":"https:\/\/roveyayinevi.com.tr\/index.php\/wp-json\/wp\/v2\/media?parent=711741"}],"wp:term":[{"taxonomy":"product_brand","embeddable":true,"href":"https:\/\/roveyayinevi.com.tr\/index.php\/wp-json\/wp\/v2\/product_brand?post=711741"},{"taxonomy":"product_cat","embeddable":true,"href":"https:\/\/roveyayinevi.com.tr\/index.php\/wp-json\/wp\/v2\/product_cat?post=711741"},{"taxonomy":"product_tag","embeddable":true,"href":"https:\/\/roveyayinevi.com.tr\/index.php\/wp-json\/wp\/v2\/product_tag?post=711741"}],"curies":[{"name":"wp","href":"https:\/\/api.w.org\/{rel}","templated":true}]}}