{"id":711738,"date":"2025-08-27T16:48:55","date_gmt":"2025-08-27T13:48:55","guid":{"rendered":"https:\/\/roveyayinevi.com.tr\/index.php\/urun\/erkeklerin-olmeden-once-soyledigi-101-yalan\/"},"modified":"2026-04-16T02:20:30","modified_gmt":"2026-04-15T23:20:30","slug":"erkeklerin-olmeden-once-soyledigi-101-yalan","status":"publish","type":"product","link":"https:\/\/roveyayinevi.com.tr\/index.php\/urun\/erkeklerin-olmeden-once-soyledigi-101-yalan\/","title":{"rendered":"Erkeklerin \u00d6lmeden \u00d6nce S\u00f6yledi\u011fi 101 Yalan"},"content":{"rendered":"<p>Ey a\u015fk, ne \u00e7ok yakt\u0131n can\u0131m\u0131z\u0131 sevgilinin ard\u0131ndan&#8230; Ama sen, yine de en sevdi\u011fimiz \u00f6\u011fretmensin. En esasl\u0131 dersini en sona saklars\u0131n, biliyoruz\u2026 Bilmediklerimizle de\u011fil, bildiklerimizle, tecr\u00fcbelerimizle yan\u0131lt\u0131rs\u0131n bizi\u2026 Hem de defalarca&#8230; \u201cSe\u00e7ti\u011fim t\u00fcm yollar ac\u0131 verecekse e\u011fer, en ac\u0131s\u0131n\u0131 se\u00e7erim.\u201d diyecek kadar kal\u0131nla\u015ft\u0131r\u0131rs\u0131n ac\u0131m\u0131z\u0131n derisini. Yalan s\u00f6ylemeyi, hi\u00e7bir \u015fey s\u00f6ylememekten daha masum k\u0131lars\u0131n kimi zaman\u2026 Bu y\u00fczden, verdi\u011fin s\u0131f\u0131rlardan zincir yap\u0131p yine sana tutunmay\u0131 bilmek gerekir bazen\u2026 \u0130nsan\u0131, derdinden utand\u0131ran dertler vard\u0131r hani. \u00c7o\u011fu zaman sen de bunlardan biri olup \u00e7\u0131k\u0131yorsun kar\u015f\u0131m\u0131za\u2026 Hayat\u0131m\u0131zda s\u0131f\u0131ra indi\u011fimiz, sil ba\u015ftan ba\u015flad\u0131\u011f\u0131m\u0131z birka\u00e7 d\u00f6n\u00fcm noktas\u0131 varsa bunlardan biri mutlaka senden sebeptir. \u0130\u015fte kad\u0131nlar; bu sebepleri anlat\u0131yor, \u201cErkeklerin \u00d6lmeden \u00d6nce S\u00f6yledi\u011fi 101 Yalan\u201d da. Ayn\u0131 yerden defalarca k\u0131r\u0131lmaktan yorulsa da yine de sevmeye devam eden kad\u0131nlar&#8230; Ne kadar sevdiyse o kadar ac\u0131t\u0131lan kad\u0131nlar\u2026 Bazen de ac\u0131t\u0131ld\u0131\u011f\u0131 kadar ac\u0131tan kad\u0131nlar\u2026 <\/p>\n","protected":false},"excerpt":{"rendered":"<p>Ey a\u015fk, ne \u00e7ok yakt\u0131n can\u0131m\u0131z\u0131 sevgilinin ard\u0131ndan&#8230; Ama sen, yine de en sevdi\u011fimiz \u00f6\u011fretmensin. En esasl\u0131 dersini en sona saklars\u0131n, biliyoruz\u2026 Bilmediklerimizle de\u011fil, bildiklerimizle, tecr\u00fcbelerimizle<span class=\"excerpt-hellip\"> [\u2026]<\/span><\/p>\n","protected":false},"featured_media":0,"template":"","meta":{"_monsterinsights_skip_tracking":false,"_monsterinsights_sitenote_active":false,"_monsterinsights_sitenote_note":"","_monsterinsights_sitenote_category":0},"product_brand":[],"product_cat":[12291,12711],"product_tag":[],"class_list":{"0":"post-711738","1":"product","2":"type-product","3":"status-publish","5":"product_cat-edebiyat","6":"product_cat-roman-oyku","7":"pa_cilt-ciltsiz","8":"pa_tur-kitap","9":"pa_yayinevi-yade-yayinlari","10":"pa_yazar-neslihan-gursoy","12":"first","13":"instock","14":"sale","15":"shipping-taxable","16":"purchasable","17":"product-type-simple"},"_links":{"self":[{"href":"https:\/\/roveyayinevi.com.tr\/index.php\/wp-json\/wp\/v2\/product\/711738","targetHints":{"allow":["GET"]}}],"collection":[{"href":"https:\/\/roveyayinevi.com.tr\/index.php\/wp-json\/wp\/v2\/product"}],"about":[{"href":"https:\/\/roveyayinevi.com.tr\/index.php\/wp-json\/wp\/v2\/types\/product"}],"wp:attachment":[{"href":"https:\/\/roveyayinevi.com.tr\/index.php\/wp-json\/wp\/v2\/media?parent=711738"}],"wp:term":[{"taxonomy":"product_brand","embeddable":true,"href":"https:\/\/roveyayinevi.com.tr\/index.php\/wp-json\/wp\/v2\/product_brand?post=711738"},{"taxonomy":"product_cat","embeddable":true,"href":"https:\/\/roveyayinevi.com.tr\/index.php\/wp-json\/wp\/v2\/product_cat?post=711738"},{"taxonomy":"product_tag","embeddable":true,"href":"https:\/\/roveyayinevi.com.tr\/index.php\/wp-json\/wp\/v2\/product_tag?post=711738"}],"curies":[{"name":"wp","href":"https:\/\/api.w.org\/{rel}","templated":true}]}}