{"id":711737,"date":"2025-08-27T16:48:54","date_gmt":"2025-08-27T13:48:54","guid":{"rendered":"https:\/\/roveyayinevi.com.tr\/index.php\/urun\/kucuk-bir-ege-masali\/"},"modified":"2026-04-16T02:20:30","modified_gmt":"2026-04-15T23:20:30","slug":"kucuk-bir-ege-masali","status":"publish","type":"product","link":"https:\/\/roveyayinevi.com.tr\/index.php\/urun\/kucuk-bir-ege-masali\/","title":{"rendered":"K\u00fc\u00e7\u00fck Bir Ege Masal\u0131"},"content":{"rendered":"<p>K\u00fc\u00e7\u00fck Bir Ege Masal\u0131 Sesi yine yumu\u015fac\u0131k, yine kadife gibiydi.Peride b\u00fcy\u00fclenmi\u015f\u00e7esine ona bak\u0131yordu. G\u00f6zlerini k\u0131rpmay\u0131 bile unutmu\u015ftu neredeyse. Kalbi \u00f6yleh\u0131zl\u0131 \u00e7arp\u0131yordu ki aniden durabilece\u011fini d\u00fc\u015f\u00fcnd\u00fc bir an.   \u201cNe vakit bir ya\u015famak d\u00fc\u015f\u00fcnsem, Sus deyip ad\u0131nla ba\u015fl\u0131yorum. \u0130\u00e7im s\u0131ra k\u0131m\u0131ld\u0131yor gizli denizlerin, Hay\u0131r, ba\u015fka t\u00fcrl\u00fc olmayacak, Ben sana mecburum, bilemezsin&#8230;<\/p>\n","protected":false},"excerpt":{"rendered":"<p>K\u00fc\u00e7\u00fck Bir Ege Masal\u0131 Sesi yine yumu\u015fac\u0131k, yine kadife gibiydi.Peride b\u00fcy\u00fclenmi\u015f\u00e7esine ona bak\u0131yordu. G\u00f6zlerini k\u0131rpmay\u0131 bile unutmu\u015ftu neredeyse. Kalbi \u00f6yleh\u0131zl\u0131 \u00e7arp\u0131yordu ki aniden durabilece\u011fini d\u00fc\u015f\u00fcnd\u00fc bir<span class=\"excerpt-hellip\"> [\u2026]<\/span><\/p>\n","protected":false},"featured_media":0,"template":"","meta":{"_monsterinsights_skip_tracking":false,"_monsterinsights_sitenote_active":false,"_monsterinsights_sitenote_note":"","_monsterinsights_sitenote_category":0},"product_brand":[],"product_cat":[12291,12711],"product_tag":[],"class_list":{"0":"post-711737","1":"product","2":"type-product","3":"status-publish","5":"product_cat-edebiyat","6":"product_cat-roman-oyku","7":"pa_cilt-ciltsiz","8":"pa_tur-kitap","9":"pa_yayinevi-yade-yayinlari","10":"pa_yazar-pinar-elif-karabal","12":"first","13":"instock","14":"sale","15":"shipping-taxable","16":"purchasable","17":"product-type-simple"},"_links":{"self":[{"href":"https:\/\/roveyayinevi.com.tr\/index.php\/wp-json\/wp\/v2\/product\/711737","targetHints":{"allow":["GET"]}}],"collection":[{"href":"https:\/\/roveyayinevi.com.tr\/index.php\/wp-json\/wp\/v2\/product"}],"about":[{"href":"https:\/\/roveyayinevi.com.tr\/index.php\/wp-json\/wp\/v2\/types\/product"}],"wp:attachment":[{"href":"https:\/\/roveyayinevi.com.tr\/index.php\/wp-json\/wp\/v2\/media?parent=711737"}],"wp:term":[{"taxonomy":"product_brand","embeddable":true,"href":"https:\/\/roveyayinevi.com.tr\/index.php\/wp-json\/wp\/v2\/product_brand?post=711737"},{"taxonomy":"product_cat","embeddable":true,"href":"https:\/\/roveyayinevi.com.tr\/index.php\/wp-json\/wp\/v2\/product_cat?post=711737"},{"taxonomy":"product_tag","embeddable":true,"href":"https:\/\/roveyayinevi.com.tr\/index.php\/wp-json\/wp\/v2\/product_tag?post=711737"}],"curies":[{"name":"wp","href":"https:\/\/api.w.org\/{rel}","templated":true}]}}