{"id":711736,"date":"2025-08-27T16:48:54","date_gmt":"2025-08-27T13:48:54","guid":{"rendered":"https:\/\/roveyayinevi.com.tr\/index.php\/urun\/antonun-maceralari-3-kitap-takim\/"},"modified":"2026-04-16T02:20:30","modified_gmt":"2026-04-15T23:20:30","slug":"antonun-maceralari-3-kitap-takim","status":"publish","type":"product","link":"https:\/\/roveyayinevi.com.tr\/index.php\/urun\/antonun-maceralari-3-kitap-takim\/","title":{"rendered":"Anton&#8217;un Maceralar\u0131 (3 Kitap Tak\u0131m)"},"content":{"rendered":"<p>Alman pedagog-yazar Meike Haberstock&#8217;un, e\u011flenceli anlat\u0131m\u0131yla k\u00fc\u00e7\u00fck okurlar\u0131n sevgisini kazanan Anton&#8217;un Maceralar\u0131 \u00f6zel kutulu setiyle raflarda!Minik kitapseverler, ha\u015far\u0131 dostlar\u0131 Anton&#8217;la birlikte maceradan maceraya ko\u015ftururken; zaman\u0131n s\u0131rlar\u0131n\u0131 ke\u015ffedecek, korkular\u0131yla y\u00fczle\u015fmeyi \u00f6\u011frenecek ve arkada\u015fl\u0131k ili\u015fkilerini g\u00f6zden ge\u00e7irmenin inceliklerini kavrayacaklar&#8230; Anton&#8217;un Maceralar\u0131&#8217;nda Yer Alan Kitaplar1 &#8211; Zaman Sihirbaz\u01312 &#8211; Cesaret Ustas\u01313 &#8211; Arkada\u015f Canl\u0131s\u0131 <\/p>\n","protected":false},"excerpt":{"rendered":"<p>Alman pedagog-yazar Meike Haberstock&#8217;un, e\u011flenceli anlat\u0131m\u0131yla k\u00fc\u00e7\u00fck okurlar\u0131n sevgisini kazanan Anton&#8217;un Maceralar\u0131 \u00f6zel kutulu setiyle raflarda!Minik kitapseverler, ha\u015far\u0131 dostlar\u0131 Anton&#8217;la birlikte maceradan maceraya ko\u015ftururken; zaman\u0131n s\u0131rlar\u0131n\u0131<span class=\"excerpt-hellip\"> [\u2026]<\/span><\/p>\n","protected":false},"featured_media":0,"template":"","meta":{"_monsterinsights_skip_tracking":false,"_monsterinsights_sitenote_active":false,"_monsterinsights_sitenote_note":"","_monsterinsights_sitenote_category":0},"product_brand":[],"product_cat":[12275,12274],"product_tag":[],"class_list":{"0":"post-711736","1":"product","2":"type-product","3":"status-publish","5":"product_cat-6-12-yas-kitaplari","6":"product_cat-cocuk-ve-genclik-kitaplari","7":"pa_cilt-ciltli","8":"pa_tur-kitap","9":"pa_yayinevi-tudem-yayinlari","10":"pa_yazar-meike-haberstock","12":"first","13":"instock","14":"sale","15":"shipping-taxable","16":"purchasable","17":"product-type-simple"},"_links":{"self":[{"href":"https:\/\/roveyayinevi.com.tr\/index.php\/wp-json\/wp\/v2\/product\/711736","targetHints":{"allow":["GET"]}}],"collection":[{"href":"https:\/\/roveyayinevi.com.tr\/index.php\/wp-json\/wp\/v2\/product"}],"about":[{"href":"https:\/\/roveyayinevi.com.tr\/index.php\/wp-json\/wp\/v2\/types\/product"}],"wp:attachment":[{"href":"https:\/\/roveyayinevi.com.tr\/index.php\/wp-json\/wp\/v2\/media?parent=711736"}],"wp:term":[{"taxonomy":"product_brand","embeddable":true,"href":"https:\/\/roveyayinevi.com.tr\/index.php\/wp-json\/wp\/v2\/product_brand?post=711736"},{"taxonomy":"product_cat","embeddable":true,"href":"https:\/\/roveyayinevi.com.tr\/index.php\/wp-json\/wp\/v2\/product_cat?post=711736"},{"taxonomy":"product_tag","embeddable":true,"href":"https:\/\/roveyayinevi.com.tr\/index.php\/wp-json\/wp\/v2\/product_tag?post=711736"}],"curies":[{"name":"wp","href":"https:\/\/api.w.org\/{rel}","templated":true}]}}