{"id":711735,"date":"2025-08-27T16:48:53","date_gmt":"2025-08-27T13:48:53","guid":{"rendered":"https:\/\/roveyayinevi.com.tr\/index.php\/urun\/kayip-kitapliktaki-iskelet-serisi-3-kitap-takim\/"},"modified":"2026-04-16T02:20:30","modified_gmt":"2026-04-15T23:20:30","slug":"kayip-kitapliktaki-iskelet-serisi-3-kitap-takim","status":"publish","type":"product","link":"https:\/\/roveyayinevi.com.tr\/index.php\/urun\/kayip-kitapliktaki-iskelet-serisi-3-kitap-takim\/","title":{"rendered":"Kay\u0131p Kitapl\u0131ktaki \u0130skelet Serisi (3 Kitap Tak\u0131m)"},"content":{"rendered":"<p>\u00c7ocuk edebiyat\u0131m\u0131zda iki yazarl\u0131 roman gelene\u011finin geli\u015fmesinde b\u00fcy\u00fck katk\u0131lar\u0131 bulunan Mavisel Yener ve Ayt\u00fcl Akal\u2019\u0131n, y\u00fcz binlerce okurun haf\u0131zalar\u0131nda yer edinen Kay\u0131p Kitapl\u0131ktaki \u0130skelet Serisi \u00f6zel kutulu setiyle raflarda!D\u00fcnya antolojilerine girmeyi ba\u015faran \u201cKay\u0131p Kitapl\u0131ktaki \u0130skelet\u201d ser\u00fcveni, ge\u00e7mi\u015fi binlerce y\u0131l \u00f6ncesine dayanan Efes\u2019in g\u00fczelliklerini gizemli bir \u00f6yk\u00fcde bulu\u015fturan kurgusuyla okurlar\u0131na, k\u00fclt\u00fcrel miras bilinci, ara\u015ft\u0131rma-sorgulama arzusu ile tarih sevgisi kazand\u0131r\u0131yor. Kay\u0131p Kitapl\u0131ktaki \u0130skelet Serisinde Yer Alan Kitaplar1 &#8211; Kay\u0131p Kitapl\u0131ktaki \u0130skelet2 &#8211; Ya\u015fayan \u00d6l\u00fcler3 &#8211; Fare Saray\u0131 <\/p>\n","protected":false},"excerpt":{"rendered":"<p>\u00c7ocuk edebiyat\u0131m\u0131zda iki yazarl\u0131 roman gelene\u011finin geli\u015fmesinde b\u00fcy\u00fck katk\u0131lar\u0131 bulunan Mavisel Yener ve Ayt\u00fcl Akal\u2019\u0131n, y\u00fcz binlerce okurun haf\u0131zalar\u0131nda yer edinen Kay\u0131p Kitapl\u0131ktaki \u0130skelet Serisi \u00f6zel<span class=\"excerpt-hellip\"> [\u2026]<\/span><\/p>\n","protected":false},"featured_media":0,"template":"","meta":{"_monsterinsights_skip_tracking":false,"_monsterinsights_sitenote_active":false,"_monsterinsights_sitenote_note":"","_monsterinsights_sitenote_category":0},"product_brand":[],"product_cat":[12275,12274],"product_tag":[],"class_list":{"0":"post-711735","1":"product","2":"type-product","3":"status-publish","5":"product_cat-6-12-yas-kitaplari","6":"product_cat-cocuk-ve-genclik-kitaplari","7":"pa_cilt-ciltsiz","8":"pa_tur-kitap","9":"pa_yayinevi-tudem-yayinlari","10":"pa_yazar-mavisel-yener-aytul-akal","12":"first","13":"instock","14":"sale","15":"shipping-taxable","16":"purchasable","17":"product-type-simple"},"_links":{"self":[{"href":"https:\/\/roveyayinevi.com.tr\/index.php\/wp-json\/wp\/v2\/product\/711735","targetHints":{"allow":["GET"]}}],"collection":[{"href":"https:\/\/roveyayinevi.com.tr\/index.php\/wp-json\/wp\/v2\/product"}],"about":[{"href":"https:\/\/roveyayinevi.com.tr\/index.php\/wp-json\/wp\/v2\/types\/product"}],"wp:attachment":[{"href":"https:\/\/roveyayinevi.com.tr\/index.php\/wp-json\/wp\/v2\/media?parent=711735"}],"wp:term":[{"taxonomy":"product_brand","embeddable":true,"href":"https:\/\/roveyayinevi.com.tr\/index.php\/wp-json\/wp\/v2\/product_brand?post=711735"},{"taxonomy":"product_cat","embeddable":true,"href":"https:\/\/roveyayinevi.com.tr\/index.php\/wp-json\/wp\/v2\/product_cat?post=711735"},{"taxonomy":"product_tag","embeddable":true,"href":"https:\/\/roveyayinevi.com.tr\/index.php\/wp-json\/wp\/v2\/product_tag?post=711735"}],"curies":[{"name":"wp","href":"https:\/\/api.w.org\/{rel}","templated":true}]}}