{"id":711734,"date":"2025-08-27T16:48:52","date_gmt":"2025-08-27T13:48:52","guid":{"rendered":"https:\/\/roveyayinevi.com.tr\/index.php\/urun\/ara-alem-uclemesi-3-kitap-takim\/"},"modified":"2026-04-16T02:20:30","modified_gmt":"2026-04-15T23:20:30","slug":"ara-alem-uclemesi-3-kitap-takim","status":"publish","type":"product","link":"https:\/\/roveyayinevi.com.tr\/index.php\/urun\/ara-alem-uclemesi-3-kitap-takim\/","title":{"rendered":"Ara Alem \u00dc\u00e7lemesi (3 Kitap Tak\u0131m)"},"content":{"rendered":"<p>Miyase Sertbarut\u2019un, \u201ctam \u00f6l\u00fcm\u201de ge\u00e7ememi\u015f gen\u00e7 ruhlar\u0131n bu d\u00fcnyayla kurduklar\u0131 ba\u011f \u00fczerine kurgulad\u0131\u011f\u0131 gerilim dolu Ara \u00c2lem \u00dc\u00e7lemesi \u00f6zel kutulu setiyle raflarda!Ara \u00c2lem \u00dc\u00e7lemesi &#8220;\u0130nsan yaln\u0131zca kendi hayat\u0131 i\u00e7in mi var?\u201d, \u201cHayat dedi\u011fimiz \u015fey ortakla\u015fa bir \u00fcretim de\u011fil midir?\u201d gibi sorular ekseninde, okurlar\u0131n\u0131 bilinmezliklerle dolu bir maceraya s\u00fcr\u00fckl\u00fcyor. Ara \u00c2lem \u00dc\u00e7lemesi&#8217;nde Yer Alan KitaplarAra \u00c2lem 1 &#8211; Tarlakoz&#8217;un Tuza\u011f\u0131Ara \u00c2lem 2 &#8211; Yasak OyunAra \u00c2lem 3 &#8211; Yeniden Do\u011fu\u015f <\/p>\n","protected":false},"excerpt":{"rendered":"<p>Miyase Sertbarut\u2019un, \u201ctam \u00f6l\u00fcm\u201de ge\u00e7ememi\u015f gen\u00e7 ruhlar\u0131n bu d\u00fcnyayla kurduklar\u0131 ba\u011f \u00fczerine kurgulad\u0131\u011f\u0131 gerilim dolu Ara \u00c2lem \u00dc\u00e7lemesi \u00f6zel kutulu setiyle raflarda!Ara \u00c2lem \u00dc\u00e7lemesi &#8220;\u0130nsan yaln\u0131zca<span class=\"excerpt-hellip\"> [\u2026]<\/span><\/p>\n","protected":false},"featured_media":0,"template":"","meta":{"_monsterinsights_skip_tracking":false,"_monsterinsights_sitenote_active":false,"_monsterinsights_sitenote_note":"","_monsterinsights_sitenote_category":0},"product_brand":[],"product_cat":[12275,12274],"product_tag":[],"class_list":{"0":"post-711734","1":"product","2":"type-product","3":"status-publish","5":"product_cat-6-12-yas-kitaplari","6":"product_cat-cocuk-ve-genclik-kitaplari","7":"pa_cilt-ciltli","8":"pa_tur-kitap","9":"pa_yayinevi-tudem-yayinlari","10":"pa_yazar-miyase-sertbarut","12":"first","13":"instock","14":"sale","15":"shipping-taxable","16":"purchasable","17":"product-type-simple"},"_links":{"self":[{"href":"https:\/\/roveyayinevi.com.tr\/index.php\/wp-json\/wp\/v2\/product\/711734","targetHints":{"allow":["GET"]}}],"collection":[{"href":"https:\/\/roveyayinevi.com.tr\/index.php\/wp-json\/wp\/v2\/product"}],"about":[{"href":"https:\/\/roveyayinevi.com.tr\/index.php\/wp-json\/wp\/v2\/types\/product"}],"wp:attachment":[{"href":"https:\/\/roveyayinevi.com.tr\/index.php\/wp-json\/wp\/v2\/media?parent=711734"}],"wp:term":[{"taxonomy":"product_brand","embeddable":true,"href":"https:\/\/roveyayinevi.com.tr\/index.php\/wp-json\/wp\/v2\/product_brand?post=711734"},{"taxonomy":"product_cat","embeddable":true,"href":"https:\/\/roveyayinevi.com.tr\/index.php\/wp-json\/wp\/v2\/product_cat?post=711734"},{"taxonomy":"product_tag","embeddable":true,"href":"https:\/\/roveyayinevi.com.tr\/index.php\/wp-json\/wp\/v2\/product_tag?post=711734"}],"curies":[{"name":"wp","href":"https:\/\/api.w.org\/{rel}","templated":true}]}}