{"id":711732,"date":"2025-08-27T16:48:51","date_gmt":"2025-08-27T13:48:51","guid":{"rendered":"https:\/\/roveyayinevi.com.tr\/index.php\/urun\/oyun-takvimi-2018-her-gune-bir-oyun\/"},"modified":"2026-04-16T02:20:30","modified_gmt":"2026-04-15T23:20:30","slug":"oyun-takvimi-2018-her-gune-bir-oyun","status":"publish","type":"product","link":"https:\/\/roveyayinevi.com.tr\/index.php\/urun\/oyun-takvimi-2018-her-gune-bir-oyun\/","title":{"rendered":"Oyun Takvimi 2018 &#8211; Her G\u00fcne Bir Oyun"},"content":{"rendered":"<p>\u00d6n\u00fcm\u00fczde tam 365 g\u00fcn var. 365 muhte\u015fem g\u00fcn.E\u011fer, her g\u00fcnden sadece bir an\u2019\u0131 dondurup saklamam m\u00fcmk\u00fcn olsayd\u0131, yani \u00e7i\u00e7ek kurutur gibi kurutabilseydik e\u011fer zaman\u0131 yada k\u0131\u015fl\u0131k re\u00e7el haz\u0131rlar gibi eritip kavanozlayabilseydik ya da ne bileyim, i\u015flemeli mendillere sar\u0131p kald\u0131rabilseydik; ben her g\u00fcnden, \u00e7ocuklar\u0131m\u0131n g\u00fcld\u00fc\u011f\u00fcn\u00fc g\u00f6rd\u00fc\u011f\u00fcm o an\u0131 al\u0131p saklamak isterdim. Birlikte oynanan bir oyundan, birlikte yap\u0131lan bir sohbetten, birlikte ge\u00e7en bir zamandan sonra kar\u015f\u0131lar\u0131na ge\u00e7ip g\u00f6zlerindeki o bak\u0131\u015flar\u0131 kalbime kaydetti\u011fim anlar\u0131 saklamak isterdim.Bu takvim, b\u00fct\u00fcn bir y\u0131l boyunca bana ve size yard\u0131mc\u0131 olsun diye\u2026 \u00c7ocuklar\u0131m\u0131z\u0131n bizden istedi\u011fi \u015fey asl\u0131nda pahal\u0131 ve renkli oyuncaklar de\u011fil\u2026 \u00c7e\u015fit \u00e7e\u015fit kurslar, oyun alanlar\u0131, aktivite merkezleri, \u00e7izgi filmler vs. de\u011fil\u2026 Asl\u0131nda sadece bize ihtiya\u00e7lar\u0131 var. Birlikte ge\u00e7ecek k\u0131sa ama dopdolu anlara, g\u00f6zg\u00f6ze geldi\u011fimizde kendilerini \u00f6nemli hissettikleri anlara ihtiya\u00e7lar\u0131 var.Her g\u00fcn i\u00e7in bir k\u0131sa mutluluk an\u0131 var bu takvimde. \u00d6nerilerin alt\u0131na iki k\u00fc\u00e7\u00fck kutucuk koyduk. Oynay\u0131nca birlikte gidip i\u015faretleyin. B\u00f6ylece y\u0131ll\u0131k bir performans de\u011ferlendirmesi yapabilirsiniz. Di\u011fer kutucu\u011fa 5 \u00fczerinden puan verebilirsiniz. Sevdi\u011finiz oyunlar\u0131 daha sonra tekrar oynars\u0131n\u0131z b\u00f6ylece. Bu oyunlar\u0131 oynamak ve birlikte gidip i\u015faretlemek keyifli bir rutine d\u00f6n\u00fc\u015febilir evinizde. Yaln\u0131z siz gizlice bir g\u00fcn \u00f6nceden bak\u0131n, ertesi g\u00fcn i\u00e7in haz\u0131rl\u0131k yapman\u0131z gerekiyorsa yap\u0131n.Ve t\u00fcm \u00e7ocuklar ad\u0131na, ufak bir ricam var. Oynamak i\u00e7in oynamay\u0131n. Kendinizi vererek, orada bulunuyor olman\u0131z\u0131n tad\u0131n\u0131 \u00e7\u0131kartarak, e\u011flenerek oynay\u0131n. Anl\u0131yorlar\u2026 <\/p>\n","protected":false},"excerpt":{"rendered":"<p>\u00d6n\u00fcm\u00fczde tam 365 g\u00fcn var. 365 muhte\u015fem g\u00fcn.E\u011fer, her g\u00fcnden sadece bir an\u2019\u0131 dondurup saklamam m\u00fcmk\u00fcn olsayd\u0131, yani \u00e7i\u00e7ek kurutur gibi kurutabilseydik e\u011fer zaman\u0131 yada k\u0131\u015fl\u0131k<span class=\"excerpt-hellip\"> [\u2026]<\/span><\/p>\n","protected":false},"featured_media":0,"template":"","meta":{"_monsterinsights_skip_tracking":false,"_monsterinsights_sitenote_active":false,"_monsterinsights_sitenote_note":"","_monsterinsights_sitenote_category":0},"product_brand":[],"product_cat":[12312,12304],"product_tag":[],"class_list":{"0":"post-711732","1":"product","2":"type-product","3":"status-publish","5":"product_cat-diger","6":"product_cat-tarih","7":"pa_cilt-ciltsiz","8":"pa_tur-kitap","9":"pa_yayinevi-elma-yayinevi","10":"pa_yazar-sermin-yasar","12":"first","13":"instock","14":"sale","15":"shipping-taxable","16":"purchasable","17":"product-type-simple"},"_links":{"self":[{"href":"https:\/\/roveyayinevi.com.tr\/index.php\/wp-json\/wp\/v2\/product\/711732","targetHints":{"allow":["GET"]}}],"collection":[{"href":"https:\/\/roveyayinevi.com.tr\/index.php\/wp-json\/wp\/v2\/product"}],"about":[{"href":"https:\/\/roveyayinevi.com.tr\/index.php\/wp-json\/wp\/v2\/types\/product"}],"wp:attachment":[{"href":"https:\/\/roveyayinevi.com.tr\/index.php\/wp-json\/wp\/v2\/media?parent=711732"}],"wp:term":[{"taxonomy":"product_brand","embeddable":true,"href":"https:\/\/roveyayinevi.com.tr\/index.php\/wp-json\/wp\/v2\/product_brand?post=711732"},{"taxonomy":"product_cat","embeddable":true,"href":"https:\/\/roveyayinevi.com.tr\/index.php\/wp-json\/wp\/v2\/product_cat?post=711732"},{"taxonomy":"product_tag","embeddable":true,"href":"https:\/\/roveyayinevi.com.tr\/index.php\/wp-json\/wp\/v2\/product_tag?post=711732"}],"curies":[{"name":"wp","href":"https:\/\/api.w.org\/{rel}","templated":true}]}}