{"id":711729,"date":"2025-08-27T16:48:50","date_gmt":"2025-08-27T13:48:50","guid":{"rendered":"https:\/\/roveyayinevi.com.tr\/index.php\/urun\/spor-bilimlerine-giris\/"},"modified":"2026-04-16T02:20:30","modified_gmt":"2026-04-15T23:20:30","slug":"spor-bilimlerine-giris","status":"publish","type":"product","link":"https:\/\/roveyayinevi.com.tr\/index.php\/urun\/spor-bilimlerine-giris\/","title":{"rendered":"Spor Bilimlerine Giri\u015f"},"content":{"rendered":"<p>\u0130\u00e7indekiler;1. B\u00f6l\u00fcm Beden E\u011fitimi ve Sporun E\u011fitimsel Temelleri2. B\u00f6l\u00fcm Spor Bilimlerinin Tarihsel Temelleri3. B\u00f6l\u00fcm Sporun Felsefe Temelleri4. B\u00f6l\u00fcm Spor Bilimlerinin Sosyolojik Temelleri5. B\u00f6l\u00fcm Spor Bilimlerinin Psikolojik Temelleri6. B\u00f6l\u00fcm Spor Y\u00f6netim Bilimleri Alan\u01317. B\u00f6l\u00fcm Beden E\u011fitimi ve Spor \u00d6\u011fretmenli\u011fi Alan\u01318. B\u00f6l\u00fcm Sporda Antren\u00f6rl\u00fck Alan\u01319. B\u00f6l\u00fcm Antren\u00f6rl\u00fck E\u011fitimi10. B\u00f6l\u00fcm Sporda Antreman ve Hareketin Temelleri11. B\u00f6l\u00fcm Fiziksel Aktivite, Fiziksel Uygunluk, Egzersiz, Spor ve Sa\u011fl\u0131k \u0130li\u015fkisi12. B\u00f6l\u00fcm Sporda Rekreasyon Alan\u013113. B\u00f6l\u00fcm Sporun Hukuksal Mevzuat Boyutu14. B\u00f6l\u00fcm Sporda Fair Play <\/p>\n","protected":false},"excerpt":{"rendered":"<p>\u0130\u00e7indekiler;1. B\u00f6l\u00fcm Beden E\u011fitimi ve Sporun E\u011fitimsel Temelleri2. B\u00f6l\u00fcm Spor Bilimlerinin Tarihsel Temelleri3. B\u00f6l\u00fcm Sporun Felsefe Temelleri4. B\u00f6l\u00fcm Spor Bilimlerinin Sosyolojik Temelleri5. B\u00f6l\u00fcm Spor Bilimlerinin Psikolojik<span class=\"excerpt-hellip\"> [\u2026]<\/span><\/p>\n","protected":false},"featured_media":0,"template":"","meta":{"_monsterinsights_skip_tracking":false,"_monsterinsights_sitenote_active":false,"_monsterinsights_sitenote_note":"","_monsterinsights_sitenote_category":0},"product_brand":[],"product_cat":[15563,15564],"product_tag":[],"class_list":{"0":"post-711729","1":"product","2":"type-product","3":"status-publish","5":"product_cat-hobi","6":"product_cat-spor","7":"pa_cilt-ciltsiz","8":"pa_tur-kitap","9":"pa_yayinevi-gazi-kitabevi","10":"pa_yazar-hakan-sunay","12":"first","13":"instock","14":"sale","15":"shipping-taxable","16":"purchasable","17":"product-type-simple"},"_links":{"self":[{"href":"https:\/\/roveyayinevi.com.tr\/index.php\/wp-json\/wp\/v2\/product\/711729","targetHints":{"allow":["GET"]}}],"collection":[{"href":"https:\/\/roveyayinevi.com.tr\/index.php\/wp-json\/wp\/v2\/product"}],"about":[{"href":"https:\/\/roveyayinevi.com.tr\/index.php\/wp-json\/wp\/v2\/types\/product"}],"wp:attachment":[{"href":"https:\/\/roveyayinevi.com.tr\/index.php\/wp-json\/wp\/v2\/media?parent=711729"}],"wp:term":[{"taxonomy":"product_brand","embeddable":true,"href":"https:\/\/roveyayinevi.com.tr\/index.php\/wp-json\/wp\/v2\/product_brand?post=711729"},{"taxonomy":"product_cat","embeddable":true,"href":"https:\/\/roveyayinevi.com.tr\/index.php\/wp-json\/wp\/v2\/product_cat?post=711729"},{"taxonomy":"product_tag","embeddable":true,"href":"https:\/\/roveyayinevi.com.tr\/index.php\/wp-json\/wp\/v2\/product_tag?post=711729"}],"curies":[{"name":"wp","href":"https:\/\/api.w.org\/{rel}","templated":true}]}}