{"id":711728,"date":"2025-08-27T16:48:49","date_gmt":"2025-08-27T13:48:49","guid":{"rendered":"https:\/\/roveyayinevi.com.tr\/index.php\/urun\/cilgin-sac\/"},"modified":"2026-04-16T02:20:30","modified_gmt":"2026-04-15T23:20:30","slug":"cilgin-sac","status":"publish","type":"product","link":"https:\/\/roveyayinevi.com.tr\/index.php\/urun\/cilgin-sac\/","title":{"rendered":"\u00c7\u0131lg\u0131n Sa\u00e7"},"content":{"rendered":"<p>Babam\u0131 \u0130ki Japon Bal\u0131\u011f\u0131 \u0130le De\u011fi\u015f Toku\u015f Etti\u011fim G\u00fcn ve Duvarlar\u0131n \u0130\u00e7indeki Kurtlar\u2019\u0131n \u00f6d\u00fcll\u00fc yarat\u0131c\u0131lar\u0131ndan bamba\u015fka bir kitap daha.  Bu seferki kahraman\u0131m\u0131z, sa\u00e7lar\u0131n\u0131 kestirmekten de taramaktan da hi\u00e7 ho\u015flanm\u0131yor. Peki, ona yard\u0131m etmek isteyen arkada\u015f\u0131n\u0131, ne gibi s\u00fcrprizler bekliyor dersiniz? <\/p>\n","protected":false},"excerpt":{"rendered":"<p>Babam\u0131 \u0130ki Japon Bal\u0131\u011f\u0131 \u0130le De\u011fi\u015f Toku\u015f Etti\u011fim G\u00fcn ve Duvarlar\u0131n \u0130\u00e7indeki Kurtlar\u2019\u0131n \u00f6d\u00fcll\u00fc yarat\u0131c\u0131lar\u0131ndan bamba\u015fka bir kitap daha. Bu seferki kahraman\u0131m\u0131z, sa\u00e7lar\u0131n\u0131 kestirmekten de taramaktan<span class=\"excerpt-hellip\"> [\u2026]<\/span><\/p>\n","protected":false},"featured_media":0,"template":"","meta":{"_monsterinsights_skip_tracking":false,"_monsterinsights_sitenote_active":false,"_monsterinsights_sitenote_note":"","_monsterinsights_sitenote_category":0},"product_brand":[],"product_cat":[12274,12284],"product_tag":[],"class_list":{"0":"post-711728","1":"product","2":"type-product","3":"status-publish","5":"product_cat-cocuk-ve-genclik-kitaplari","6":"product_cat-hikayeler","7":"pa_cilt-ciltsiz","8":"pa_tur-kitap","9":"pa_yayinevi-sirtlan-kitap","10":"pa_yazar-neil-gaiman","12":"first","13":"instock","14":"sale","15":"shipping-taxable","16":"purchasable","17":"product-type-simple"},"_links":{"self":[{"href":"https:\/\/roveyayinevi.com.tr\/index.php\/wp-json\/wp\/v2\/product\/711728","targetHints":{"allow":["GET"]}}],"collection":[{"href":"https:\/\/roveyayinevi.com.tr\/index.php\/wp-json\/wp\/v2\/product"}],"about":[{"href":"https:\/\/roveyayinevi.com.tr\/index.php\/wp-json\/wp\/v2\/types\/product"}],"wp:attachment":[{"href":"https:\/\/roveyayinevi.com.tr\/index.php\/wp-json\/wp\/v2\/media?parent=711728"}],"wp:term":[{"taxonomy":"product_brand","embeddable":true,"href":"https:\/\/roveyayinevi.com.tr\/index.php\/wp-json\/wp\/v2\/product_brand?post=711728"},{"taxonomy":"product_cat","embeddable":true,"href":"https:\/\/roveyayinevi.com.tr\/index.php\/wp-json\/wp\/v2\/product_cat?post=711728"},{"taxonomy":"product_tag","embeddable":true,"href":"https:\/\/roveyayinevi.com.tr\/index.php\/wp-json\/wp\/v2\/product_tag?post=711728"}],"curies":[{"name":"wp","href":"https:\/\/api.w.org\/{rel}","templated":true}]}}